{"id":201795,"date":"2025-03-22T13:29:09","date_gmt":"2025-03-22T13:29:09","guid":{"rendered":"https:\/\/aromasentia.com\/product\/bag-of-12-medium-african-tumble-stones-grey-agate-botswana\/"},"modified":"2025-06-22T03:40:14","modified_gmt":"2025-06-22T03:40:14","slug":"mellemstore-afrikanske-sten-graa-agat-botswana-12stk","status":"publish","type":"product","link":"https:\/\/aromasentia.com\/da\/mellemstore-afrikanske-sten-graa-agat-botswana-12stk\/","title":{"rendered":"Mellemstore Afrikanske Sten &#8211; Gr\u00e5 Agat &#8211; Botswana 12Stk."},"content":{"rendered":"<p>Gr\u00e5 agat er en af de mest almindelige varianter af agat. Som navnet antyder, er hovedfarven gr\u00e5 (gr\u00e5bl\u00e5) med mulige indslag af hvidt, brunt og sort. Dette er en af de sten, som du ikke beh\u00f8ver at overbevise dine kunder om &#8211; agat er et mineral, der g\u00f8r det for dig. Det menes, at denne gr\u00e5 agat er beskytter af venlige, retf\u00e6rdige og rimelige mennesker.<\/p>\n<p>St\u00f8rrelse ca: 25 &#8211; 45 [mm]\/ 63 sten pr. 1 kg <\/p>\n<p>.<\/p>\n","protected":false},"excerpt":{"rendered":"<p>Gr\u00e5 agat er en af de mest almindelige varianter af agat. Som navnet antyder, er hovedfarven gr\u00e5 (gr\u00e5bl\u00e5) med mulige indslag af hvidt, brunt og sort. Dette er en af de sten, som du ikke beh\u00f8ver at overbevise dine kunder om &#8211; agat er et mineral, der g\u00f8r det for dig. Det menes, at denne [&hellip;]<\/p>\n","protected":false},"featured_media":330561,"comment_status":"closed","ping_status":"open","template":"","meta":[],"product_brand":[],"product_cat":[25537,6243,25222,6869],"product_tag":[],"class_list":{"0":"post-201795","1":"product","2":"type-product","3":"status-publish","4":"has-post-thumbnail","6":"product_cat-achat","7":"product_cat-esoteriske-gaver","8":"product_cat-krystaller-og-sten","9":"product_cat-lommesten","10":"pa_collection-medium-african-tumble-stones-da","11":"pa_made-in-sydafrika","13":"first","14":"outofstock","15":"purchasable","16":"product-type-simple"},"supplier_id":null,"supplier_sku":"ATumbleM-01","barcode":null,"atum_controlled":true,"out_stock_date":"2025-09-04 21:16:18","out_stock_threshold":null,"inheritable":false,"inbound_stock":null,"stock_on_hold":0,"sold_today":0,"sales_last_days":0,"reserved_stock":null,"customer_returns":null,"warehouse_damage":null,"lost_in_post":null,"other_logs":null,"out_stock_days":34,"lost_sales":0,"has_location":null,"update_date":"2026-02-11T17:30:46","atum_locations":[],"atum_stock_status":"outofstock","restock_status":false,"low_stock_amount":"","sales_update_date":"2025-10-09T03:23:56","calc_backorders":null,"_links":{"self":[{"href":"https:\/\/aromasentia.com\/da\/wp-json\/wp\/v2\/product\/201795","targetHints":{"allow":["GET"]}}],"collection":[{"href":"https:\/\/aromasentia.com\/da\/wp-json\/wp\/v2\/product"}],"about":[{"href":"https:\/\/aromasentia.com\/da\/wp-json\/wp\/v2\/types\/product"}],"replies":[{"embeddable":true,"href":"https:\/\/aromasentia.com\/da\/wp-json\/wp\/v2\/comments?post=201795"}],"version-history":[{"count":0,"href":"https:\/\/aromasentia.com\/da\/wp-json\/wp\/v2\/product\/201795\/revisions"}],"wp:featuredmedia":[{"embeddable":true,"href":"https:\/\/aromasentia.com\/da\/wp-json\/wp\/v2\/media\/330561"}],"wp:attachment":[{"href":"https:\/\/aromasentia.com\/da\/wp-json\/wp\/v2\/media?parent=201795"}],"wp:term":[{"taxonomy":"product_brand","embeddable":true,"href":"https:\/\/aromasentia.com\/da\/wp-json\/wp\/v2\/product_brand?post=201795"},{"taxonomy":"product_cat","embeddable":true,"href":"https:\/\/aromasentia.com\/da\/wp-json\/wp\/v2\/product_cat?post=201795"},{"taxonomy":"product_tag","embeddable":true,"href":"https:\/\/aromasentia.com\/da\/wp-json\/wp\/v2\/product_tag?post=201795"}],"curies":[{"name":"wp","href":"https:\/\/api.w.org\/{rel}","templated":true}]}}