{"id":201787,"date":"2025-03-22T13:29:09","date_gmt":"2025-03-22T13:29:09","guid":{"rendered":"https:\/\/aromasentia.com\/product\/bag-of-6-large-african-tumble-stones-jasper-red\/"},"modified":"2025-06-22T03:40:10","modified_gmt":"2025-06-22T03:40:10","slug":"store-afrikanske-sten-jaspis-roed-6stk","status":"publish","type":"product","link":"https:\/\/aromasentia.com\/da\/store-afrikanske-sten-jaspis-roed-6stk\/","title":{"rendered":"Store Afrikanske Sten &#8211; Jaspis &#8211; R\u00f8d 6Stk."},"content":{"rendered":"<p>R\u00f8d jaspis er en kompakt og finkornet sediment\u00e6r bjergart dannet af kalcedon og kvarts i varierende m\u00e6ngder. Den har en r\u00f8d, varm farve og farverige striber p\u00e5 overfladen. R\u00f8d jaspis er kendt som udholdenhedens sten, der giver styrke og fysisk energi.<\/p>\n<p>St\u00f8rrelse ca: 30 &#8211; 50 [mm]\/ 33 sten pr. 1 kg <\/p>\n<p>.<\/p>\n","protected":false},"excerpt":{"rendered":"<p>R\u00f8d jaspis er en kompakt og finkornet sediment\u00e6r bjergart dannet af kalcedon og kvarts i varierende m\u00e6ngder. Den har en r\u00f8d, varm farve og farverige striber p\u00e5 overfladen. R\u00f8d jaspis er kendt som udholdenhedens sten, der giver styrke og fysisk energi. St\u00f8rrelse ca: 30 &#8211; 50 [mm]\/ 33 sten pr. 1 kg .<\/p>\n","protected":false},"featured_media":330417,"comment_status":"closed","ping_status":"open","template":"","meta":{"_angie_page":false},"product_brand":[],"product_cat":[6243,25641,25222,6869],"product_tag":[],"class_list":{"0":"post-201787","1":"product","2":"type-product","3":"status-publish","4":"has-post-thumbnail","6":"product_cat-esoteriske-gaver","7":"product_cat-jaspis","8":"product_cat-krystaller-og-sten","9":"product_cat-lommesten","10":"pa_collection-large-african-tumble-stones-da","11":"pa_made-in-sydafrika","13":"first","14":"instock","15":"purchasable","16":"product-type-simple"},"supplier_id":null,"supplier_sku":"ATumbleL-14","barcode":null,"atum_controlled":true,"out_stock_date":null,"out_stock_threshold":null,"inheritable":false,"inbound_stock":null,"stock_on_hold":0,"sold_today":0,"sales_last_days":0,"reserved_stock":null,"customer_returns":null,"warehouse_damage":null,"lost_in_post":null,"other_logs":null,"out_stock_days":0,"lost_sales":0,"has_location":null,"update_date":"2026-04-27T06:51:26","atum_locations":[],"atum_stock_status":"instock","restock_status":false,"low_stock_amount":"","sales_update_date":"2026-02-06T00:02:35","calc_backorders":null,"_links":{"self":[{"href":"https:\/\/aromasentia.com\/da\/wp-json\/wp\/v2\/product\/201787","targetHints":{"allow":["GET"]}}],"collection":[{"href":"https:\/\/aromasentia.com\/da\/wp-json\/wp\/v2\/product"}],"about":[{"href":"https:\/\/aromasentia.com\/da\/wp-json\/wp\/v2\/types\/product"}],"replies":[{"embeddable":true,"href":"https:\/\/aromasentia.com\/da\/wp-json\/wp\/v2\/comments?post=201787"}],"version-history":[{"count":0,"href":"https:\/\/aromasentia.com\/da\/wp-json\/wp\/v2\/product\/201787\/revisions"}],"wp:featuredmedia":[{"embeddable":true,"href":"https:\/\/aromasentia.com\/da\/wp-json\/wp\/v2\/media\/330417"}],"wp:attachment":[{"href":"https:\/\/aromasentia.com\/da\/wp-json\/wp\/v2\/media?parent=201787"}],"wp:term":[{"taxonomy":"product_brand","embeddable":true,"href":"https:\/\/aromasentia.com\/da\/wp-json\/wp\/v2\/product_brand?post=201787"},{"taxonomy":"product_cat","embeddable":true,"href":"https:\/\/aromasentia.com\/da\/wp-json\/wp\/v2\/product_cat?post=201787"},{"taxonomy":"product_tag","embeddable":true,"href":"https:\/\/aromasentia.com\/da\/wp-json\/wp\/v2\/product_tag?post=201787"}],"curies":[{"name":"wp","href":"https:\/\/api.w.org\/{rel}","templated":true}]}}