{"id":201785,"date":"2025-03-22T13:29:09","date_gmt":"2025-03-22T13:29:09","guid":{"rendered":"https:\/\/aromasentia.com\/product\/bag-of-6-large-african-tumble-stones-unakite\/"},"modified":"2025-06-22T03:40:10","modified_gmt":"2025-06-22T03:40:10","slug":"store-afrikanske-sten-unakite-6stk","status":"publish","type":"product","link":"https:\/\/aromasentia.com\/da\/store-afrikanske-sten-unakite-6stk\/","title":{"rendered":"Store Afrikanske Sten &#8211; Unakite 6Stk."},"content":{"rendered":"<p>Unakit er egentlig ikke et mineral, men en metamorf bjergart af granit &#8211; den er resultatet af hydrotermiske omdannelser. Denne bjergart best\u00e5r af epidot, orthoklas og kvarts. Dens charme ligger i naturligheden og bl\u00f8dheden i dens farver.<\/p>\n<p>St\u00f8rrelse ca: 30 &#8211; 50 [mm]\/ 33 sten pr. 1 kg <\/p>\n","protected":false},"excerpt":{"rendered":"<p>Unakit er egentlig ikke et mineral, men en metamorf bjergart af granit &#8211; den er resultatet af hydrotermiske omdannelser. Denne bjergart best\u00e5r af epidot, orthoklas og kvarts. Dens charme ligger i naturligheden og bl\u00f8dheden i dens farver. St\u00f8rrelse ca: 30 &#8211; 50 [mm]\/ 33 sten pr. 1 kg<\/p>\n","protected":false},"featured_media":330383,"comment_status":"closed","ping_status":"open","template":"","meta":{"_angie_page":false},"product_brand":[],"product_cat":[6243,6869],"product_tag":[],"class_list":{"0":"post-201785","1":"product","2":"type-product","3":"status-publish","4":"has-post-thumbnail","6":"product_cat-esoteriske-gaver","7":"product_cat-lommesten","8":"pa_collection-large-african-tumble-stones-da","9":"pa_made-in-sydafrika","11":"first","12":"instock","13":"purchasable","14":"product-type-simple"},"supplier_id":null,"supplier_sku":"ATumbleL-11","barcode":null,"atum_controlled":true,"out_stock_date":null,"out_stock_threshold":null,"inheritable":false,"inbound_stock":null,"stock_on_hold":0,"sold_today":0,"sales_last_days":0,"reserved_stock":null,"customer_returns":null,"warehouse_damage":null,"lost_in_post":null,"other_logs":null,"out_stock_days":0,"lost_sales":0,"has_location":null,"update_date":"2026-04-27T06:51:26","atum_locations":[],"atum_stock_status":"instock","restock_status":false,"low_stock_amount":"","sales_update_date":"2026-01-30T01:26:32","calc_backorders":null,"_links":{"self":[{"href":"https:\/\/aromasentia.com\/da\/wp-json\/wp\/v2\/product\/201785","targetHints":{"allow":["GET"]}}],"collection":[{"href":"https:\/\/aromasentia.com\/da\/wp-json\/wp\/v2\/product"}],"about":[{"href":"https:\/\/aromasentia.com\/da\/wp-json\/wp\/v2\/types\/product"}],"replies":[{"embeddable":true,"href":"https:\/\/aromasentia.com\/da\/wp-json\/wp\/v2\/comments?post=201785"}],"version-history":[{"count":0,"href":"https:\/\/aromasentia.com\/da\/wp-json\/wp\/v2\/product\/201785\/revisions"}],"wp:featuredmedia":[{"embeddable":true,"href":"https:\/\/aromasentia.com\/da\/wp-json\/wp\/v2\/media\/330383"}],"wp:attachment":[{"href":"https:\/\/aromasentia.com\/da\/wp-json\/wp\/v2\/media?parent=201785"}],"wp:term":[{"taxonomy":"product_brand","embeddable":true,"href":"https:\/\/aromasentia.com\/da\/wp-json\/wp\/v2\/product_brand?post=201785"},{"taxonomy":"product_cat","embeddable":true,"href":"https:\/\/aromasentia.com\/da\/wp-json\/wp\/v2\/product_cat?post=201785"},{"taxonomy":"product_tag","embeddable":true,"href":"https:\/\/aromasentia.com\/da\/wp-json\/wp\/v2\/product_tag?post=201785"}],"curies":[{"name":"wp","href":"https:\/\/api.w.org\/{rel}","templated":true}]}}