{"id":201774,"date":"2025-03-22T13:29:09","date_gmt":"2025-03-22T13:29:09","guid":{"rendered":"https:\/\/aromasentia.com\/product\/esoteric-fringed-altar-cloth-moon-sun-chart\/"},"modified":"2025-06-22T03:40:03","modified_gmt":"2025-06-22T03:40:03","slug":"esoterisk-dug-med-frynser-maane-og-solkort","status":"publish","type":"product","link":"https:\/\/aromasentia.com\/da\/esoterisk-dug-med-frynser-maane-og-solkort\/","title":{"rendered":"Esoterisk Dug med Frynser &#8211; m\u00e5ne- Og Solkort"},"content":{"rendered":"<p>Harmoniser med kosmiske energier ved hj\u00e6lp af denne Esoteric Fringed Altar Cloth &#8211; Moon &#038; Sun Chart. Denne f\u00e6ngslende alterdug viser astrologiske eller symbolske diagrammer over m\u00e5nen og solen, som repr\u00e6senterer dualitet, cyklusser og himmelske indflydelser. Den frynsede kant tilf\u00f8jer et strejf af traditionel mystik. Ideel til astrologisk arbejde, \u00e5rstidsbestemte ritualer eller til at skabe et helligt rum, der \u00e6rer kosmos&#8217; rytmer og samspillet mellem maskuline og feminine energier.<\/p>\n","protected":false},"excerpt":{"rendered":"<p>Harmoniser med kosmiske energier ved hj\u00e6lp af denne Esoteric Fringed Altar Cloth &#8211; Moon &#038; Sun Chart. Denne f\u00e6ngslende alterdug viser astrologiske eller symbolske diagrammer over m\u00e5nen og solen, som repr\u00e6senterer dualitet, cyklusser og himmelske indflydelser. Den frynsede kant tilf\u00f8jer et strejf af traditionel mystik. Ideel til astrologisk arbejde, \u00e5rstidsbestemte ritualer eller til at skabe [&hellip;]<\/p>\n","protected":false},"featured_media":330188,"comment_status":"closed","ping_status":"open","template":"","meta":{"_angie_page":false},"product_brand":[],"product_cat":[5591,6852],"product_tag":[],"class_list":{"0":"post-201774","1":"product","2":"type-product","3":"status-publish","4":"has-post-thumbnail","6":"product_cat-hjem-og-have","7":"product_cat-syngeskale-og-klokker","8":"pa_collection-esoteric-altar-cloth-da","9":"pa_made-in-indien","11":"first","12":"instock","13":"purchasable","14":"product-type-simple"},"supplier_id":null,"supplier_sku":"AltC-04","barcode":null,"atum_controlled":true,"out_stock_date":null,"out_stock_threshold":null,"inheritable":false,"inbound_stock":null,"stock_on_hold":0,"sold_today":0,"sales_last_days":0,"reserved_stock":null,"customer_returns":null,"warehouse_damage":null,"lost_in_post":null,"other_logs":null,"out_stock_days":0,"lost_sales":0,"has_location":null,"update_date":"2026-04-27T06:50:18","atum_locations":[],"atum_stock_status":"instock","restock_status":false,"low_stock_amount":"","sales_update_date":"2025-10-09T03:23:13","calc_backorders":null,"_links":{"self":[{"href":"https:\/\/aromasentia.com\/da\/wp-json\/wp\/v2\/product\/201774","targetHints":{"allow":["GET"]}}],"collection":[{"href":"https:\/\/aromasentia.com\/da\/wp-json\/wp\/v2\/product"}],"about":[{"href":"https:\/\/aromasentia.com\/da\/wp-json\/wp\/v2\/types\/product"}],"replies":[{"embeddable":true,"href":"https:\/\/aromasentia.com\/da\/wp-json\/wp\/v2\/comments?post=201774"}],"version-history":[{"count":0,"href":"https:\/\/aromasentia.com\/da\/wp-json\/wp\/v2\/product\/201774\/revisions"}],"wp:featuredmedia":[{"embeddable":true,"href":"https:\/\/aromasentia.com\/da\/wp-json\/wp\/v2\/media\/330188"}],"wp:attachment":[{"href":"https:\/\/aromasentia.com\/da\/wp-json\/wp\/v2\/media?parent=201774"}],"wp:term":[{"taxonomy":"product_brand","embeddable":true,"href":"https:\/\/aromasentia.com\/da\/wp-json\/wp\/v2\/product_brand?post=201774"},{"taxonomy":"product_cat","embeddable":true,"href":"https:\/\/aromasentia.com\/da\/wp-json\/wp\/v2\/product_cat?post=201774"},{"taxonomy":"product_tag","embeddable":true,"href":"https:\/\/aromasentia.com\/da\/wp-json\/wp\/v2\/product_tag?post=201774"}],"curies":[{"name":"wp","href":"https:\/\/api.w.org\/{rel}","templated":true}]}}