{"id":201773,"date":"2025-03-22T13:29:09","date_gmt":"2025-03-22T13:29:09","guid":{"rendered":"https:\/\/aromasentia.com\/product\/esoteric-fringed-altar-cloth-life-death-rebirth\/"},"modified":"2025-06-22T03:40:03","modified_gmt":"2025-06-22T03:40:03","slug":"esoterisk-dug-med-frynser-liv-doed-genfoedsel","status":"publish","type":"product","link":"https:\/\/aromasentia.com\/da\/esoterisk-dug-med-frynser-liv-doed-genfoedsel\/","title":{"rendered":"Esoterisk Dug med Frynser &#8211; Liv D\u00f8d Genf\u00f8dsel"},"content":{"rendered":"<p>Overvej eksistensens cyklusser med denne esoteriske alterdug med frynser &#8211; Life Death Rebirth. Denne dybe alterdug har symbolske fremstillinger af den evige cyklus af liv, d\u00f8d og genf\u00f8dsel, et kernebegreb i mange spirituelle og esoteriske traditioner. De frynsede kanter forst\u00e6rker den ceremonielle fornemmelse. Den er perfekt til meditation, forf\u00e6dres arbejde eller ritualer med fokus p\u00e5 transformation og fornyelse, og den giver et st\u00e6rkt visuelt fokus til at forst\u00e5 livets kontinuerlige udfoldelse.<\/p>\n","protected":false},"excerpt":{"rendered":"<p>Overvej eksistensens cyklusser med denne esoteriske alterdug med frynser &#8211; Life Death Rebirth. Denne dybe alterdug har symbolske fremstillinger af den evige cyklus af liv, d\u00f8d og genf\u00f8dsel, et kernebegreb i mange spirituelle og esoteriske traditioner. De frynsede kanter forst\u00e6rker den ceremonielle fornemmelse. Den er perfekt til meditation, forf\u00e6dres arbejde eller ritualer med fokus p\u00e5 [&hellip;]<\/p>\n","protected":false},"featured_media":330163,"comment_status":"closed","ping_status":"open","template":"","meta":[],"product_brand":[],"product_cat":[5591,6852],"product_tag":[],"class_list":{"0":"post-201773","1":"product","2":"type-product","3":"status-publish","4":"has-post-thumbnail","6":"product_cat-hjem-og-have","7":"product_cat-syngeskale-og-klokker","8":"pa_collection-esoteric-altar-cloth-da","9":"pa_made-in-indien","11":"first","12":"instock","13":"purchasable","14":"product-type-simple"},"supplier_id":null,"supplier_sku":"AltC-03","barcode":null,"atum_controlled":true,"out_stock_date":null,"out_stock_threshold":null,"inheritable":false,"inbound_stock":null,"stock_on_hold":0,"sold_today":0,"sales_last_days":0,"reserved_stock":null,"customer_returns":null,"warehouse_damage":null,"lost_in_post":null,"other_logs":null,"out_stock_days":0,"lost_sales":0,"has_location":null,"update_date":"2026-02-05T22:37:34","atum_locations":[],"atum_stock_status":"instock","restock_status":false,"low_stock_amount":"","sales_update_date":"2025-10-09T03:23:13","calc_backorders":null,"_links":{"self":[{"href":"https:\/\/aromasentia.com\/da\/wp-json\/wp\/v2\/product\/201773","targetHints":{"allow":["GET"]}}],"collection":[{"href":"https:\/\/aromasentia.com\/da\/wp-json\/wp\/v2\/product"}],"about":[{"href":"https:\/\/aromasentia.com\/da\/wp-json\/wp\/v2\/types\/product"}],"replies":[{"embeddable":true,"href":"https:\/\/aromasentia.com\/da\/wp-json\/wp\/v2\/comments?post=201773"}],"version-history":[{"count":0,"href":"https:\/\/aromasentia.com\/da\/wp-json\/wp\/v2\/product\/201773\/revisions"}],"wp:featuredmedia":[{"embeddable":true,"href":"https:\/\/aromasentia.com\/da\/wp-json\/wp\/v2\/media\/330163"}],"wp:attachment":[{"href":"https:\/\/aromasentia.com\/da\/wp-json\/wp\/v2\/media?parent=201773"}],"wp:term":[{"taxonomy":"product_brand","embeddable":true,"href":"https:\/\/aromasentia.com\/da\/wp-json\/wp\/v2\/product_brand?post=201773"},{"taxonomy":"product_cat","embeddable":true,"href":"https:\/\/aromasentia.com\/da\/wp-json\/wp\/v2\/product_cat?post=201773"},{"taxonomy":"product_tag","embeddable":true,"href":"https:\/\/aromasentia.com\/da\/wp-json\/wp\/v2\/product_tag?post=201773"}],"curies":[{"name":"wp","href":"https:\/\/api.w.org\/{rel}","templated":true}]}}