{"id":201772,"date":"2025-03-22T13:29:09","date_gmt":"2025-03-22T13:29:09","guid":{"rendered":"https:\/\/aromasentia.com\/product\/esoteric-fringed-altar-cloth-earth-mother\/"},"modified":"2025-06-22T03:40:03","modified_gmt":"2025-06-22T03:40:03","slug":"esoterisk-dug-med-frynser-jordens-moder","status":"publish","type":"product","link":"https:\/\/aromasentia.com\/da\/esoterisk-dug-med-frynser-jordens-moder\/","title":{"rendered":"Esoterisk Dug med Frynser &#8211; Jordens moder"},"content":{"rendered":"<p>Kom i kontakt med det guddommelige feminine ved hj\u00e6lp af denne esoteriske alterdug med frynser &#8211; Earth Mother. Denne alterdug er smukt udsmykket med billeder eller symbolik, der repr\u00e6senterer arketypen Jordmoderen &#8211; som repr\u00e6senterer n\u00e6ring, frugtbarhed, overflod og naturens jordforbindelse. De frynsede detaljer giver et klassisk touch. Ideel til ritualer til \u00e6re for jorden, gudinder eller til at skabe et helligt rum dedikeret til v\u00e6kst, jordforbindelse og de livgivende kr\u00e6fter i det feminine princip.<\/p>\n","protected":false},"excerpt":{"rendered":"<p>Kom i kontakt med det guddommelige feminine ved hj\u00e6lp af denne esoteriske alterdug med frynser &#8211; Earth Mother. Denne alterdug er smukt udsmykket med billeder eller symbolik, der repr\u00e6senterer arketypen Jordmoderen &#8211; som repr\u00e6senterer n\u00e6ring, frugtbarhed, overflod og naturens jordforbindelse. De frynsede detaljer giver et klassisk touch. Ideel til ritualer til \u00e6re for jorden, gudinder [&hellip;]<\/p>\n","protected":false},"featured_media":330146,"comment_status":"closed","ping_status":"open","template":"","meta":{"_angie_page":false},"product_brand":[],"product_cat":[5591,6852],"product_tag":[],"class_list":{"0":"post-201772","1":"product","2":"type-product","3":"status-publish","4":"has-post-thumbnail","6":"product_cat-hjem-og-have","7":"product_cat-syngeskale-og-klokker","8":"pa_collection-esoteric-altar-cloth-da","9":"pa_made-in-indien","11":"first","12":"instock","13":"purchasable","14":"product-type-simple"},"supplier_id":null,"supplier_sku":"AltC-02","barcode":null,"atum_controlled":true,"out_stock_date":null,"out_stock_threshold":null,"inheritable":false,"inbound_stock":null,"stock_on_hold":0,"sold_today":0,"sales_last_days":0,"reserved_stock":null,"customer_returns":null,"warehouse_damage":null,"lost_in_post":null,"other_logs":null,"out_stock_days":0,"lost_sales":0,"has_location":null,"update_date":"2026-04-27T06:50:18","atum_locations":[],"atum_stock_status":"instock","restock_status":false,"low_stock_amount":"","sales_update_date":"2025-10-09T03:23:13","calc_backorders":null,"_links":{"self":[{"href":"https:\/\/aromasentia.com\/da\/wp-json\/wp\/v2\/product\/201772","targetHints":{"allow":["GET"]}}],"collection":[{"href":"https:\/\/aromasentia.com\/da\/wp-json\/wp\/v2\/product"}],"about":[{"href":"https:\/\/aromasentia.com\/da\/wp-json\/wp\/v2\/types\/product"}],"replies":[{"embeddable":true,"href":"https:\/\/aromasentia.com\/da\/wp-json\/wp\/v2\/comments?post=201772"}],"version-history":[{"count":0,"href":"https:\/\/aromasentia.com\/da\/wp-json\/wp\/v2\/product\/201772\/revisions"}],"wp:featuredmedia":[{"embeddable":true,"href":"https:\/\/aromasentia.com\/da\/wp-json\/wp\/v2\/media\/330146"}],"wp:attachment":[{"href":"https:\/\/aromasentia.com\/da\/wp-json\/wp\/v2\/media?parent=201772"}],"wp:term":[{"taxonomy":"product_brand","embeddable":true,"href":"https:\/\/aromasentia.com\/da\/wp-json\/wp\/v2\/product_brand?post=201772"},{"taxonomy":"product_cat","embeddable":true,"href":"https:\/\/aromasentia.com\/da\/wp-json\/wp\/v2\/product_cat?post=201772"},{"taxonomy":"product_tag","embeddable":true,"href":"https:\/\/aromasentia.com\/da\/wp-json\/wp\/v2\/product_tag?post=201772"}],"curies":[{"name":"wp","href":"https:\/\/api.w.org\/{rel}","templated":true}]}}