{"id":201771,"date":"2025-03-22T13:29:09","date_gmt":"2025-03-22T13:29:09","guid":{"rendered":"https:\/\/aromasentia.com\/product\/esoteric-fringed-altar-cloth-pentagon\/"},"modified":"2025-06-22T03:40:02","modified_gmt":"2025-06-22T03:40:02","slug":"esoterisk-dug-med-frynser-pentagon","status":"publish","type":"product","link":"https:\/\/aromasentia.com\/da\/esoterisk-dug-med-frynser-pentagon\/","title":{"rendered":"Esoterisk Dug med Frynser &#8211; Pentagon"},"content":{"rendered":"<p>Pryd dit hellige rum med denne esoteriske alterdug med frynser &#8211; Pentagon. Denne smukt udformede alterdug har et centralt femkant- eller pentagramdesign, et kraftfuldt symbol i mange esoteriske traditioner, der repr\u00e6senterer de fem elementer, beskyttelse eller \u00e5ndelig str\u00e6ben. De frynsede kanter tilf\u00f8jer et strejf af traditionel ceremoniel elegance. Den er perfekt til at skabe et fokuseret og indviet rum til ritualer, meditation eller sp\u00e5dom, og den forst\u00e6rker energien og intentionen i din praksis.<\/p>\n","protected":false},"excerpt":{"rendered":"<p>Pryd dit hellige rum med denne esoteriske alterdug med frynser &#8211; Pentagon. Denne smukt udformede alterdug har et centralt femkant- eller pentagramdesign, et kraftfuldt symbol i mange esoteriske traditioner, der repr\u00e6senterer de fem elementer, beskyttelse eller \u00e5ndelig str\u00e6ben. De frynsede kanter tilf\u00f8jer et strejf af traditionel ceremoniel elegance. Den er perfekt til at skabe et [&hellip;]<\/p>\n","protected":false},"featured_media":330121,"comment_status":"closed","ping_status":"open","template":"","meta":[],"product_brand":[],"product_cat":[5591,6852],"product_tag":[],"class_list":{"0":"post-201771","1":"product","2":"type-product","3":"status-publish","4":"has-post-thumbnail","6":"product_cat-hjem-og-have","7":"product_cat-syngeskale-og-klokker","8":"pa_collection-esoteric-altar-cloth-da","9":"pa_made-in-indien","11":"first","12":"instock","13":"purchasable","14":"product-type-simple"},"supplier_id":null,"supplier_sku":"AltC-01","barcode":null,"atum_controlled":true,"out_stock_date":null,"out_stock_threshold":null,"inheritable":false,"inbound_stock":null,"stock_on_hold":0,"sold_today":0,"sales_last_days":0,"reserved_stock":null,"customer_returns":null,"warehouse_damage":null,"lost_in_post":null,"other_logs":null,"out_stock_days":0,"lost_sales":0,"has_location":null,"update_date":"2026-02-11T18:09:15","atum_locations":[],"atum_stock_status":"instock","restock_status":false,"low_stock_amount":"","sales_update_date":"2025-10-09T03:23:13","calc_backorders":null,"_links":{"self":[{"href":"https:\/\/aromasentia.com\/da\/wp-json\/wp\/v2\/product\/201771","targetHints":{"allow":["GET"]}}],"collection":[{"href":"https:\/\/aromasentia.com\/da\/wp-json\/wp\/v2\/product"}],"about":[{"href":"https:\/\/aromasentia.com\/da\/wp-json\/wp\/v2\/types\/product"}],"replies":[{"embeddable":true,"href":"https:\/\/aromasentia.com\/da\/wp-json\/wp\/v2\/comments?post=201771"}],"version-history":[{"count":0,"href":"https:\/\/aromasentia.com\/da\/wp-json\/wp\/v2\/product\/201771\/revisions"}],"wp:featuredmedia":[{"embeddable":true,"href":"https:\/\/aromasentia.com\/da\/wp-json\/wp\/v2\/media\/330121"}],"wp:attachment":[{"href":"https:\/\/aromasentia.com\/da\/wp-json\/wp\/v2\/media?parent=201771"}],"wp:term":[{"taxonomy":"product_brand","embeddable":true,"href":"https:\/\/aromasentia.com\/da\/wp-json\/wp\/v2\/product_brand?post=201771"},{"taxonomy":"product_cat","embeddable":true,"href":"https:\/\/aromasentia.com\/da\/wp-json\/wp\/v2\/product_cat?post=201771"},{"taxonomy":"product_tag","embeddable":true,"href":"https:\/\/aromasentia.com\/da\/wp-json\/wp\/v2\/product_tag?post=201771"}],"curies":[{"name":"wp","href":"https:\/\/api.w.org\/{rel}","templated":true}]}}