{"id":201770,"date":"2025-03-22T13:29:09","date_gmt":"2025-03-22T13:29:09","guid":{"rendered":"https:\/\/aromasentia.com\/product\/lrg-gemstone-tree-rock-quartz-on-black-agate-base-100-stones\/"},"modified":"2025-06-22T03:40:02","modified_gmt":"2025-06-22T03:40:02","slug":"stor-tree-klippekvarts-paa-sort-agatbase-100-sten","status":"publish","type":"product","link":"https:\/\/aromasentia.com\/da\/stor-tree-klippekvarts-paa-sort-agatbase-100-sten\/","title":{"rendered":"Stor Tree &#8211; Klippekvarts P\u00e5 Sort Agatbase (100 Sten)"},"content":{"rendered":"<p><span style=\"color: rgb(75, 80, 88);\"><strong>Disse bem\u00e6rkelsesv\u00e6rdige kreationer er en symfoni af farver, energi og stil, der virkelig vil begejstre dine kunder.<\/strong> Hvert \u00e6delstenstr\u00e6 er fremstillet med omhu og kunstnerisk finesse og er designet til b\u00e5de at gl\u00e6de \u00f8jet og harmonisere dit rum.<\/span><\/p>\n<p><span style=\"color: rgb(75, 80, 88);\"><strong>Det store \u00e6delstenstr\u00e6 af stenkvarts<\/strong>, prydet med 100 stenkvartssten, symboliserer renhed og klarhed i stor skala, renser og justerer dit butikslokale med positiv energi.<\/span> <\/p>\n<p><span style=\"color: rgb(75, 80, 88);\">Grenene p\u00e5 disse tr\u00e6er er lavet af fleksibel metaltr\u00e5d, s\u00e5 kunderne kan justere dem efter deres smag og skabe et dynamisk og unikt display. Du vil blive tiltrukket af disse uds\u00f8gte stykker, der forener \u00e6stetik med heling og transformation.<\/span><\/p>\n<p><span style=\"color: rgb(75, 80, 88);\"><strong>M\u00e5l:<\/strong><\/span><\/p>\n<p><span style=\"color: rgb(75, 80, 88);\">9 x 5 x 13 cm<\/span><\/p>\n","protected":false},"excerpt":{"rendered":"<p>Disse bem\u00e6rkelsesv\u00e6rdige kreationer er en symfoni af farver, energi og stil, der virkelig vil begejstre dine kunder. Hvert \u00e6delstenstr\u00e6 er fremstillet med omhu og kunstnerisk finesse og er designet til b\u00e5de at gl\u00e6de \u00f8jet og harmonisere dit rum. Det store \u00e6delstenstr\u00e6 af stenkvarts, prydet med 100 stenkvartssten, symboliserer renhed og klarhed i stor skala, renser [&hellip;]<\/p>\n","protected":false},"featured_media":330096,"comment_status":"closed","ping_status":"open","template":"","meta":[],"product_brand":[],"product_cat":[25537,6950,6243,25222,25736],"product_tag":[],"class_list":{"0":"post-201770","1":"product","2":"type-product","3":"status-publish","4":"has-post-thumbnail","6":"product_cat-achat","7":"product_cat-aedelstens-smykker-og-accessories","8":"product_cat-esoteriske-gaver","9":"product_cat-krystaller-og-sten","10":"product_cat-kvarts","11":"pa_collection-gemstone-trees-with-agate-base-da","12":"pa_made-in-indien","14":"first","15":"instock","16":"purchasable","17":"product-type-simple"},"supplier_id":null,"supplier_sku":"AGemT-12","barcode":null,"atum_controlled":true,"out_stock_date":null,"out_stock_threshold":null,"inheritable":false,"inbound_stock":null,"stock_on_hold":0,"sold_today":0,"sales_last_days":0,"reserved_stock":null,"customer_returns":null,"warehouse_damage":null,"lost_in_post":null,"other_logs":null,"out_stock_days":0,"lost_sales":0,"has_location":null,"update_date":"2026-02-10T16:26:25","atum_locations":[],"atum_stock_status":"instock","restock_status":false,"low_stock_amount":"","sales_update_date":"2025-10-09T03:22:56","calc_backorders":null,"_links":{"self":[{"href":"https:\/\/aromasentia.com\/da\/wp-json\/wp\/v2\/product\/201770","targetHints":{"allow":["GET"]}}],"collection":[{"href":"https:\/\/aromasentia.com\/da\/wp-json\/wp\/v2\/product"}],"about":[{"href":"https:\/\/aromasentia.com\/da\/wp-json\/wp\/v2\/types\/product"}],"replies":[{"embeddable":true,"href":"https:\/\/aromasentia.com\/da\/wp-json\/wp\/v2\/comments?post=201770"}],"version-history":[{"count":0,"href":"https:\/\/aromasentia.com\/da\/wp-json\/wp\/v2\/product\/201770\/revisions"}],"wp:featuredmedia":[{"embeddable":true,"href":"https:\/\/aromasentia.com\/da\/wp-json\/wp\/v2\/media\/330096"}],"wp:attachment":[{"href":"https:\/\/aromasentia.com\/da\/wp-json\/wp\/v2\/media?parent=201770"}],"wp:term":[{"taxonomy":"product_brand","embeddable":true,"href":"https:\/\/aromasentia.com\/da\/wp-json\/wp\/v2\/product_brand?post=201770"},{"taxonomy":"product_cat","embeddable":true,"href":"https:\/\/aromasentia.com\/da\/wp-json\/wp\/v2\/product_cat?post=201770"},{"taxonomy":"product_tag","embeddable":true,"href":"https:\/\/aromasentia.com\/da\/wp-json\/wp\/v2\/product_tag?post=201770"}],"curies":[{"name":"wp","href":"https:\/\/api.w.org\/{rel}","templated":true}]}}