{"id":201768,"date":"2025-03-22T13:29:09","date_gmt":"2025-03-22T13:29:09","guid":{"rendered":"https:\/\/aromasentia.com\/product\/lrg-gemstone-tree-green-aventurine-on-green-agate-base-100-stones\/"},"modified":"2025-06-22T03:40:01","modified_gmt":"2025-06-22T03:40:01","slug":"stort-aedelstenstrae-groen-aventurin-paa-groen-agatbase-100-sten","status":"publish","type":"product","link":"https:\/\/aromasentia.com\/da\/stort-aedelstenstrae-groen-aventurin-paa-groen-agatbase-100-sten\/","title":{"rendered":"Stort \u00c6delstenstr\u00e6 &#8211; Gr\u00f8n Aventurin P\u00e5 Gr\u00f8n Agatbase (100 Sten)"},"content":{"rendered":"<p><span style=\"color: rgb(75, 80, 88);\"><strong>Disse bem\u00e6rkelsesv\u00e6rdige kreationer er en symfoni af farver, energi og stil, der virkelig vil begejstre dine kunder.<\/strong> Hvert \u00e6delstenstr\u00e6 er fremstillet med omhu og kunstnerisk finesse og er designet til b\u00e5de at gl\u00e6de \u00f8jet og harmonisere dit rum.<\/span><\/p>\n<p><span style=\"color: rgb(75, 80, 88);\"><strong>Det store gr\u00f8nne aventurin-\u00e6delstenstr\u00e6,<\/strong> med 100 gr\u00f8nne aventurinsten, repr\u00e6senterer v\u00e6kst og velstand. Det er en storsl\u00e5et tilf\u00f8jelse til store rum, der udstr\u00e5ler overflod og vitalitet.<\/span> <\/p>\n<p><span style=\"color: rgb(75, 80, 88);\">Grenene p\u00e5 disse tr\u00e6er er lavet af fleksibel metaltr\u00e5d, s\u00e5 kunderne kan justere dem efter deres smag og skabe et dynamisk og unikt udtryk. Du vil blive tiltrukket af disse uds\u00f8gte stykker, der forener \u00e6stetik med heling og transformation.<\/span><\/p>\n<p><span style=\"color: rgb(75, 80, 88);\"><strong>M\u00e5l:<\/strong><\/span><\/p>\n<p><span style=\"color: rgb(75, 80, 88);\">9 x 5 x 13 cm<\/span><\/p>\n","protected":false},"excerpt":{"rendered":"<p>Disse bem\u00e6rkelsesv\u00e6rdige kreationer er en symfoni af farver, energi og stil, der virkelig vil begejstre dine kunder. Hvert \u00e6delstenstr\u00e6 er fremstillet med omhu og kunstnerisk finesse og er designet til b\u00e5de at gl\u00e6de \u00f8jet og harmonisere dit rum. Det store gr\u00f8nne aventurin-\u00e6delstenstr\u00e6, med 100 gr\u00f8nne aventurinsten, repr\u00e6senterer v\u00e6kst og velstand. Det er en storsl\u00e5et tilf\u00f8jelse [&hellip;]<\/p>\n","protected":false},"featured_media":330030,"comment_status":"closed","ping_status":"open","template":"","meta":[],"product_brand":[],"product_cat":[25537,6950,25559,6243,25222],"product_tag":[],"class_list":{"0":"post-201768","1":"product","2":"type-product","3":"status-publish","4":"has-post-thumbnail","6":"product_cat-achat","7":"product_cat-aedelstens-smykker-og-accessories","8":"product_cat-aventurin","9":"product_cat-esoteriske-gaver","10":"product_cat-krystaller-og-sten","11":"pa_collection-gemstone-trees-with-agate-base-da","12":"pa_made-in-indien","14":"first","15":"instock","16":"purchasable","17":"product-type-simple"},"supplier_id":null,"supplier_sku":"AGemT-10","barcode":null,"atum_controlled":true,"out_stock_date":null,"out_stock_threshold":null,"inheritable":false,"inbound_stock":null,"stock_on_hold":0,"sold_today":0,"sales_last_days":0,"reserved_stock":null,"customer_returns":null,"warehouse_damage":null,"lost_in_post":null,"other_logs":null,"out_stock_days":0,"lost_sales":0,"has_location":null,"update_date":"2026-02-10T16:33:24","atum_locations":[],"atum_stock_status":"instock","restock_status":false,"low_stock_amount":"","sales_update_date":"2025-10-09T03:22:56","calc_backorders":null,"_links":{"self":[{"href":"https:\/\/aromasentia.com\/da\/wp-json\/wp\/v2\/product\/201768","targetHints":{"allow":["GET"]}}],"collection":[{"href":"https:\/\/aromasentia.com\/da\/wp-json\/wp\/v2\/product"}],"about":[{"href":"https:\/\/aromasentia.com\/da\/wp-json\/wp\/v2\/types\/product"}],"replies":[{"embeddable":true,"href":"https:\/\/aromasentia.com\/da\/wp-json\/wp\/v2\/comments?post=201768"}],"version-history":[{"count":0,"href":"https:\/\/aromasentia.com\/da\/wp-json\/wp\/v2\/product\/201768\/revisions"}],"wp:featuredmedia":[{"embeddable":true,"href":"https:\/\/aromasentia.com\/da\/wp-json\/wp\/v2\/media\/330030"}],"wp:attachment":[{"href":"https:\/\/aromasentia.com\/da\/wp-json\/wp\/v2\/media?parent=201768"}],"wp:term":[{"taxonomy":"product_brand","embeddable":true,"href":"https:\/\/aromasentia.com\/da\/wp-json\/wp\/v2\/product_brand?post=201768"},{"taxonomy":"product_cat","embeddable":true,"href":"https:\/\/aromasentia.com\/da\/wp-json\/wp\/v2\/product_cat?post=201768"},{"taxonomy":"product_tag","embeddable":true,"href":"https:\/\/aromasentia.com\/da\/wp-json\/wp\/v2\/product_tag?post=201768"}],"curies":[{"name":"wp","href":"https:\/\/api.w.org\/{rel}","templated":true}]}}