{"id":201763,"date":"2025-03-22T13:29:09","date_gmt":"2025-03-22T13:29:09","guid":{"rendered":"https:\/\/aromasentia.com\/product\/gemstone-tree-sodalite-on-blue-agate-base-35-stones\/"},"modified":"2025-06-22T03:39:58","modified_gmt":"2025-06-22T03:39:58","slug":"aedelstenstrae-sodalit-paa-blaa-agatbase-35-sten","status":"publish","type":"product","link":"https:\/\/aromasentia.com\/da\/aedelstenstrae-sodalit-paa-blaa-agatbase-35-sten\/","title":{"rendered":"\u00c6delstenstr\u00e6 &#8211; Sodalit P\u00e5 Bl\u00e5 Agatbase (35 Sten)"},"content":{"rendered":"<p><span style=\"color: rgb(75, 80, 88);\"><strong>Disse bem\u00e6rkelsesv\u00e6rdige kreationer er en symfoni af farver, energi og stil, der virkelig vil betage dine kunder.<\/strong> Hvert \u00e6delstenstr\u00e6 er fremstillet med omhu og kunstnerisk finesse og er designet til b\u00e5de at gl\u00e6de \u00f8jet og harmonisere dit rum.<\/span><\/p>\n<p><span style=\"color: rgb(75, 80, 88);\"><strong>Det 35-stens sodalit-\u00e6delstenstr\u00e6<\/strong> m\u00e5ler 7&#215;4,5&#215;10 cm og tilbyder en rolig tilstedev\u00e6relse, perfekt til at forbedre kommunikation og mental klarhed. Det er som en rolig oase i dit rum.<\/span> <\/p>\n<p><span style=\"color: rgb(75, 80, 88);\">Grenene p\u00e5 disse tr\u00e6er er lavet af fleksibel metaltr\u00e5d, s\u00e5 kunderne kan justere dem efter deres smag og skabe et dynamisk og unikt udtryk. Du vil blive tiltrukket af disse uds\u00f8gte stykker, der forener \u00e6stetik med heling og transformation.<\/span><\/p>\n<p><span style=\"color: rgb(75, 80, 88);\"><strong>M\u00e5l:<\/strong><\/span><\/p>\n<p><span style=\"color: rgb(75, 80, 88);\">7 x 4,5 x 10 cm<\/span><\/p>\n","protected":false},"excerpt":{"rendered":"<p>Disse bem\u00e6rkelsesv\u00e6rdige kreationer er en symfoni af farver, energi og stil, der virkelig vil betage dine kunder. Hvert \u00e6delstenstr\u00e6 er fremstillet med omhu og kunstnerisk finesse og er designet til b\u00e5de at gl\u00e6de \u00f8jet og harmonisere dit rum. Det 35-stens sodalit-\u00e6delstenstr\u00e6 m\u00e5ler 7&#215;4,5&#215;10 cm og tilbyder en rolig tilstedev\u00e6relse, perfekt til at forbedre kommunikation og [&hellip;]<\/p>\n","protected":false},"featured_media":329881,"comment_status":"closed","ping_status":"open","template":"","meta":{"_angie_page":false},"product_brand":[],"product_cat":[25537,6950,6243,25222,25773],"product_tag":[],"class_list":{"0":"post-201763","1":"product","2":"type-product","3":"status-publish","4":"has-post-thumbnail","6":"product_cat-achat","7":"product_cat-aedelstens-smykker-og-accessories","8":"product_cat-esoteriske-gaver","9":"product_cat-krystaller-og-sten","10":"product_cat-sodalit","11":"pa_collection-gemstone-trees-with-agate-base-da","12":"pa_made-in-indien","14":"first","15":"instock","16":"purchasable","17":"product-type-simple"},"supplier_id":null,"supplier_sku":"AGemT-05","barcode":null,"atum_controlled":true,"out_stock_date":null,"out_stock_threshold":null,"inheritable":false,"inbound_stock":null,"stock_on_hold":0,"sold_today":0,"sales_last_days":0,"reserved_stock":null,"customer_returns":null,"warehouse_damage":null,"lost_in_post":null,"other_logs":null,"out_stock_days":0,"lost_sales":0,"has_location":null,"update_date":"2026-04-27T06:49:55","atum_locations":[],"atum_stock_status":"instock","restock_status":false,"low_stock_amount":"","sales_update_date":"2025-10-09T03:22:56","calc_backorders":null,"_links":{"self":[{"href":"https:\/\/aromasentia.com\/da\/wp-json\/wp\/v2\/product\/201763","targetHints":{"allow":["GET"]}}],"collection":[{"href":"https:\/\/aromasentia.com\/da\/wp-json\/wp\/v2\/product"}],"about":[{"href":"https:\/\/aromasentia.com\/da\/wp-json\/wp\/v2\/types\/product"}],"replies":[{"embeddable":true,"href":"https:\/\/aromasentia.com\/da\/wp-json\/wp\/v2\/comments?post=201763"}],"version-history":[{"count":0,"href":"https:\/\/aromasentia.com\/da\/wp-json\/wp\/v2\/product\/201763\/revisions"}],"wp:featuredmedia":[{"embeddable":true,"href":"https:\/\/aromasentia.com\/da\/wp-json\/wp\/v2\/media\/329881"}],"wp:attachment":[{"href":"https:\/\/aromasentia.com\/da\/wp-json\/wp\/v2\/media?parent=201763"}],"wp:term":[{"taxonomy":"product_brand","embeddable":true,"href":"https:\/\/aromasentia.com\/da\/wp-json\/wp\/v2\/product_brand?post=201763"},{"taxonomy":"product_cat","embeddable":true,"href":"https:\/\/aromasentia.com\/da\/wp-json\/wp\/v2\/product_cat?post=201763"},{"taxonomy":"product_tag","embeddable":true,"href":"https:\/\/aromasentia.com\/da\/wp-json\/wp\/v2\/product_tag?post=201763"}],"curies":[{"name":"wp","href":"https:\/\/api.w.org\/{rel}","templated":true}]}}