{"id":201754,"date":"2025-03-22T13:29:17","date_gmt":"2025-03-22T13:29:17","guid":{"rendered":"https:\/\/aromasentia.com\/product\/bag-of-24-small-african-tumble-stones-bloodstone-sephtonite\/"},"modified":"2025-06-22T03:39:53","modified_gmt":"2025-06-22T03:39:53","slug":"smaa-afrikanske-sten-blodsten-sephtonit-24stk","status":"publish","type":"product","link":"https:\/\/aromasentia.com\/da\/smaa-afrikanske-sten-blodsten-sephtonit-24stk\/","title":{"rendered":"Sm\u00e5 Afrikanske Sten &#8211; Blodsten &#8211; Sephtonit 24Stk."},"content":{"rendered":"<p>Bloodstone er en sj\u00e6lden variant af kalcedon. Det er en m\u00f8rkegr\u00f8n sten med r\u00f8de pletter p\u00e5 grund af jernoxidindholdet. R\u00f8de indeslutninger kan have mange former: pletter, striber og kan v\u00e6re m\u00f8rke eller n\u00e6sten usynlige. &nbsp;Smukt og attraktivt mineral, der v\u00e6rds\u00e6ttes af samlere. Blodsten betragtes som en sten for mod og vindere.<\/p>\n<p>St\u00f8rrelse ca: 10 &#8211; 30 [mm]\/ 333 sten pr. 1 kg <\/p>\n","protected":false},"excerpt":{"rendered":"<p>Bloodstone er en sj\u00e6lden variant af kalcedon. Det er en m\u00f8rkegr\u00f8n sten med r\u00f8de pletter p\u00e5 grund af jernoxidindholdet. R\u00f8de indeslutninger kan have mange former: pletter, striber og kan v\u00e6re m\u00f8rke eller n\u00e6sten usynlige. &nbsp;Smukt og attraktivt mineral, der v\u00e6rds\u00e6ttes af samlere. Blodsten betragtes som en sten for mod og vindere. St\u00f8rrelse ca: 10 &#8211; [&hellip;]<\/p>\n","protected":false},"featured_media":331149,"comment_status":"closed","ping_status":"open","template":"","meta":{"_angie_page":false},"product_brand":[],"product_cat":[25567,6243,25222,6869],"product_tag":[],"class_list":{"0":"post-201754","1":"product","2":"type-product","3":"status-publish","4":"has-post-thumbnail","6":"product_cat-blodsten","7":"product_cat-esoteriske-gaver","8":"product_cat-krystaller-og-sten","9":"product_cat-lommesten","10":"pa_made-in-sydafrika","12":"first","13":"instock","14":"purchasable","15":"product-type-simple"},"supplier_id":null,"supplier_sku":"ATumbleS-19","barcode":null,"atum_controlled":true,"out_stock_date":null,"out_stock_threshold":null,"inheritable":false,"inbound_stock":null,"stock_on_hold":0,"sold_today":0,"sales_last_days":0,"reserved_stock":null,"customer_returns":null,"warehouse_damage":null,"lost_in_post":null,"other_logs":null,"out_stock_days":0,"lost_sales":0,"has_location":null,"update_date":"2026-04-27T06:51:38","atum_locations":[],"atum_stock_status":"instock","restock_status":false,"low_stock_amount":"","sales_update_date":"2026-01-30T01:24:48","calc_backorders":null,"_links":{"self":[{"href":"https:\/\/aromasentia.com\/da\/wp-json\/wp\/v2\/product\/201754","targetHints":{"allow":["GET"]}}],"collection":[{"href":"https:\/\/aromasentia.com\/da\/wp-json\/wp\/v2\/product"}],"about":[{"href":"https:\/\/aromasentia.com\/da\/wp-json\/wp\/v2\/types\/product"}],"replies":[{"embeddable":true,"href":"https:\/\/aromasentia.com\/da\/wp-json\/wp\/v2\/comments?post=201754"}],"version-history":[{"count":0,"href":"https:\/\/aromasentia.com\/da\/wp-json\/wp\/v2\/product\/201754\/revisions"}],"wp:featuredmedia":[{"embeddable":true,"href":"https:\/\/aromasentia.com\/da\/wp-json\/wp\/v2\/media\/331149"}],"wp:attachment":[{"href":"https:\/\/aromasentia.com\/da\/wp-json\/wp\/v2\/media?parent=201754"}],"wp:term":[{"taxonomy":"product_brand","embeddable":true,"href":"https:\/\/aromasentia.com\/da\/wp-json\/wp\/v2\/product_brand?post=201754"},{"taxonomy":"product_cat","embeddable":true,"href":"https:\/\/aromasentia.com\/da\/wp-json\/wp\/v2\/product_cat?post=201754"},{"taxonomy":"product_tag","embeddable":true,"href":"https:\/\/aromasentia.com\/da\/wp-json\/wp\/v2\/product_tag?post=201754"}],"curies":[{"name":"wp","href":"https:\/\/api.w.org\/{rel}","templated":true}]}}