{"id":201750,"date":"2025-03-22T13:29:17","date_gmt":"2025-03-22T13:29:17","guid":{"rendered":"https:\/\/aromasentia.com\/product\/bag-of-24-small-african-tumble-stones-sodalite-pure-blue\/"},"modified":"2025-06-22T03:39:51","modified_gmt":"2025-06-22T03:39:51","slug":"smaa-afrikanske-sten-sodalit-ren-blaa-24stk","status":"publish","type":"product","link":"https:\/\/aromasentia.com\/da\/smaa-afrikanske-sten-sodalit-ren-blaa-24stk\/","title":{"rendered":"Sm\u00e5 Afrikanske Sten &#8211; Sodalit &#8211; Ren Bl\u00e5 24Stk."},"content":{"rendered":"<p>Sodalit er et mineral fra gruppen af silikater. Det er en sj\u00e6lden og meget eftertragtet sten. Dens farve er bl\u00f8d og beroligende. Sodalit anses for at v\u00e6re den sten, der &#8220;\u00e5bner&#8221; vores sind.<\/p>\n<p>St\u00f8rrelse ca: 10 &#8211; 30 [mm]\/ 333 sten pr. 1 kg <\/p>\n<p>.<\/p>\n","protected":false},"excerpt":{"rendered":"<p>Sodalit er et mineral fra gruppen af silikater. Det er en sj\u00e6lden og meget eftertragtet sten. Dens farve er bl\u00f8d og beroligende. Sodalit anses for at v\u00e6re den sten, der &#8220;\u00e5bner&#8221; vores sind. St\u00f8rrelse ca: 10 &#8211; 30 [mm]\/ 333 sten pr. 1 kg .<\/p>\n","protected":false},"featured_media":331081,"comment_status":"closed","ping_status":"open","template":"","meta":{"_angie_page":false},"product_brand":[],"product_cat":[6243,25222,6869,25773],"product_tag":[],"class_list":{"0":"post-201750","1":"product","2":"type-product","3":"status-publish","4":"has-post-thumbnail","6":"product_cat-esoteriske-gaver","7":"product_cat-krystaller-og-sten","8":"product_cat-lommesten","9":"product_cat-sodalit","10":"pa_made-in-sydafrika","12":"first","13":"outofstock","14":"purchasable","15":"product-type-simple"},"supplier_id":null,"supplier_sku":"ATumbleS-15","barcode":null,"atum_controlled":true,"out_stock_date":"2026-04-25 15:19:40","out_stock_threshold":null,"inheritable":false,"inbound_stock":null,"stock_on_hold":0,"sold_today":0,"sales_last_days":0,"reserved_stock":null,"customer_returns":null,"warehouse_damage":null,"lost_in_post":null,"other_logs":null,"out_stock_days":0,"lost_sales":0,"has_location":null,"update_date":"2026-04-27T06:51:38","atum_locations":[],"atum_stock_status":"outofstock","restock_status":false,"low_stock_amount":"","sales_update_date":"2025-10-09T03:24:01","calc_backorders":null,"_links":{"self":[{"href":"https:\/\/aromasentia.com\/da\/wp-json\/wp\/v2\/product\/201750","targetHints":{"allow":["GET"]}}],"collection":[{"href":"https:\/\/aromasentia.com\/da\/wp-json\/wp\/v2\/product"}],"about":[{"href":"https:\/\/aromasentia.com\/da\/wp-json\/wp\/v2\/types\/product"}],"replies":[{"embeddable":true,"href":"https:\/\/aromasentia.com\/da\/wp-json\/wp\/v2\/comments?post=201750"}],"version-history":[{"count":0,"href":"https:\/\/aromasentia.com\/da\/wp-json\/wp\/v2\/product\/201750\/revisions"}],"wp:featuredmedia":[{"embeddable":true,"href":"https:\/\/aromasentia.com\/da\/wp-json\/wp\/v2\/media\/331081"}],"wp:attachment":[{"href":"https:\/\/aromasentia.com\/da\/wp-json\/wp\/v2\/media?parent=201750"}],"wp:term":[{"taxonomy":"product_brand","embeddable":true,"href":"https:\/\/aromasentia.com\/da\/wp-json\/wp\/v2\/product_brand?post=201750"},{"taxonomy":"product_cat","embeddable":true,"href":"https:\/\/aromasentia.com\/da\/wp-json\/wp\/v2\/product_cat?post=201750"},{"taxonomy":"product_tag","embeddable":true,"href":"https:\/\/aromasentia.com\/da\/wp-json\/wp\/v2\/product_tag?post=201750"}],"curies":[{"name":"wp","href":"https:\/\/api.w.org\/{rel}","templated":true}]}}