{"id":201739,"date":"2025-03-22T13:29:17","date_gmt":"2025-03-22T13:29:17","guid":{"rendered":"https:\/\/aromasentia.com\/product\/bag-of-24-small-african-tumble-stones-epidote-snowflake\/"},"modified":"2025-06-22T03:39:44","modified_gmt":"2025-06-22T03:39:44","slug":"smaa-afrikanske-sten-epidote-snowflake-24stk","status":"publish","type":"product","link":"https:\/\/aromasentia.com\/da\/smaa-afrikanske-sten-epidote-snowflake-24stk\/","title":{"rendered":"Sm\u00e5 Afrikanske Sten &#8211; Epidote Snowflake 24Stk."},"content":{"rendered":"<p>Snowflake Epidote har et lidt h\u00f8jere kvartsindhold end gennemsnittet og dermed en lysere farve. Det er herfra, dens oprindelige navn stammer. Hvad ang\u00e5r dens helbredende egenskaber, menes det, at snefnugsepidot hj\u00e6lper med at manifestere sig selv og lader dig slippe af med negativ energi.<\/p>\n<p>St\u00f8rrelse ca: 10 &#8211; 30 [mm]\/ 333 sten pr. 1 kg <\/p>\n<p>.<\/p>\n","protected":false},"excerpt":{"rendered":"<p>Snowflake Epidote har et lidt h\u00f8jere kvartsindhold end gennemsnittet og dermed en lysere farve. Det er herfra, dens oprindelige navn stammer. Hvad ang\u00e5r dens helbredende egenskaber, menes det, at snefnugsepidot hj\u00e6lper med at manifestere sig selv og lader dig slippe af med negativ energi. St\u00f8rrelse ca: 10 &#8211; 30 [mm]\/ 333 sten pr. 1 kg [&hellip;]<\/p>\n","protected":false},"featured_media":330902,"comment_status":"closed","ping_status":"open","template":"","meta":[],"product_brand":[],"product_cat":[25592,6243,25222,6869],"product_tag":[],"class_list":{"0":"post-201739","1":"product","2":"type-product","3":"status-publish","4":"has-post-thumbnail","6":"product_cat-epidot","7":"product_cat-esoteriske-gaver","8":"product_cat-krystaller-og-sten","9":"product_cat-lommesten","10":"pa_made-in-sydafrika","12":"first","13":"instock","14":"purchasable","15":"product-type-simple"},"supplier_id":null,"supplier_sku":"ATumbleS-03","barcode":null,"atum_controlled":true,"out_stock_date":null,"out_stock_threshold":null,"inheritable":false,"inbound_stock":null,"stock_on_hold":0,"sold_today":0,"sales_last_days":0,"reserved_stock":null,"customer_returns":null,"warehouse_damage":null,"lost_in_post":null,"other_logs":null,"out_stock_days":0,"lost_sales":0,"has_location":null,"update_date":"2026-02-06T00:02:34","atum_locations":[],"atum_stock_status":"instock","restock_status":false,"low_stock_amount":"","sales_update_date":"2026-02-06T00:02:34","calc_backorders":null,"_links":{"self":[{"href":"https:\/\/aromasentia.com\/da\/wp-json\/wp\/v2\/product\/201739","targetHints":{"allow":["GET"]}}],"collection":[{"href":"https:\/\/aromasentia.com\/da\/wp-json\/wp\/v2\/product"}],"about":[{"href":"https:\/\/aromasentia.com\/da\/wp-json\/wp\/v2\/types\/product"}],"replies":[{"embeddable":true,"href":"https:\/\/aromasentia.com\/da\/wp-json\/wp\/v2\/comments?post=201739"}],"version-history":[{"count":0,"href":"https:\/\/aromasentia.com\/da\/wp-json\/wp\/v2\/product\/201739\/revisions"}],"wp:featuredmedia":[{"embeddable":true,"href":"https:\/\/aromasentia.com\/da\/wp-json\/wp\/v2\/media\/330902"}],"wp:attachment":[{"href":"https:\/\/aromasentia.com\/da\/wp-json\/wp\/v2\/media?parent=201739"}],"wp:term":[{"taxonomy":"product_brand","embeddable":true,"href":"https:\/\/aromasentia.com\/da\/wp-json\/wp\/v2\/product_brand?post=201739"},{"taxonomy":"product_cat","embeddable":true,"href":"https:\/\/aromasentia.com\/da\/wp-json\/wp\/v2\/product_cat?post=201739"},{"taxonomy":"product_tag","embeddable":true,"href":"https:\/\/aromasentia.com\/da\/wp-json\/wp\/v2\/product_tag?post=201739"}],"curies":[{"name":"wp","href":"https:\/\/api.w.org\/{rel}","templated":true}]}}