{"id":201731,"date":"2025-03-22T13:29:17","date_gmt":"2025-03-22T13:29:17","guid":{"rendered":"https:\/\/aromasentia.com\/product\/chakra-pyramid-30-35mm\/"},"modified":"2025-06-22T03:39:41","modified_gmt":"2025-06-22T03:39:41","slug":"chakra-pyramide-30-35-mm","status":"publish","type":"product","link":"https:\/\/aromasentia.com\/da\/chakra-pyramide-30-35-mm\/","title":{"rendered":"Chakra Pyramide 30-35 mm"},"content":{"rendered":"<p><span style=\"color: rgb(75, 80, 88);\"><strong>Hver sten er omhyggeligt fremstillet af de fineste \u00e6delsten, med syv forskellige farver, der repr\u00e6senterer de enkelte chakraer.<\/strong> Disse bundne chakrasten, der stammer fra det mystiske land Indien, legemligg\u00f8r \u00e5rhundreder gamle traditioner for \u00e6delstenshealing.<\/span><\/p>\n<p><span style=\"color: rgb(75, 80, 88);\">Bundne chakrasten er mere end blot smukke dekorationer; de er dybtg\u00e5ende v\u00e6rkt\u00f8jer til at forbedre velv\u00e6re og spirituel harmoni. Disse esoteriske \u00e6delsten er bestemt til at fange dine \u00e6delstensglade kunder og samlere.<\/span><\/p>\n<p><span style=\"color: rgb(75, 80, 88);\"><strong>Se mystikken i vores chakrapyramide, en harmonisk fusion af hellig geometri og \u00e6delstensenergi.<\/strong>Disse pyramider er omhyggeligt fremstillet for at udnytte chakraernes element\u00e6re kraft. Placer en i dit hellige rum, eller tag den med dig for at drage fordel af dens energiske indflydelse, som kan forbedre spirituel indsigt, balance og vitalitet.<\/span><\/p>\n<p><span style=\"color: rgb(75, 80, 88);\"><em>Bem\u00e6rk venligst, at da disse Bonded Chakra Stones er h\u00e5ndlavede, kan der forekomme sm\u00e5 variationer i st\u00f8rrelse og v\u00e6gt p\u00e5 grund af deres h\u00e5ndlavede natur.<\/em><\/span><\/p>\n","protected":false},"excerpt":{"rendered":"<p>Hver sten er omhyggeligt fremstillet af de fineste \u00e6delsten, med syv forskellige farver, der repr\u00e6senterer de enkelte chakraer. Disse bundne chakrasten, der stammer fra det mystiske land Indien, legemligg\u00f8r \u00e5rhundreder gamle traditioner for \u00e6delstenshealing. Bundne chakrasten er mere end blot smukke dekorationer; de er dybtg\u00e5ende v\u00e6rkt\u00f8jer til at forbedre velv\u00e6re og spirituel harmoni. Disse esoteriske [&hellip;]<\/p>\n","protected":false},"featured_media":331936,"comment_status":"closed","ping_status":"open","template":"","meta":[],"product_brand":[],"product_cat":[6243,6902],"product_tag":[],"class_list":{"0":"post-201731","1":"product","2":"type-product","3":"status-publish","4":"has-post-thumbnail","6":"product_cat-esoteriske-gaver","7":"product_cat-vedhaeng-og-runesten","8":"pa_collection-bonded-chakra-stones-da","9":"pa_made-in-indien","11":"first","12":"instock","13":"purchasable","14":"product-type-simple"},"supplier_id":null,"supplier_sku":"BBCs-05","barcode":null,"atum_controlled":true,"out_stock_date":null,"out_stock_threshold":null,"inheritable":false,"inbound_stock":null,"stock_on_hold":0,"sold_today":0,"sales_last_days":0,"reserved_stock":null,"customer_returns":null,"warehouse_damage":null,"lost_in_post":null,"other_logs":null,"out_stock_days":0,"lost_sales":0,"has_location":null,"update_date":"2026-01-30T01:25:51","atum_locations":[],"atum_stock_status":"instock","restock_status":false,"low_stock_amount":"","sales_update_date":"2026-01-30T01:25:51","calc_backorders":null,"_links":{"self":[{"href":"https:\/\/aromasentia.com\/da\/wp-json\/wp\/v2\/product\/201731","targetHints":{"allow":["GET"]}}],"collection":[{"href":"https:\/\/aromasentia.com\/da\/wp-json\/wp\/v2\/product"}],"about":[{"href":"https:\/\/aromasentia.com\/da\/wp-json\/wp\/v2\/types\/product"}],"replies":[{"embeddable":true,"href":"https:\/\/aromasentia.com\/da\/wp-json\/wp\/v2\/comments?post=201731"}],"version-history":[{"count":0,"href":"https:\/\/aromasentia.com\/da\/wp-json\/wp\/v2\/product\/201731\/revisions"}],"wp:featuredmedia":[{"embeddable":true,"href":"https:\/\/aromasentia.com\/da\/wp-json\/wp\/v2\/media\/331936"}],"wp:attachment":[{"href":"https:\/\/aromasentia.com\/da\/wp-json\/wp\/v2\/media?parent=201731"}],"wp:term":[{"taxonomy":"product_brand","embeddable":true,"href":"https:\/\/aromasentia.com\/da\/wp-json\/wp\/v2\/product_brand?post=201731"},{"taxonomy":"product_cat","embeddable":true,"href":"https:\/\/aromasentia.com\/da\/wp-json\/wp\/v2\/product_cat?post=201731"},{"taxonomy":"product_tag","embeddable":true,"href":"https:\/\/aromasentia.com\/da\/wp-json\/wp\/v2\/product_tag?post=201731"}],"curies":[{"name":"wp","href":"https:\/\/api.w.org\/{rel}","templated":true}]}}