{"id":201730,"date":"2025-03-22T13:29:17","date_gmt":"2025-03-22T13:29:17","guid":{"rendered":"https:\/\/aromasentia.com\/product\/chakra-massage-wand-80-90mm\/"},"modified":"2025-06-22T03:39:41","modified_gmt":"2025-06-22T03:39:41","slug":"chakra-massagestav-80-90-mm","status":"publish","type":"product","link":"https:\/\/aromasentia.com\/da\/chakra-massagestav-80-90-mm\/","title":{"rendered":"Chakra-massagestav 80-90 mm"},"content":{"rendered":"<p><span style=\"color: rgb(75, 80, 88);\"><strong>Hver sten er omhyggeligt fremstillet af de fineste \u00e6delsten, hvor syv forskellige farver repr\u00e6senterer de enkelte chakraer.<\/strong> Disse Bonded Chakra Stones, der stammer fra det mystiske land Indien, legemligg\u00f8r \u00e5rhundreder gamle traditioner for healing med \u00e6delsten.<\/span><\/p>\n<p><span style=\"color: rgb(75, 80, 88);\">Bonded Chakra Stones er mere end blot smukke dekorationer; de er dybtg\u00e5ende v\u00e6rkt\u00f8jer til at forbedre velv\u00e6re og spirituel harmoni. Disse esoteriske \u00e6delsten er bestemt til at fortrylle dine \u00e6delstensglade kunder og samlere.<\/span><\/p>\n<p><span style=\"color: rgb(75, 80, 88);\"><strong>Oplev den beroligende ber\u00f8ring af vores Chakra Massage Wand, der er ekspertudsk\u00e5ret af de fineste \u00e6delsten.<\/strong> Disse tryllestave er ikke kun visuelt fantastiske, men fungerer ogs\u00e5 som alsidige v\u00e6rkt\u00f8jer til energiarbejde. Med deres spidse ender kan de bruges til at styre energiflowet under healingssessioner, hvilket fremmer healing og afslapning, mens de justerer dine chakraer.<\/span><\/p>\n<p><span style=\"color: rgb(75, 80, 88);\"><em>Bem\u00e6rk venligst, at da disse Bonded Chakra Stones er h\u00e5ndlavede, kan der forekomme sm\u00e5 variationer i st\u00f8rrelse og v\u00e6gt p\u00e5 grund af deres h\u00e5ndlavede natur.<\/em><\/span><\/p>\n","protected":false},"excerpt":{"rendered":"<p>Hver sten er omhyggeligt fremstillet af de fineste \u00e6delsten, hvor syv forskellige farver repr\u00e6senterer de enkelte chakraer. Disse Bonded Chakra Stones, der stammer fra det mystiske land Indien, legemligg\u00f8r \u00e5rhundreder gamle traditioner for healing med \u00e6delsten. Bonded Chakra Stones er mere end blot smukke dekorationer; de er dybtg\u00e5ende v\u00e6rkt\u00f8jer til at forbedre velv\u00e6re og spirituel [&hellip;]<\/p>\n","protected":false},"featured_media":331919,"comment_status":"closed","ping_status":"open","template":"","meta":[],"product_brand":[],"product_cat":[6243,6902],"product_tag":[],"class_list":{"0":"post-201730","1":"product","2":"type-product","3":"status-publish","4":"has-post-thumbnail","6":"product_cat-esoteriske-gaver","7":"product_cat-vedhaeng-og-runesten","8":"pa_collection-bonded-chakra-stones-da","9":"pa_made-in-indien","11":"first","12":"instock","13":"purchasable","14":"product-type-simple"},"supplier_id":null,"supplier_sku":"BBCs-06","barcode":null,"atum_controlled":true,"out_stock_date":null,"out_stock_threshold":null,"inheritable":false,"inbound_stock":null,"stock_on_hold":0,"sold_today":0,"sales_last_days":0,"reserved_stock":null,"customer_returns":null,"warehouse_damage":null,"lost_in_post":null,"other_logs":null,"out_stock_days":0,"lost_sales":0,"has_location":null,"update_date":"2026-02-06T00:02:09","atum_locations":[],"atum_stock_status":"instock","restock_status":false,"low_stock_amount":"","sales_update_date":"2026-02-06T00:02:09","calc_backorders":null,"_links":{"self":[{"href":"https:\/\/aromasentia.com\/da\/wp-json\/wp\/v2\/product\/201730","targetHints":{"allow":["GET"]}}],"collection":[{"href":"https:\/\/aromasentia.com\/da\/wp-json\/wp\/v2\/product"}],"about":[{"href":"https:\/\/aromasentia.com\/da\/wp-json\/wp\/v2\/types\/product"}],"replies":[{"embeddable":true,"href":"https:\/\/aromasentia.com\/da\/wp-json\/wp\/v2\/comments?post=201730"}],"version-history":[{"count":0,"href":"https:\/\/aromasentia.com\/da\/wp-json\/wp\/v2\/product\/201730\/revisions"}],"wp:featuredmedia":[{"embeddable":true,"href":"https:\/\/aromasentia.com\/da\/wp-json\/wp\/v2\/media\/331919"}],"wp:attachment":[{"href":"https:\/\/aromasentia.com\/da\/wp-json\/wp\/v2\/media?parent=201730"}],"wp:term":[{"taxonomy":"product_brand","embeddable":true,"href":"https:\/\/aromasentia.com\/da\/wp-json\/wp\/v2\/product_brand?post=201730"},{"taxonomy":"product_cat","embeddable":true,"href":"https:\/\/aromasentia.com\/da\/wp-json\/wp\/v2\/product_cat?post=201730"},{"taxonomy":"product_tag","embeddable":true,"href":"https:\/\/aromasentia.com\/da\/wp-json\/wp\/v2\/product_tag?post=201730"}],"curies":[{"name":"wp","href":"https:\/\/api.w.org\/{rel}","templated":true}]}}