{"id":201723,"date":"2025-03-22T13:29:17","date_gmt":"2025-03-22T13:29:17","guid":{"rendered":"https:\/\/aromasentia.com\/product\/sphere-pendulum-labrodorite\/"},"modified":"2025-06-22T03:39:38","modified_gmt":"2025-06-22T03:39:38","slug":"kuglependel-labrodorit","status":"publish","type":"product","link":"https:\/\/aromasentia.com\/da\/kuglependel-labrodorit\/","title":{"rendered":"Kuglependel &#8211; Labrodorit"},"content":{"rendered":"<p>Krystalvinding kan udf\u00f8res p\u00e5 mange m\u00e5der, og det bruges til alle mulige form\u00e5l, s\u00e5som at finde vand, mineraler, savnede personer og endda mistede genstande. Det bruges ogs\u00e5 til healing, reiki og sp\u00e5domskunst. Monteret med en s\u00f8lvk\u00e6de og \u00e6delstensperle i toppen har de virkelig noget ret magisk over sig.<\/p>\n<p>\u00c6delstenspendler af h\u00f8j kvalitet i en r\u00e6kke forskellige sten. Hver enkelt har en k\u00e6de p\u00e5 ca. 170 mm, og k\u00e6den har en \u00e6delstensperle i enden. BEM\u00c6RK VENLIGST &#8211; Disse pendler er h\u00e5ndlavede af et naturprodukt. P\u00e5 grund af dette kan st\u00f8rrelserne p\u00e5 \u00e6delstenene variere.<\/p>\n","protected":false},"excerpt":{"rendered":"<p>Krystalvinding kan udf\u00f8res p\u00e5 mange m\u00e5der, og det bruges til alle mulige form\u00e5l, s\u00e5som at finde vand, mineraler, savnede personer og endda mistede genstande. Det bruges ogs\u00e5 til healing, reiki og sp\u00e5domskunst. Monteret med en s\u00f8lvk\u00e6de og \u00e6delstensperle i toppen har de virkelig noget ret magisk over sig. \u00c6delstenspendler af h\u00f8j kvalitet i en r\u00e6kke [&hellip;]<\/p>\n","protected":false},"featured_media":331784,"comment_status":"closed","ping_status":"open","template":"","meta":[],"product_brand":[],"product_cat":[6243,6902],"product_tag":[],"class_list":{"0":"post-201723","1":"product","2":"type-product","3":"status-publish","4":"has-post-thumbnail","6":"product_cat-esoteriske-gaver","7":"product_cat-vedhaeng-og-runesten","8":"pa_collection-sphere-pendulums-da","9":"pa_made-in-indien","11":"first","12":"instock","13":"purchasable","14":"product-type-simple"},"supplier_id":null,"supplier_sku":"BallMP-12","barcode":null,"atum_controlled":true,"out_stock_date":null,"out_stock_threshold":null,"inheritable":false,"inbound_stock":null,"stock_on_hold":0,"sold_today":0,"sales_last_days":0,"reserved_stock":null,"customer_returns":null,"warehouse_damage":null,"lost_in_post":null,"other_logs":null,"out_stock_days":0,"lost_sales":0,"has_location":null,"update_date":"2026-02-10T16:26:42","atum_locations":[],"atum_stock_status":"instock","restock_status":false,"low_stock_amount":"","sales_update_date":"2026-01-30T01:24:29","calc_backorders":null,"_links":{"self":[{"href":"https:\/\/aromasentia.com\/da\/wp-json\/wp\/v2\/product\/201723","targetHints":{"allow":["GET"]}}],"collection":[{"href":"https:\/\/aromasentia.com\/da\/wp-json\/wp\/v2\/product"}],"about":[{"href":"https:\/\/aromasentia.com\/da\/wp-json\/wp\/v2\/types\/product"}],"replies":[{"embeddable":true,"href":"https:\/\/aromasentia.com\/da\/wp-json\/wp\/v2\/comments?post=201723"}],"version-history":[{"count":0,"href":"https:\/\/aromasentia.com\/da\/wp-json\/wp\/v2\/product\/201723\/revisions"}],"wp:featuredmedia":[{"embeddable":true,"href":"https:\/\/aromasentia.com\/da\/wp-json\/wp\/v2\/media\/331784"}],"wp:attachment":[{"href":"https:\/\/aromasentia.com\/da\/wp-json\/wp\/v2\/media?parent=201723"}],"wp:term":[{"taxonomy":"product_brand","embeddable":true,"href":"https:\/\/aromasentia.com\/da\/wp-json\/wp\/v2\/product_brand?post=201723"},{"taxonomy":"product_cat","embeddable":true,"href":"https:\/\/aromasentia.com\/da\/wp-json\/wp\/v2\/product_cat?post=201723"},{"taxonomy":"product_tag","embeddable":true,"href":"https:\/\/aromasentia.com\/da\/wp-json\/wp\/v2\/product_tag?post=201723"}],"curies":[{"name":"wp","href":"https:\/\/api.w.org\/{rel}","templated":true}]}}