{"id":201709,"date":"2025-03-22T13:29:17","date_gmt":"2025-03-22T13:29:17","guid":{"rendered":"https:\/\/aromasentia.com\/product\/crystal-ball-on-stand-50mm\/"},"modified":"2025-06-22T03:39:31","modified_gmt":"2025-06-22T03:39:31","slug":"krystalkugle-paa-stativ-50-mm","status":"publish","type":"product","link":"https:\/\/aromasentia.com\/da\/krystalkugle-paa-stativ-50-mm\/","title":{"rendered":"Krystalkugle P\u00e5 Stativ 50 mm"},"content":{"rendered":"<p>Intet tilskrives mere sp\u00e5domskunstens magiske kraft end den ydmyge krystalkugle. Billedet af den sp\u00e5ende sig\u00f8jner, der stirrer ind i kuglen og forudsiger din fremtid, er kun \u00e9t aspekt af denne rene symbolske genstand.<\/p>\n<p>Den er n\u00e6vnt i \u00c5benbaringens Bog og omtales i legenden om Kong Arthur, der s\u00f8gte r\u00e5d og profetier fra magikeren Merlin via sin krystalkugle&#8230;<\/p>\n<p>Sp\u00e5m\u00e6nd, der var fremtr\u00e6dende i middelalderen, \u00e6rede deres krystalkugler og gav dem ofte videre til deres l\u00e6rlinge. Krystaller, der var et redskab til at n\u00e5 og kommunikere med det guddommelige, har faktisk altid v\u00e6ret brugt i kommunikation, ligesom de er i dag i radioer, telefoner og computere.<\/p>\n<p>Muligvis er grunden til, at krystalkugler blev vigtige v\u00e6rkt\u00f8jer, deres iboende egenskaber ved gennemsigtighed og symmetri. Derudover h\u00e6vdes det, at krystallernes og \u00e6delstenenes energifelter p\u00e5virker, hvad den, der ser, ser, p\u00e5 et meget subtilt og ofte esoterisk niveau.<\/p>\n<p>Advarsel!<br \/>Det kan virke selvindlysende, men det er v\u00e6rd at bem\u00e6rke, at p\u00e5 grund af krystalkuglernes optiske natur er der en lille mulig brandfare, hvis de efterlades i direkte sollys.<\/p>\n","protected":false},"excerpt":{"rendered":"<p>Intet tilskrives mere sp\u00e5domskunstens magiske kraft end den ydmyge krystalkugle. Billedet af den sp\u00e5ende sig\u00f8jner, der stirrer ind i kuglen og forudsiger din fremtid, er kun \u00e9t aspekt af denne rene symbolske genstand. Den er n\u00e6vnt i \u00c5benbaringens Bog og omtales i legenden om Kong Arthur, der s\u00f8gte r\u00e5d og profetier fra magikeren Merlin via [&hellip;]<\/p>\n","protected":false},"featured_media":331266,"comment_status":"closed","ping_status":"open","template":"","meta":{"_angie_page":false},"product_brand":[],"product_cat":[5605,5571],"product_tag":[],"class_list":{"0":"post-201709","1":"product","2":"type-product","3":"status-publish","4":"has-post-thumbnail","6":"product_cat-krystalkugler","7":"product_cat-vintagegaver-og-souvenirs","8":"pa_collection-ancient-wisdom-crystal-balls-da","9":"pa_made-in-kina","11":"first","12":"instock","13":"purchasable","14":"product-type-simple"},"supplier_id":null,"supplier_sku":"AWCball-03","barcode":null,"atum_controlled":true,"out_stock_date":null,"out_stock_threshold":null,"inheritable":false,"inbound_stock":null,"stock_on_hold":0,"sold_today":0,"sales_last_days":0,"reserved_stock":null,"customer_returns":null,"warehouse_damage":null,"lost_in_post":null,"other_logs":null,"out_stock_days":0,"lost_sales":0,"has_location":null,"update_date":"2026-04-27T06:51:44","atum_locations":[],"atum_stock_status":"instock","restock_status":false,"low_stock_amount":"","sales_update_date":"2026-02-06T00:01:19","calc_backorders":null,"_links":{"self":[{"href":"https:\/\/aromasentia.com\/da\/wp-json\/wp\/v2\/product\/201709","targetHints":{"allow":["GET"]}}],"collection":[{"href":"https:\/\/aromasentia.com\/da\/wp-json\/wp\/v2\/product"}],"about":[{"href":"https:\/\/aromasentia.com\/da\/wp-json\/wp\/v2\/types\/product"}],"replies":[{"embeddable":true,"href":"https:\/\/aromasentia.com\/da\/wp-json\/wp\/v2\/comments?post=201709"}],"version-history":[{"count":0,"href":"https:\/\/aromasentia.com\/da\/wp-json\/wp\/v2\/product\/201709\/revisions"}],"wp:featuredmedia":[{"embeddable":true,"href":"https:\/\/aromasentia.com\/da\/wp-json\/wp\/v2\/media\/331266"}],"wp:attachment":[{"href":"https:\/\/aromasentia.com\/da\/wp-json\/wp\/v2\/media?parent=201709"}],"wp:term":[{"taxonomy":"product_brand","embeddable":true,"href":"https:\/\/aromasentia.com\/da\/wp-json\/wp\/v2\/product_brand?post=201709"},{"taxonomy":"product_cat","embeddable":true,"href":"https:\/\/aromasentia.com\/da\/wp-json\/wp\/v2\/product_cat?post=201709"},{"taxonomy":"product_tag","embeddable":true,"href":"https:\/\/aromasentia.com\/da\/wp-json\/wp\/v2\/product_tag?post=201709"}],"curies":[{"name":"wp","href":"https:\/\/api.w.org\/{rel}","templated":true}]}}