{"id":201707,"date":"2025-03-22T13:29:24","date_gmt":"2025-03-22T13:29:24","guid":{"rendered":"https:\/\/aromasentia.com\/product\/crystal-glass-tea-infuser-bottle-rose-gold-onyx\/"},"modified":"2025-06-22T03:39:30","modified_gmt":"2025-06-22T03:39:30","slug":"flaske-med-te-i-krystalglas-rose-gold-onyx","status":"publish","type":"product","link":"https:\/\/aromasentia.com\/da\/flaske-med-te-i-krystalglas-rose-gold-onyx\/","title":{"rendered":"Flaske med Te I Krystalglas &#8211; Rose Gold &#8211; Onyx"},"content":{"rendered":"<p><a href=\"https:\/\/aromasentia.com\/crystal-glass-tea-infuser-bottles\"><strong><span style=\"color: rgb(75, 80, 88);\">Krystalglas-teinfuseren<\/span><\/strong><\/a><span style=\"color: rgb(75, 80, 88);\">&nbsp;er smuk og funktionel. Den giver dine kunder mulighed for at nyde deres yndlingsl\u00f8se te p\u00e5 farten. Flasken er lavet af borosilikatglas af h\u00f8j kvalitet, som er holdbart og modstandsdygtigt.<\/span><\/p>\n<p><span style=\"color: rgb(75, 80, 88);\">Infuseren i rustfrit st\u00e5l er aftagelig, hvilket g\u00f8r den nem at reng\u00f8re og genopfylde med din yndlingste.<\/span><\/p>\n<p><span style=\"color: rgb(75, 80, 88);\">Krystalglas-teinfuseren har en rosaguldh\u00e6tte, der skrues sikkert p\u00e5 for at forhindre l\u00e6kager og spild. S\u00e6ttet inkluderer ogs\u00e5 neoprenbetr\u00e6k.<\/span><\/p>\n<p><span style=\"color: rgb(75, 80, 88);\">De sorte onyxsten i flasken giver en smuk og beroligende \u00e6stetik. Sort onyx kaldes en troldmandssten. Den sikrer balance mellem sj\u00e6l og krop. Stenene holdes sikkert p\u00e5 plads i bunden af flasken og tilf\u00f8jer et dejligt touch til det overordnede design.<\/span><\/p>\n<p><span style=\"color: rgb(75, 80, 88);\"><strong>Nem at bruge, nem at reng\u00f8re og tilf\u00f8jer et strejf af elegance til teoplevelsen.<\/strong><\/span><\/p>\n<p><span style=\"color: rgb(75, 80, 88);\">BPA-fri \u2013 Med et praktisk neoprenbetr\u00e6k \u2013 500 ml \u2013 Aftagelig teinfuser<\/span><\/p>\n<p><span style=\"color: rgb(184, 49, 47);\"><strong>ADVARSEL: Flasken bliver ret varm efter at have h\u00e6ldt varmt vand p\u00e5. Brug den med l\u00e5g af sikkerhedsm\u00e6ssige \u00e5rsager.<\/strong><\/span><\/p>\n<p><a href=\"https:\/\/aromasentia.com\/artisan-tea-blends-50g\"><span style=\"color: rgb(75, 80, 88);\"><strong>K\u00f8b vores Artisan Tea Blends.<\/strong><\/span><\/a><\/p>\n","protected":false},"excerpt":{"rendered":"<p>Krystalglas-teinfuseren&nbsp;er smuk og funktionel. Den giver dine kunder mulighed for at nyde deres yndlingsl\u00f8se te p\u00e5 farten. Flasken er lavet af borosilikatglas af h\u00f8j kvalitet, som er holdbart og modstandsdygtigt. Infuseren i rustfrit st\u00e5l er aftagelig, hvilket g\u00f8r den nem at reng\u00f8re og genopfylde med din yndlingste. Krystalglas-teinfuseren har en rosaguldh\u00e6tte, der skrues sikkert p\u00e5 [&hellip;]<\/p>\n","protected":false},"featured_media":333641,"comment_status":"closed","ping_status":"open","template":"","meta":{"_angie_page":false},"product_brand":[],"product_cat":[6950,6243,25222,25702,5908],"product_tag":[],"class_list":{"0":"post-201707","1":"product","2":"type-product","3":"status-publish","4":"has-post-thumbnail","6":"product_cat-aedelstens-smykker-og-accessories","7":"product_cat-esoteriske-gaver","8":"product_cat-krystaller-og-sten","9":"product_cat-onyx","10":"product_cat-teer-og-te-udstyr","11":"pa_collection-crystal-glass-tea-infuser-bottles-da","12":"pa_made-in-kina","14":"first","15":"instock","16":"purchasable","17":"product-type-simple"},"supplier_id":null,"supplier_sku":"CGTIB-05","barcode":null,"atum_controlled":true,"out_stock_date":null,"out_stock_threshold":null,"inheritable":false,"inbound_stock":null,"stock_on_hold":0,"sold_today":0,"sales_last_days":0,"reserved_stock":null,"customer_returns":null,"warehouse_damage":null,"lost_in_post":null,"other_logs":null,"out_stock_days":0,"lost_sales":0,"has_location":null,"update_date":"2026-04-27T06:56:56","atum_locations":[],"atum_stock_status":"instock","restock_status":false,"low_stock_amount":"","sales_update_date":"2025-10-09T03:27:45","calc_backorders":null,"_links":{"self":[{"href":"https:\/\/aromasentia.com\/da\/wp-json\/wp\/v2\/product\/201707","targetHints":{"allow":["GET"]}}],"collection":[{"href":"https:\/\/aromasentia.com\/da\/wp-json\/wp\/v2\/product"}],"about":[{"href":"https:\/\/aromasentia.com\/da\/wp-json\/wp\/v2\/types\/product"}],"replies":[{"embeddable":true,"href":"https:\/\/aromasentia.com\/da\/wp-json\/wp\/v2\/comments?post=201707"}],"version-history":[{"count":0,"href":"https:\/\/aromasentia.com\/da\/wp-json\/wp\/v2\/product\/201707\/revisions"}],"wp:featuredmedia":[{"embeddable":true,"href":"https:\/\/aromasentia.com\/da\/wp-json\/wp\/v2\/media\/333641"}],"wp:attachment":[{"href":"https:\/\/aromasentia.com\/da\/wp-json\/wp\/v2\/media?parent=201707"}],"wp:term":[{"taxonomy":"product_brand","embeddable":true,"href":"https:\/\/aromasentia.com\/da\/wp-json\/wp\/v2\/product_brand?post=201707"},{"taxonomy":"product_cat","embeddable":true,"href":"https:\/\/aromasentia.com\/da\/wp-json\/wp\/v2\/product_cat?post=201707"},{"taxonomy":"product_tag","embeddable":true,"href":"https:\/\/aromasentia.com\/da\/wp-json\/wp\/v2\/product_tag?post=201707"}],"curies":[{"name":"wp","href":"https:\/\/api.w.org\/{rel}","templated":true}]}}