{"id":201701,"date":"2025-03-22T13:29:24","date_gmt":"2025-03-22T13:29:24","guid":{"rendered":"https:\/\/aromasentia.com\/product\/gemstone-essential-oil-roller-bottle-rock-quartz-silver-cap-gemstone-roller-tip-for-5ml-bottle-rock-quartz\/"},"modified":"2025-06-22T03:39:25","modified_gmt":"2025-06-22T03:39:25","slug":"rulleflaske-til-aeterisk-olie-klippekvarts-5-ml-flaske","status":"publish","type":"product","link":"https:\/\/aromasentia.com\/da\/rulleflaske-til-aeterisk-olie-klippekvarts-5-ml-flaske\/","title":{"rendered":"Rulleflaske Til \u00c6terisk Olie &#8211; Klippekvarts 5 ml Flaske"},"content":{"rendered":"<p>Roll-on-flasken g\u00f8r det muligt at p\u00e5f\u00f8re olierne pr\u00e6cist og nemt p\u00e5 huden. Kuglen er lavet af glatpoleret stenkvarts. Stenene indeni giver en unik visuel effekt, og man mener ogs\u00e5, at de forst\u00e6rker effekten af den givne blanding.<\/p>\n<p><strong>Bjergkvarts<\/strong> siges at have helbredende egenskaber, som f.eks. at fremme f\u00f8lelsesm\u00e6ssig balance og forbedre intuition og beslutningstagning. Den siges ogs\u00e5 at v\u00e6re en klarhedssten, der hj\u00e6lper med at rense sindet og fremme \u00e5ndelig v\u00e6kst.<\/p>\n<p>Fyld disse <strong>Gemstone Roller Bottles<\/strong> med noget, som du ved vil s\u00e6lge godt. De er perfekte til brug af \u00e6teriske olier, parfumeolier, DIY-pr\u00f8veblandinger, essenser, aromaterapi og andre v\u00e6sker.<\/p>\n","protected":false},"excerpt":{"rendered":"<p>Roll-on-flasken g\u00f8r det muligt at p\u00e5f\u00f8re olierne pr\u00e6cist og nemt p\u00e5 huden. Kuglen er lavet af glatpoleret stenkvarts. Stenene indeni giver en unik visuel effekt, og man mener ogs\u00e5, at de forst\u00e6rker effekten af den givne blanding. Bjergkvarts siges at have helbredende egenskaber, som f.eks. at fremme f\u00f8lelsesm\u00e6ssig balance og forbedre intuition og beslutningstagning. Den [&hellip;]<\/p>\n","protected":false},"featured_media":333395,"comment_status":"closed","ping_status":"open","template":"","meta":{"_angie_page":false},"product_brand":[],"product_cat":[6950,6176,6243,25222,25736],"product_tag":[],"class_list":{"0":"post-201701","1":"product","2":"type-product","3":"status-publish","4":"has-post-thumbnail","6":"product_cat-aedelstens-smykker-og-accessories","7":"product_cat-aroma-flasker-og-tilbehor","8":"product_cat-esoteriske-gaver","9":"product_cat-krystaller-og-sten","10":"product_cat-kvarts","11":"pa_collection-gemstone-roller-bottles-and-balls-da","12":"pa_made-in-kina","14":"first","15":"instock","16":"purchasable","17":"product-type-simple"},"supplier_id":null,"supplier_sku":"CGRB-13","barcode":null,"atum_controlled":true,"out_stock_date":null,"out_stock_threshold":null,"inheritable":false,"inbound_stock":null,"stock_on_hold":0,"sold_today":0,"sales_last_days":0,"reserved_stock":null,"customer_returns":null,"warehouse_damage":null,"lost_in_post":null,"other_logs":null,"out_stock_days":0,"lost_sales":0,"has_location":null,"update_date":"2026-04-27T06:56:56","atum_locations":[],"atum_stock_status":"instock","restock_status":false,"low_stock_amount":"","sales_update_date":"2025-10-09T03:27:45","calc_backorders":null,"_links":{"self":[{"href":"https:\/\/aromasentia.com\/da\/wp-json\/wp\/v2\/product\/201701","targetHints":{"allow":["GET"]}}],"collection":[{"href":"https:\/\/aromasentia.com\/da\/wp-json\/wp\/v2\/product"}],"about":[{"href":"https:\/\/aromasentia.com\/da\/wp-json\/wp\/v2\/types\/product"}],"replies":[{"embeddable":true,"href":"https:\/\/aromasentia.com\/da\/wp-json\/wp\/v2\/comments?post=201701"}],"version-history":[{"count":0,"href":"https:\/\/aromasentia.com\/da\/wp-json\/wp\/v2\/product\/201701\/revisions"}],"wp:featuredmedia":[{"embeddable":true,"href":"https:\/\/aromasentia.com\/da\/wp-json\/wp\/v2\/media\/333395"}],"wp:attachment":[{"href":"https:\/\/aromasentia.com\/da\/wp-json\/wp\/v2\/media?parent=201701"}],"wp:term":[{"taxonomy":"product_brand","embeddable":true,"href":"https:\/\/aromasentia.com\/da\/wp-json\/wp\/v2\/product_brand?post=201701"},{"taxonomy":"product_cat","embeddable":true,"href":"https:\/\/aromasentia.com\/da\/wp-json\/wp\/v2\/product_cat?post=201701"},{"taxonomy":"product_tag","embeddable":true,"href":"https:\/\/aromasentia.com\/da\/wp-json\/wp\/v2\/product_tag?post=201701"}],"curies":[{"name":"wp","href":"https:\/\/api.w.org\/{rel}","templated":true}]}}