{"id":201696,"date":"2025-03-22T13:29:24","date_gmt":"2025-03-22T13:29:24","guid":{"rendered":"https:\/\/aromasentia.com\/product\/gemstone-essential-oil-roller-bottle-red-jasper-silver-cap-gemstone-roller-tip-for-5ml-bottle-red-jasper\/"},"modified":"2025-06-22T03:39:23","modified_gmt":"2025-06-22T03:39:23","slug":"rulleflaske-til-aeterisk-olie-roed-jaspis-5-ml-flaske-2","status":"publish","type":"product","link":"https:\/\/aromasentia.com\/da\/rulleflaske-til-aeterisk-olie-roed-jaspis-5-ml-flaske-2\/","title":{"rendered":"Rulleflaske Til \u00c6terisk Olie &#8211; R\u00f8d Jaspis 5 ml Flaske"},"content":{"rendered":"<p>Roll-on-flasken g\u00f8r det muligt at p\u00e5f\u00f8re olierne pr\u00e6cist og nemt p\u00e5 huden. Kuglen er lavet af glatpoleret r\u00f8d jaspis. Stenene indeni giver en unik visuel effekt, og man mener ogs\u00e5, at de forst\u00e6rker effekten af den givne blanding.<\/p>\n<p><strong>R\u00f8d Jaspis<\/strong> er en meget beskyttende sten, der er kendt for at beskytte mod alle former for trusler. Den menes at hj\u00e6lpe p\u00e5 seksuelle problemer hos par og enkeltpersoner, og den hj\u00e6lper med at holde fokus og s\u00e6tte gang i kreativiteten og din indre selvtillid.&nbsp;<\/p>\n<p>Fyld disse <strong>Gemstone Roller Bottles<\/strong> med noget, som du ved vil s\u00e6lge godt. De er perfekte til brug af \u00e6teriske olier, parfumeolier, DIY-pr\u00f8veblandinger, essenser, aromaterapi og andre v\u00e6sker.<\/p>\n","protected":false},"excerpt":{"rendered":"<p>Roll-on-flasken g\u00f8r det muligt at p\u00e5f\u00f8re olierne pr\u00e6cist og nemt p\u00e5 huden. Kuglen er lavet af glatpoleret r\u00f8d jaspis. Stenene indeni giver en unik visuel effekt, og man mener ogs\u00e5, at de forst\u00e6rker effekten af den givne blanding. R\u00f8d Jaspis er en meget beskyttende sten, der er kendt for at beskytte mod alle former for [&hellip;]<\/p>\n","protected":false},"featured_media":333190,"comment_status":"closed","ping_status":"open","template":"","meta":{"_angie_page":false},"product_brand":[],"product_cat":[6950,6176,6243,25641,25222],"product_tag":[],"class_list":{"0":"post-201696","1":"product","2":"type-product","3":"status-publish","4":"has-post-thumbnail","6":"product_cat-aedelstens-smykker-og-accessories","7":"product_cat-aroma-flasker-og-tilbehor","8":"product_cat-esoteriske-gaver","9":"product_cat-jaspis","10":"product_cat-krystaller-og-sten","11":"pa_collection-gemstone-roller-bottles-and-balls-da","12":"pa_made-in-kina","14":"first","15":"instock","16":"purchasable","17":"product-type-simple"},"supplier_id":null,"supplier_sku":"CGRB-08","barcode":null,"atum_controlled":true,"out_stock_date":null,"out_stock_threshold":null,"inheritable":false,"inbound_stock":null,"stock_on_hold":0,"sold_today":0,"sales_last_days":0,"reserved_stock":null,"customer_returns":null,"warehouse_damage":null,"lost_in_post":null,"other_logs":null,"out_stock_days":0,"lost_sales":0,"has_location":null,"update_date":"2026-04-27T06:56:56","atum_locations":[],"atum_stock_status":"instock","restock_status":false,"low_stock_amount":"","sales_update_date":"2026-01-30T01:26:13","calc_backorders":null,"_links":{"self":[{"href":"https:\/\/aromasentia.com\/da\/wp-json\/wp\/v2\/product\/201696","targetHints":{"allow":["GET"]}}],"collection":[{"href":"https:\/\/aromasentia.com\/da\/wp-json\/wp\/v2\/product"}],"about":[{"href":"https:\/\/aromasentia.com\/da\/wp-json\/wp\/v2\/types\/product"}],"replies":[{"embeddable":true,"href":"https:\/\/aromasentia.com\/da\/wp-json\/wp\/v2\/comments?post=201696"}],"version-history":[{"count":0,"href":"https:\/\/aromasentia.com\/da\/wp-json\/wp\/v2\/product\/201696\/revisions"}],"wp:featuredmedia":[{"embeddable":true,"href":"https:\/\/aromasentia.com\/da\/wp-json\/wp\/v2\/media\/333190"}],"wp:attachment":[{"href":"https:\/\/aromasentia.com\/da\/wp-json\/wp\/v2\/media?parent=201696"}],"wp:term":[{"taxonomy":"product_brand","embeddable":true,"href":"https:\/\/aromasentia.com\/da\/wp-json\/wp\/v2\/product_brand?post=201696"},{"taxonomy":"product_cat","embeddable":true,"href":"https:\/\/aromasentia.com\/da\/wp-json\/wp\/v2\/product_cat?post=201696"},{"taxonomy":"product_tag","embeddable":true,"href":"https:\/\/aromasentia.com\/da\/wp-json\/wp\/v2\/product_tag?post=201696"}],"curies":[{"name":"wp","href":"https:\/\/api.w.org\/{rel}","templated":true}]}}