{"id":201688,"date":"2025-03-22T13:29:24","date_gmt":"2025-03-22T13:29:24","guid":{"rendered":"https:\/\/aromasentia.com\/product\/calsite-side-polished-tower-approx-9-11cm\/"},"modified":"2025-06-22T03:39:20","modified_gmt":"2025-06-22T03:39:20","slug":"calsite-side-polished-tower-ca-9-11-cm","status":"publish","type":"product","link":"https:\/\/aromasentia.com\/da\/calsite-side-polished-tower-ca-9-11-cm\/","title":{"rendered":"Calsite Side Polished Tower (Ca. 9-11 cm)"},"content":{"rendered":"<p><span style=\"color: rgb(75, 80, 88);\">Disse fantastiske t\u00e5rne er fremstillet af naturlig calcit med en unik sidepolering, der fremh\u00e6ver stenens indviklede m\u00f8nstre og teksturer. Hvert t\u00e5rn pr\u00e6senterer en kombination af r\u00e5 og polerede overflader, hvilket giver et visuelt sl\u00e5ende stykke, der eksemplificerer calcits naturlige tiltr\u00e6kningskraft.<\/span><\/p>\n<p><span style=\"color: rgb(75, 80, 88);\"><strong>Naturlig sk\u00f8nhed<\/strong>: Hvert t\u00e5rn er lavet af \u00e6gte calcit, og hvert t\u00e5rn fremviser unikke m\u00f8nstre og krystalformationer, hvilket sikrer, at hvert stykke er unikt.<\/span><\/p>\n<p><span style=\"color: rgb(75, 80, 88);\"><strong>Sidepolering<\/strong>: Denne sidste finish forst\u00e6rker den \u00e6stetiske appel ved at kontrastere stenens robuste naturlige overflade med slanke, polerede sektioner, der henleder opm\u00e6rksomheden p\u00e5 calcits indviklede detaljer.<\/span><\/p>\n<p><span style=\"color: rgb(75, 80, 88);\">Perfekt til boligindretning, som et sl\u00e5ende midtpunkt, i meditationsrum eller som en bet\u00e6nksom gave til krystalelskere.<\/span><\/p>\n<p><span style=\"color: rgb(75, 80, 88);\">Tilf\u00f8j disse elegante <strong>Calcit Side Polish Towers<\/strong> til din inventar eller personlige samling, ideelle til alle, der v\u00e6rds\u00e6tter den uds\u00f8gte naturlige sk\u00f8nhed af krystaller og mineraler.<\/span><\/p>\n<p><span style=\"color: rgb(75, 80, 88);\"><strong>M\u00e5l<\/strong>: Cirka 9-11 cm<\/span><\/p>\n","protected":false},"excerpt":{"rendered":"<p>Disse fantastiske t\u00e5rne er fremstillet af naturlig calcit med en unik sidepolering, der fremh\u00e6ver stenens indviklede m\u00f8nstre og teksturer. Hvert t\u00e5rn pr\u00e6senterer en kombination af r\u00e5 og polerede overflader, hvilket giver et visuelt sl\u00e5ende stykke, der eksemplificerer calcits naturlige tiltr\u00e6kningskraft. Naturlig sk\u00f8nhed: Hvert t\u00e5rn er lavet af \u00e6gte calcit, og hvert t\u00e5rn fremviser unikke m\u00f8nstre [&hellip;]<\/p>\n","protected":false},"featured_media":332822,"comment_status":"closed","ping_status":"open","template":"","meta":{"_angie_page":false},"product_brand":[],"product_cat":[6243,6869],"product_tag":[],"class_list":{"0":"post-201688","1":"product","2":"type-product","3":"status-publish","4":"has-post-thumbnail","6":"product_cat-esoteriske-gaver","7":"product_cat-lommesten","8":"pa_collection-calcite-geodes-da","9":"pa_made-in-kina","11":"first","12":"instock","13":"purchasable","14":"product-type-simple"},"supplier_id":null,"supplier_sku":"Cgeo-09","barcode":null,"atum_controlled":true,"out_stock_date":null,"out_stock_threshold":null,"inheritable":false,"inbound_stock":null,"stock_on_hold":0,"sold_today":0,"sales_last_days":0,"reserved_stock":null,"customer_returns":null,"warehouse_damage":null,"lost_in_post":null,"other_logs":null,"out_stock_days":0,"lost_sales":0,"has_location":null,"update_date":"2026-04-29T06:54:08","atum_locations":[],"atum_stock_status":"instock","restock_status":false,"low_stock_amount":"","sales_update_date":"2026-01-30T01:25:49","calc_backorders":null,"_links":{"self":[{"href":"https:\/\/aromasentia.com\/da\/wp-json\/wp\/v2\/product\/201688","targetHints":{"allow":["GET"]}}],"collection":[{"href":"https:\/\/aromasentia.com\/da\/wp-json\/wp\/v2\/product"}],"about":[{"href":"https:\/\/aromasentia.com\/da\/wp-json\/wp\/v2\/types\/product"}],"replies":[{"embeddable":true,"href":"https:\/\/aromasentia.com\/da\/wp-json\/wp\/v2\/comments?post=201688"}],"version-history":[{"count":0,"href":"https:\/\/aromasentia.com\/da\/wp-json\/wp\/v2\/product\/201688\/revisions"}],"wp:featuredmedia":[{"embeddable":true,"href":"https:\/\/aromasentia.com\/da\/wp-json\/wp\/v2\/media\/332822"}],"wp:attachment":[{"href":"https:\/\/aromasentia.com\/da\/wp-json\/wp\/v2\/media?parent=201688"}],"wp:term":[{"taxonomy":"product_brand","embeddable":true,"href":"https:\/\/aromasentia.com\/da\/wp-json\/wp\/v2\/product_brand?post=201688"},{"taxonomy":"product_cat","embeddable":true,"href":"https:\/\/aromasentia.com\/da\/wp-json\/wp\/v2\/product_cat?post=201688"},{"taxonomy":"product_tag","embeddable":true,"href":"https:\/\/aromasentia.com\/da\/wp-json\/wp\/v2\/product_tag?post=201688"}],"curies":[{"name":"wp","href":"https:\/\/api.w.org\/{rel}","templated":true}]}}