{"id":201680,"date":"2025-03-22T13:29:24","date_gmt":"2025-03-22T13:29:24","guid":{"rendered":"https:\/\/aromasentia.com\/product\/calcite-geodes-3-4-cm\/"},"modified":"2025-06-22T03:39:15","modified_gmt":"2025-06-22T03:39:15","slug":"calcit-geoder-3-4-cm","status":"publish","type":"product","link":"https:\/\/aromasentia.com\/da\/calcit-geoder-3-4-cm\/","title":{"rendered":"Calcit Geoder &#8211; 3-4 cm"},"content":{"rendered":"<p>En smuk geode fyldt med calcit- og kvartskrystaller fra Marokko, direkte fra Moder Jord. Geoder ser fantastiske ud, n\u00e5r de revnes op. Det er nemt at \u00e5bne dem, de er hulere end andre geoder. &nbsp; &nbsp; &nbsp; &nbsp; &nbsp; &nbsp; &nbsp;De har ogs\u00e5 en tendens til at producere flere krystaller.<\/p>\n<p>En geode er en rund sten, der indeholder et hulrum foret med krystaller. Sten, der er fuldst\u00e6ndig fyldt med sm\u00e5 kompakte krystaller. Calcit er et karbonatmineral og den mest stabile polymorf af calciumcarbonat. Calcit menes at forst\u00e6rke tanker, forbedre hukommelse og intellektuel kapacitet; fremme mental v\u00e6kst og udvikling.<\/p>\n<p>Sm\u00e5 geoder som (nummer 5) s\u00e6lges ofte i novelty- og science-butikker til folk, der selv \u00f8nsker at have oplevelsen af at \u00e5bne en geode. De vil v\u00e6re det f\u00f8rste menneske til at se skatten indeni. St\u00f8rrelsen, formen og farven p\u00e5 det produkt, du modtager, kan afvige en smule fra det produkt, der vises p\u00e5 billedet.<\/p>\n","protected":false},"excerpt":{"rendered":"<p>En smuk geode fyldt med calcit- og kvartskrystaller fra Marokko, direkte fra Moder Jord. Geoder ser fantastiske ud, n\u00e5r de revnes op. Det er nemt at \u00e5bne dem, de er hulere end andre geoder. &nbsp; &nbsp; &nbsp; &nbsp; &nbsp; &nbsp; &nbsp;De har ogs\u00e5 en tendens til at producere flere krystaller. En geode er en rund [&hellip;]<\/p>\n","protected":false},"featured_media":332702,"comment_status":"closed","ping_status":"open","template":"","meta":{"_angie_page":false},"product_brand":[],"product_cat":[25571,6243,25222,6869],"product_tag":[],"class_list":{"0":"post-201680","1":"product","2":"type-product","3":"status-publish","4":"has-post-thumbnail","6":"product_cat-calcit","7":"product_cat-esoteriske-gaver","8":"product_cat-krystaller-og-sten","9":"product_cat-lommesten","10":"pa_collection-calcite-geodes-da","11":"pa_made-in-marokko","13":"first","14":"instock","15":"purchasable","16":"product-type-simple"},"supplier_id":null,"supplier_sku":"CGeo-01","barcode":null,"atum_controlled":true,"out_stock_date":null,"out_stock_threshold":null,"inheritable":false,"inbound_stock":null,"stock_on_hold":0,"sold_today":0,"sales_last_days":0,"reserved_stock":null,"customer_returns":null,"warehouse_damage":null,"lost_in_post":null,"other_logs":null,"out_stock_days":0,"lost_sales":0,"has_location":null,"update_date":"2026-04-27T06:56:38","atum_locations":[],"atum_stock_status":"instock","restock_status":false,"low_stock_amount":"","sales_update_date":"2026-01-30T01:24:38","calc_backorders":null,"_links":{"self":[{"href":"https:\/\/aromasentia.com\/da\/wp-json\/wp\/v2\/product\/201680","targetHints":{"allow":["GET"]}}],"collection":[{"href":"https:\/\/aromasentia.com\/da\/wp-json\/wp\/v2\/product"}],"about":[{"href":"https:\/\/aromasentia.com\/da\/wp-json\/wp\/v2\/types\/product"}],"replies":[{"embeddable":true,"href":"https:\/\/aromasentia.com\/da\/wp-json\/wp\/v2\/comments?post=201680"}],"version-history":[{"count":0,"href":"https:\/\/aromasentia.com\/da\/wp-json\/wp\/v2\/product\/201680\/revisions"}],"wp:featuredmedia":[{"embeddable":true,"href":"https:\/\/aromasentia.com\/da\/wp-json\/wp\/v2\/media\/332702"}],"wp:attachment":[{"href":"https:\/\/aromasentia.com\/da\/wp-json\/wp\/v2\/media?parent=201680"}],"wp:term":[{"taxonomy":"product_brand","embeddable":true,"href":"https:\/\/aromasentia.com\/da\/wp-json\/wp\/v2\/product_brand?post=201680"},{"taxonomy":"product_cat","embeddable":true,"href":"https:\/\/aromasentia.com\/da\/wp-json\/wp\/v2\/product_cat?post=201680"},{"taxonomy":"product_tag","embeddable":true,"href":"https:\/\/aromasentia.com\/da\/wp-json\/wp\/v2\/product_tag?post=201680"}],"curies":[{"name":"wp","href":"https:\/\/api.w.org\/{rel}","templated":true}]}}