{"id":201664,"date":"2025-03-22T13:29:24","date_gmt":"2025-03-22T13:29:24","guid":{"rendered":"https:\/\/aromasentia.com\/product\/coloured-calsite-geodes-black-rock-purple\/"},"modified":"2025-06-22T03:39:08","modified_gmt":"2025-06-22T03:39:08","slug":"farvede-calcit-geoder-sort-sten-lilla","status":"publish","type":"product","link":"https:\/\/aromasentia.com\/da\/farvede-calcit-geoder-sort-sten-lilla\/","title":{"rendered":"Farvede Calcit Geoder &#8211; Sort Sten &#8211; Lilla"},"content":{"rendered":"<p><span style=\"color: rgb(75, 80, 88);\">Denne smukke kunstigt farvede <strong>Calcitgeode &#8211; Sort sten &#8211; Lilla<\/strong> giver sin farve, n\u00e5r den \u00e5bnes, og de krystaller, der er dannet der, er storsl\u00e5ede.<\/span><\/p>\n<p><span style=\"color: rgb(75, 80, 88);\">Geoder er hule sten, indeni hvilke der er dannet krystaller. Hver geode er derfor helt unik og resultatet af en meget lang krystallisationsproces.<\/span><\/p>\n<p><span style=\"color: rgb(75, 80, 88);\">Geoder kan v\u00e6re sv\u00e6re at finde, da de er sv\u00e6re at genkende p\u00e5 ydersiden og er lettere end massive sten.<\/span><\/p>\n<p><span style=\"color: rgb(75, 80, 88);\">De er perfekte som dekorative genstande, for eksempel til at samle p\u00e5 dem og vise dem \u00e5bne. Geoder er stadig trendy og super nemme at s\u00e6lge.<\/span><\/p>\n<p><span style=\"color: rgb(75, 80, 88);\"><strong>NB: Geoder og krystaller indeni er malede.<\/strong><\/span><\/p>\n<p><span style=\"color: rgb(141, 186, 216);\"><strong>Bestil nu og se dem flyve af hylden.<\/strong><\/span><\/p>\n","protected":false},"excerpt":{"rendered":"<p>Denne smukke kunstigt farvede Calcitgeode &#8211; Sort sten &#8211; Lilla giver sin farve, n\u00e5r den \u00e5bnes, og de krystaller, der er dannet der, er storsl\u00e5ede. Geoder er hule sten, indeni hvilke der er dannet krystaller. Hver geode er derfor helt unik og resultatet af en meget lang krystallisationsproces. Geoder kan v\u00e6re sv\u00e6re at finde, da [&hellip;]<\/p>\n","protected":false},"featured_media":332094,"comment_status":"closed","ping_status":"open","template":"","meta":{"_angie_page":false},"product_brand":[],"product_cat":[6243,6869],"product_tag":[],"class_list":{"0":"post-201664","1":"product","2":"type-product","3":"status-publish","4":"has-post-thumbnail","6":"product_cat-esoteriske-gaver","7":"product_cat-lommesten","8":"pa_collection-coloured-calcite-geodes-da","9":"pa_made-in-marokko","11":"first","12":"instock","13":"purchasable","14":"product-type-simple"},"supplier_id":null,"supplier_sku":"CCGeo-02","barcode":null,"atum_controlled":true,"out_stock_date":null,"out_stock_threshold":null,"inheritable":false,"inbound_stock":null,"stock_on_hold":0,"sold_today":0,"sales_last_days":0,"reserved_stock":null,"customer_returns":null,"warehouse_damage":null,"lost_in_post":null,"other_logs":null,"out_stock_days":0,"lost_sales":0,"has_location":null,"update_date":"2026-04-27T06:56:10","atum_locations":[],"atum_stock_status":"instock","restock_status":false,"low_stock_amount":"","sales_update_date":"2025-10-09T03:27:22","calc_backorders":null,"_links":{"self":[{"href":"https:\/\/aromasentia.com\/da\/wp-json\/wp\/v2\/product\/201664","targetHints":{"allow":["GET"]}}],"collection":[{"href":"https:\/\/aromasentia.com\/da\/wp-json\/wp\/v2\/product"}],"about":[{"href":"https:\/\/aromasentia.com\/da\/wp-json\/wp\/v2\/types\/product"}],"replies":[{"embeddable":true,"href":"https:\/\/aromasentia.com\/da\/wp-json\/wp\/v2\/comments?post=201664"}],"version-history":[{"count":0,"href":"https:\/\/aromasentia.com\/da\/wp-json\/wp\/v2\/product\/201664\/revisions"}],"wp:featuredmedia":[{"embeddable":true,"href":"https:\/\/aromasentia.com\/da\/wp-json\/wp\/v2\/media\/332094"}],"wp:attachment":[{"href":"https:\/\/aromasentia.com\/da\/wp-json\/wp\/v2\/media?parent=201664"}],"wp:term":[{"taxonomy":"product_brand","embeddable":true,"href":"https:\/\/aromasentia.com\/da\/wp-json\/wp\/v2\/product_brand?post=201664"},{"taxonomy":"product_cat","embeddable":true,"href":"https:\/\/aromasentia.com\/da\/wp-json\/wp\/v2\/product_cat?post=201664"},{"taxonomy":"product_tag","embeddable":true,"href":"https:\/\/aromasentia.com\/da\/wp-json\/wp\/v2\/product_tag?post=201664"}],"curies":[{"name":"wp","href":"https:\/\/api.w.org\/{rel}","templated":true}]}}