{"id":201662,"date":"2025-03-22T13:29:24","date_gmt":"2025-03-22T13:29:24","guid":{"rendered":"https:\/\/aromasentia.com\/product\/chakra-spheres-40-50mm\/"},"modified":"2025-06-22T03:39:08","modified_gmt":"2025-06-22T03:39:08","slug":"chakra-kugler-40-50-mm","status":"publish","type":"product","link":"https:\/\/aromasentia.com\/da\/chakra-kugler-40-50-mm\/","title":{"rendered":"Chakra Kugler 40-50 mm"},"content":{"rendered":"<p><span style=\"color: rgb(75, 80, 88);\"><strong>Hver sten er omhyggeligt fremstillet af de fineste \u00e6delsten, med syv forskellige farver, der repr\u00e6senterer de individuelle chakraer<\/strong>. Disse Bonded Chakra Stones, der stammer fra det mystiske land Indien, legemligg\u00f8r \u00e5rhundreder gamle traditioner for \u00e6delstenshealing.<\/span><\/p>\n<p><span style=\"color: rgb(75, 80, 88);\">Bonded Chakra Stones er mere end blot smukke dekorationer; de er dybtg\u00e5ende v\u00e6rkt\u00f8jer til at forbedre velv\u00e6re og spirituel harmoni. Disse esoteriske \u00e6delsten er bestemt til at fortrylle dine \u00e6delstenselskende kunder og samlere.<\/span><\/p>\n<p><span style=\"color: rgb(75, 80, 88);\"><strong>Tr\u00e6d ind i en verden af ro og balance med vores Chakra Spheres.<\/strong> Disse sf\u00e6rer er fremstillet af et varieret udvalg af \u00e6delsten og udsender harmonisk energi i alle retninger. Placer en i dit rum for at skabe en atmosf\u00e6re af ro, eller brug den under meditation til at afstemme dine chakraer og fremme indre ligev\u00e6gt.<\/span><\/p>\n<p><span style=\"color: rgb(75, 80, 88);\"><em>Bem\u00e6rk venligst, at da disse bundne chakrasten er h\u00e5ndlavede, kan der forekomme sm\u00e5 variationer i st\u00f8rrelse og v\u00e6gt p\u00e5 grund af deres h\u00e5ndlavede natur.<\/em><\/span><\/p>\n","protected":false},"excerpt":{"rendered":"<p>Hver sten er omhyggeligt fremstillet af de fineste \u00e6delsten, med syv forskellige farver, der repr\u00e6senterer de individuelle chakraer. Disse Bonded Chakra Stones, der stammer fra det mystiske land Indien, legemligg\u00f8r \u00e5rhundreder gamle traditioner for \u00e6delstenshealing. Bonded Chakra Stones er mere end blot smukke dekorationer; de er dybtg\u00e5ende v\u00e6rkt\u00f8jer til at forbedre velv\u00e6re og spirituel harmoni. [&hellip;]<\/p>\n","protected":false},"featured_media":332020,"comment_status":"closed","ping_status":"open","template":"","meta":[],"product_brand":[],"product_cat":[6243,6902],"product_tag":[],"class_list":{"0":"post-201662","1":"product","2":"type-product","3":"status-publish","4":"has-post-thumbnail","6":"product_cat-esoteriske-gaver","7":"product_cat-vedhaeng-og-runesten","8":"pa_collection-bonded-chakra-stones-da","9":"pa_made-in-indien","11":"first","12":"instock","13":"purchasable","14":"product-type-simple"},"supplier_id":null,"supplier_sku":"BBCs-01","barcode":null,"atum_controlled":true,"out_stock_date":null,"out_stock_threshold":null,"inheritable":false,"inbound_stock":null,"stock_on_hold":0,"sold_today":0,"sales_last_days":0,"reserved_stock":null,"customer_returns":null,"warehouse_damage":null,"lost_in_post":null,"other_logs":null,"out_stock_days":0,"lost_sales":0,"has_location":null,"update_date":"2026-02-11T09:34:05","atum_locations":[],"atum_stock_status":"instock","restock_status":false,"low_stock_amount":"","sales_update_date":"2025-10-09T03:25:57","calc_backorders":null,"_links":{"self":[{"href":"https:\/\/aromasentia.com\/da\/wp-json\/wp\/v2\/product\/201662","targetHints":{"allow":["GET"]}}],"collection":[{"href":"https:\/\/aromasentia.com\/da\/wp-json\/wp\/v2\/product"}],"about":[{"href":"https:\/\/aromasentia.com\/da\/wp-json\/wp\/v2\/types\/product"}],"replies":[{"embeddable":true,"href":"https:\/\/aromasentia.com\/da\/wp-json\/wp\/v2\/comments?post=201662"}],"version-history":[{"count":0,"href":"https:\/\/aromasentia.com\/da\/wp-json\/wp\/v2\/product\/201662\/revisions"}],"wp:featuredmedia":[{"embeddable":true,"href":"https:\/\/aromasentia.com\/da\/wp-json\/wp\/v2\/media\/332020"}],"wp:attachment":[{"href":"https:\/\/aromasentia.com\/da\/wp-json\/wp\/v2\/media?parent=201662"}],"wp:term":[{"taxonomy":"product_brand","embeddable":true,"href":"https:\/\/aromasentia.com\/da\/wp-json\/wp\/v2\/product_brand?post=201662"},{"taxonomy":"product_cat","embeddable":true,"href":"https:\/\/aromasentia.com\/da\/wp-json\/wp\/v2\/product_cat?post=201662"},{"taxonomy":"product_tag","embeddable":true,"href":"https:\/\/aromasentia.com\/da\/wp-json\/wp\/v2\/product_tag?post=201662"}],"curies":[{"name":"wp","href":"https:\/\/api.w.org\/{rel}","templated":true}]}}