{"id":201660,"date":"2025-03-22T13:29:24","date_gmt":"2025-03-22T13:29:24","guid":{"rendered":"https:\/\/aromasentia.com\/product\/chakra-hearts-45-60mm\/"},"modified":"2025-06-22T03:39:05","modified_gmt":"2025-06-22T03:39:05","slug":"chakra-hjerter-45-60-mm","status":"publish","type":"product","link":"https:\/\/aromasentia.com\/da\/chakra-hjerter-45-60-mm\/","title":{"rendered":"Chakra Hjerter 45-60 mm"},"content":{"rendered":"<p><span style=\"color: rgb(75, 80, 88);\"><strong>Hver sten er omhyggeligt fremstillet og h\u00e5ndlavet af de fineste \u00e6delsten, med syv forskellige farver, der repr\u00e6senterer de individuelle chakraer.<\/strong>Disse bundne chakrasten, der stammer fra det mystiske land Indien, legemligg\u00f8r \u00e5rhundreder gamle traditioner for \u00e6delstenshealing.<\/span><\/p>\n<p><span style=\"color: rgb(75, 80, 88);\">Bundne chakrasten er mere end blot smukke dekorationer; de er dybtg\u00e5ende v\u00e6rkt\u00f8jer til at forbedre velv\u00e6re og spirituel harmoni. Disse esoteriske \u00e6delsten er bestemt til at fange dine \u00e6delstens-elskende kunder og samlere.<\/span><\/p>\n<p><span style=\"color: rgb(75, 80, 88);\"><strong>Chakra-hjertet legemligg\u00f8r essensen af k\u00e6rlighed, medf\u00f8lelse og balance.<\/strong> Disse hjerter er udsk\u00e5ret af en r\u00e6kke forskellige \u00e6delsten, der repr\u00e6senterer chakraerne, og udstr\u00e5ler harmonisk energi. Hold en t\u00e6t p\u00e5 dit hjerte for at forst\u00e6rke f\u00f8lelser af k\u00e6rlighed og forbindelse, eller brug den i meditation for at uddybe din spirituelle rejse.<\/span><\/p>\n<p><span style=\"color: rgb(75, 80, 88);\"><em>Bem\u00e6rk venligst, at da disse Bonded Chakra Stones er h\u00e5ndlavede, kan der forekomme sm\u00e5 variationer i st\u00f8rrelse og v\u00e6gt p\u00e5 grund af deres h\u00e5ndlavede natur.<\/em><\/span><\/p>\n","protected":false},"excerpt":{"rendered":"<p>Hver sten er omhyggeligt fremstillet og h\u00e5ndlavet af de fineste \u00e6delsten, med syv forskellige farver, der repr\u00e6senterer de individuelle chakraer.Disse bundne chakrasten, der stammer fra det mystiske land Indien, legemligg\u00f8r \u00e5rhundreder gamle traditioner for \u00e6delstenshealing. Bundne chakrasten er mere end blot smukke dekorationer; de er dybtg\u00e5ende v\u00e6rkt\u00f8jer til at forbedre velv\u00e6re og spirituel harmoni. Disse [&hellip;]<\/p>\n","protected":false},"featured_media":331978,"comment_status":"closed","ping_status":"open","template":"","meta":[],"product_brand":[],"product_cat":[6243,6902],"product_tag":[],"class_list":{"0":"post-201660","1":"product","2":"type-product","3":"status-publish","4":"has-post-thumbnail","6":"product_cat-esoteriske-gaver","7":"product_cat-vedhaeng-og-runesten","8":"pa_collection-bonded-chakra-stones-da","9":"pa_made-in-indien","11":"first","12":"instock","13":"purchasable","14":"product-type-simple"},"supplier_id":null,"supplier_sku":"BBCs-03","barcode":null,"atum_controlled":true,"out_stock_date":null,"out_stock_threshold":null,"inheritable":false,"inbound_stock":null,"stock_on_hold":0,"sold_today":0,"sales_last_days":0,"reserved_stock":null,"customer_returns":null,"warehouse_damage":null,"lost_in_post":null,"other_logs":null,"out_stock_days":0,"lost_sales":0,"has_location":null,"update_date":"2026-01-30T01:25:00","atum_locations":[],"atum_stock_status":"instock","restock_status":false,"low_stock_amount":"","sales_update_date":"2026-01-30T01:25:00","calc_backorders":null,"_links":{"self":[{"href":"https:\/\/aromasentia.com\/da\/wp-json\/wp\/v2\/product\/201660","targetHints":{"allow":["GET"]}}],"collection":[{"href":"https:\/\/aromasentia.com\/da\/wp-json\/wp\/v2\/product"}],"about":[{"href":"https:\/\/aromasentia.com\/da\/wp-json\/wp\/v2\/types\/product"}],"replies":[{"embeddable":true,"href":"https:\/\/aromasentia.com\/da\/wp-json\/wp\/v2\/comments?post=201660"}],"version-history":[{"count":0,"href":"https:\/\/aromasentia.com\/da\/wp-json\/wp\/v2\/product\/201660\/revisions"}],"wp:featuredmedia":[{"embeddable":true,"href":"https:\/\/aromasentia.com\/da\/wp-json\/wp\/v2\/media\/331978"}],"wp:attachment":[{"href":"https:\/\/aromasentia.com\/da\/wp-json\/wp\/v2\/media?parent=201660"}],"wp:term":[{"taxonomy":"product_brand","embeddable":true,"href":"https:\/\/aromasentia.com\/da\/wp-json\/wp\/v2\/product_brand?post=201660"},{"taxonomy":"product_cat","embeddable":true,"href":"https:\/\/aromasentia.com\/da\/wp-json\/wp\/v2\/product_cat?post=201660"},{"taxonomy":"product_tag","embeddable":true,"href":"https:\/\/aromasentia.com\/da\/wp-json\/wp\/v2\/product_tag?post=201660"}],"curies":[{"name":"wp","href":"https:\/\/api.w.org\/{rel}","templated":true}]}}