{"id":201657,"date":"2025-03-22T13:29:32","date_gmt":"2025-03-22T13:29:32","guid":{"rendered":"https:\/\/aromasentia.com\/product\/gemstone-lucky-elephant-crazy-lace-agate-50x35x25mm\/"},"modified":"2025-06-22T03:39:04","modified_gmt":"2025-06-22T03:39:04","slug":"lucky-elephant-crazy-lace-agate-50x35x25mm","status":"publish","type":"product","link":"https:\/\/aromasentia.com\/da\/lucky-elephant-crazy-lace-agate-50x35x25mm\/","title":{"rendered":"Lucky Elephant &#8211; Crazy Lace Agate 50X35X25mm"},"content":{"rendered":"<p>Omfavn gl\u00e6delig stabilitet med denne \u00e6delsten Lucky Elephant &#8211; Crazy Lace Agate. Denne unikke elefantfigur, der m\u00e5ler ca. 50x35x25 mm, er udsk\u00e5ret af den levende Crazy Lace Agate, der er kendt som &#8220;Latterstenen&#8221; eller &#8220;Happy Lace&#8221;. Elefanter symboliserer held og visdom, mens Crazy Lace Agate fremmer gl\u00e6de, optimisme og mental smidighed. En vidunderlig munter og jordn\u00e6r sten, der er perfekt til at l\u00f8fte hum\u00f8ret, opmuntre til positive tankem\u00f8nstre og tilf\u00f8re et strejf af legende energi.<\/p>\n","protected":false},"excerpt":{"rendered":"<p>Omfavn gl\u00e6delig stabilitet med denne \u00e6delsten Lucky Elephant &#8211; Crazy Lace Agate. Denne unikke elefantfigur, der m\u00e5ler ca. 50x35x25 mm, er udsk\u00e5ret af den levende Crazy Lace Agate, der er kendt som &#8220;Latterstenen&#8221; eller &#8220;Happy Lace&#8221;. Elefanter symboliserer held og visdom, mens Crazy Lace Agate fremmer gl\u00e6de, optimisme og mental smidighed. En vidunderlig munter og [&hellip;]<\/p>\n","protected":false},"featured_media":335553,"comment_status":"closed","ping_status":"open","template":"","meta":{"_angie_page":false},"product_brand":[],"product_cat":[25537,6950,6243,25222],"product_tag":[],"class_list":{"0":"post-201657","1":"product","2":"type-product","3":"status-publish","4":"has-post-thumbnail","6":"product_cat-achat","7":"product_cat-aedelstens-smykker-og-accessories","8":"product_cat-esoteriske-gaver","9":"product_cat-krystaller-og-sten","10":"pa_collection-gemstone-figures-da","11":"pa_made-in-kina","13":"first","14":"instock","15":"purchasable","16":"product-type-simple"},"supplier_id":null,"supplier_sku":"GemF-57","barcode":null,"atum_controlled":true,"out_stock_date":null,"out_stock_threshold":null,"inheritable":false,"inbound_stock":null,"stock_on_hold":0,"sold_today":0,"sales_last_days":0,"reserved_stock":null,"customer_returns":null,"warehouse_damage":null,"lost_in_post":null,"other_logs":null,"out_stock_days":0,"lost_sales":0,"has_location":null,"update_date":"2026-04-28T18:50:19","atum_locations":[],"atum_stock_status":"instock","restock_status":false,"low_stock_amount":"","sales_update_date":"2026-02-06T00:00:45","calc_backorders":null,"_links":{"self":[{"href":"https:\/\/aromasentia.com\/da\/wp-json\/wp\/v2\/product\/201657","targetHints":{"allow":["GET"]}}],"collection":[{"href":"https:\/\/aromasentia.com\/da\/wp-json\/wp\/v2\/product"}],"about":[{"href":"https:\/\/aromasentia.com\/da\/wp-json\/wp\/v2\/types\/product"}],"replies":[{"embeddable":true,"href":"https:\/\/aromasentia.com\/da\/wp-json\/wp\/v2\/comments?post=201657"}],"version-history":[{"count":0,"href":"https:\/\/aromasentia.com\/da\/wp-json\/wp\/v2\/product\/201657\/revisions"}],"wp:featuredmedia":[{"embeddable":true,"href":"https:\/\/aromasentia.com\/da\/wp-json\/wp\/v2\/media\/335553"}],"wp:attachment":[{"href":"https:\/\/aromasentia.com\/da\/wp-json\/wp\/v2\/media?parent=201657"}],"wp:term":[{"taxonomy":"product_brand","embeddable":true,"href":"https:\/\/aromasentia.com\/da\/wp-json\/wp\/v2\/product_brand?post=201657"},{"taxonomy":"product_cat","embeddable":true,"href":"https:\/\/aromasentia.com\/da\/wp-json\/wp\/v2\/product_cat?post=201657"},{"taxonomy":"product_tag","embeddable":true,"href":"https:\/\/aromasentia.com\/da\/wp-json\/wp\/v2\/product_tag?post=201657"}],"curies":[{"name":"wp","href":"https:\/\/api.w.org\/{rel}","templated":true}]}}