{"id":201655,"date":"2025-03-22T13:29:32","date_gmt":"2025-03-22T13:29:32","guid":{"rendered":"https:\/\/aromasentia.com\/product\/gemstone-lucky-cat-gold-tiger-eye-50x35x25mm\/"},"modified":"2025-06-22T03:39:03","modified_gmt":"2025-06-22T03:39:03","slug":"lucky-cat-guld-tigeroeje-50x35x25mm","status":"publish","type":"product","link":"https:\/\/aromasentia.com\/da\/lucky-cat-guld-tigeroeje-50x35x25mm\/","title":{"rendered":"Lucky Cat &#8211; Guld Tiger\u00f8je 50X35X25mm"},"content":{"rendered":"<p>\u00d8g selvtilliden og velstanden med denne \u00e6delsten Lucky Cat &#8211; Gold Tiger Eye. Denne f\u00e6ngslende Lucky Cat-udsk\u00e6ring, ca. 50x35x25 mm, er lavet af skinnende guldtiger\u00f8je. Maneki-neko tiltr\u00e6kker held og rigdom, mens Gold Tiger Eye styrker mod, klar t\u00e6nkning og personlig styrke, som ogs\u00e5 er kendt for at tiltr\u00e6kke velstand. En dynamisk og lykkebringende figur, der er perfekt til dit arbejdsomr\u00e5de eller hjem for at indbyde til succes, selvtillid og en j\u00e6vn str\u00f8m af held.<\/p>\n","protected":false},"excerpt":{"rendered":"<p>\u00d8g selvtilliden og velstanden med denne \u00e6delsten Lucky Cat &#8211; Gold Tiger Eye. Denne f\u00e6ngslende Lucky Cat-udsk\u00e6ring, ca. 50x35x25 mm, er lavet af skinnende guldtiger\u00f8je. Maneki-neko tiltr\u00e6kker held og rigdom, mens Gold Tiger Eye styrker mod, klar t\u00e6nkning og personlig styrke, som ogs\u00e5 er kendt for at tiltr\u00e6kke velstand. En dynamisk og lykkebringende figur, der [&hellip;]<\/p>\n","protected":false},"featured_media":335519,"comment_status":"closed","ping_status":"open","template":"","meta":{"_angie_page":false},"product_brand":[],"product_cat":[6950,6243,25222,25781],"product_tag":[],"class_list":{"0":"post-201655","1":"product","2":"type-product","3":"status-publish","4":"has-post-thumbnail","6":"product_cat-aedelstens-smykker-og-accessories","7":"product_cat-esoteriske-gaver","8":"product_cat-krystaller-og-sten","9":"product_cat-tigeroje","10":"pa_collection-gemstone-figures-da","11":"pa_made-in-kina","13":"first","14":"instock","15":"purchasable","16":"product-type-simple"},"supplier_id":null,"supplier_sku":"GemF-54","barcode":null,"atum_controlled":true,"out_stock_date":null,"out_stock_threshold":null,"inheritable":false,"inbound_stock":null,"stock_on_hold":0,"sold_today":0,"sales_last_days":0,"reserved_stock":null,"customer_returns":null,"warehouse_damage":null,"lost_in_post":null,"other_logs":null,"out_stock_days":0,"lost_sales":0,"has_location":null,"update_date":"2026-05-04T00:03:55","atum_locations":[],"atum_stock_status":"instock","restock_status":false,"low_stock_amount":"","sales_update_date":"2026-01-30T01:24:29","calc_backorders":null,"_links":{"self":[{"href":"https:\/\/aromasentia.com\/da\/wp-json\/wp\/v2\/product\/201655","targetHints":{"allow":["GET"]}}],"collection":[{"href":"https:\/\/aromasentia.com\/da\/wp-json\/wp\/v2\/product"}],"about":[{"href":"https:\/\/aromasentia.com\/da\/wp-json\/wp\/v2\/types\/product"}],"replies":[{"embeddable":true,"href":"https:\/\/aromasentia.com\/da\/wp-json\/wp\/v2\/comments?post=201655"}],"version-history":[{"count":0,"href":"https:\/\/aromasentia.com\/da\/wp-json\/wp\/v2\/product\/201655\/revisions"}],"wp:featuredmedia":[{"embeddable":true,"href":"https:\/\/aromasentia.com\/da\/wp-json\/wp\/v2\/media\/335519"}],"wp:attachment":[{"href":"https:\/\/aromasentia.com\/da\/wp-json\/wp\/v2\/media?parent=201655"}],"wp:term":[{"taxonomy":"product_brand","embeddable":true,"href":"https:\/\/aromasentia.com\/da\/wp-json\/wp\/v2\/product_brand?post=201655"},{"taxonomy":"product_cat","embeddable":true,"href":"https:\/\/aromasentia.com\/da\/wp-json\/wp\/v2\/product_cat?post=201655"},{"taxonomy":"product_tag","embeddable":true,"href":"https:\/\/aromasentia.com\/da\/wp-json\/wp\/v2\/product_tag?post=201655"}],"curies":[{"name":"wp","href":"https:\/\/api.w.org\/{rel}","templated":true}]}}