{"id":201651,"date":"2025-03-22T13:29:32","date_gmt":"2025-03-22T13:29:32","guid":{"rendered":"https:\/\/aromasentia.com\/product\/gemstone-large-dragon-head-bloodstone-60x30x35mm\/"},"modified":"2025-06-22T03:39:01","modified_gmt":"2025-06-22T03:39:01","slug":"stort-dragehoved-blodsten-60x30x35mm","status":"publish","type":"product","link":"https:\/\/aromasentia.com\/da\/stort-dragehoved-blodsten-60x30x35mm\/","title":{"rendered":"Stort Dragehoved &#8211; Blodsten 60X30X35mm"},"content":{"rendered":"<p>Udstr\u00e5l styrke og healing med denne \u00e6delsten Large Dragon Head &#8211; Bloodstone. Dette store dragehoved (ca. 60x30x35 mm) er hugget ud af potent blodsten og er et kraftfuldt symbol p\u00e5 mod, vitalitet og beskyttelse. Dragen, som er et symbol p\u00e5 element\u00e6r magt, kombineret med Bloodstones rensende og energigivende egenskaber, skaber en formidabel talisman. Perfekt til dem, der \u00f8nsker at \u00f8ge modstandskraften, overvinde udfordringer eller tilf\u00f8re deres omgivelser en betydelig beskyttende og vitaliserende energi.<\/p>\n","protected":false},"excerpt":{"rendered":"<p>Udstr\u00e5l styrke og healing med denne \u00e6delsten Large Dragon Head &#8211; Bloodstone. Dette store dragehoved (ca. 60x30x35 mm) er hugget ud af potent blodsten og er et kraftfuldt symbol p\u00e5 mod, vitalitet og beskyttelse. Dragen, som er et symbol p\u00e5 element\u00e6r magt, kombineret med Bloodstones rensende og energigivende egenskaber, skaber en formidabel talisman. Perfekt til [&hellip;]<\/p>\n","protected":false},"featured_media":335451,"comment_status":"closed","ping_status":"open","template":"","meta":{"_angie_page":false},"product_brand":[],"product_cat":[6950,25567,6243,25222],"product_tag":[],"class_list":{"0":"post-201651","1":"product","2":"type-product","3":"status-publish","4":"has-post-thumbnail","6":"product_cat-aedelstens-smykker-og-accessories","7":"product_cat-blodsten","8":"product_cat-esoteriske-gaver","9":"product_cat-krystaller-og-sten","10":"pa_collection-gemstone-figures-da","11":"pa_made-in-kina","13":"first","14":"instock","15":"purchasable","16":"product-type-simple"},"supplier_id":null,"supplier_sku":"GemF-49","barcode":null,"atum_controlled":true,"out_stock_date":null,"out_stock_threshold":null,"inheritable":false,"inbound_stock":null,"stock_on_hold":0,"sold_today":0,"sales_last_days":0,"reserved_stock":null,"customer_returns":null,"warehouse_damage":null,"lost_in_post":null,"other_logs":null,"out_stock_days":0,"lost_sales":0,"has_location":null,"update_date":"2026-04-27T07:04:45","atum_locations":[],"atum_stock_status":"instock","restock_status":false,"low_stock_amount":"","sales_update_date":"2026-01-30T01:25:27","calc_backorders":null,"_links":{"self":[{"href":"https:\/\/aromasentia.com\/da\/wp-json\/wp\/v2\/product\/201651","targetHints":{"allow":["GET"]}}],"collection":[{"href":"https:\/\/aromasentia.com\/da\/wp-json\/wp\/v2\/product"}],"about":[{"href":"https:\/\/aromasentia.com\/da\/wp-json\/wp\/v2\/types\/product"}],"replies":[{"embeddable":true,"href":"https:\/\/aromasentia.com\/da\/wp-json\/wp\/v2\/comments?post=201651"}],"version-history":[{"count":0,"href":"https:\/\/aromasentia.com\/da\/wp-json\/wp\/v2\/product\/201651\/revisions"}],"wp:featuredmedia":[{"embeddable":true,"href":"https:\/\/aromasentia.com\/da\/wp-json\/wp\/v2\/media\/335451"}],"wp:attachment":[{"href":"https:\/\/aromasentia.com\/da\/wp-json\/wp\/v2\/media?parent=201651"}],"wp:term":[{"taxonomy":"product_brand","embeddable":true,"href":"https:\/\/aromasentia.com\/da\/wp-json\/wp\/v2\/product_brand?post=201651"},{"taxonomy":"product_cat","embeddable":true,"href":"https:\/\/aromasentia.com\/da\/wp-json\/wp\/v2\/product_cat?post=201651"},{"taxonomy":"product_tag","embeddable":true,"href":"https:\/\/aromasentia.com\/da\/wp-json\/wp\/v2\/product_tag?post=201651"}],"curies":[{"name":"wp","href":"https:\/\/api.w.org\/{rel}","templated":true}]}}