{"id":201649,"date":"2025-03-22T13:29:32","date_gmt":"2025-03-22T13:29:32","guid":{"rendered":"https:\/\/aromasentia.com\/product\/gemstone-small-dragon-head-sodalite-45x30x28mm\/"},"modified":"2025-06-22T03:39:00","modified_gmt":"2025-06-22T03:39:00","slug":"lille-dragehoved-sodalit-45x30x28mm","status":"publish","type":"product","link":"https:\/\/aromasentia.com\/da\/lille-dragehoved-sodalit-45x30x28mm\/","title":{"rendered":"Lille Dragehoved &#8211; Sodalit 45X30X28mm"},"content":{"rendered":"<p>Forbedr klarhed og kommunikation med denne \u00e6delsten Small Dragon Head &#8211; Sodalite. Dette sp\u00e6ndende lille dragehoved, der m\u00e5ler ca. 45x30x28 mm, er udsk\u00e5ret af dybbl\u00e5 sodalit. Dragen symboliserer visdom og kraft, mens sodalitten fremmer logik, intuition og et sandf\u00e6rdigt udtryk. Dette smykke er perfekt til dem, der \u00f8nsker at forbedre deres forst\u00e5else, tale deres sandhed eller udnytte deres indre visdom, idet det kombinerer mytisk styrke med intellektuel indsigt i en f\u00e6ngslende udsk\u00e6ring.<\/p>\n","protected":false},"excerpt":{"rendered":"<p>Forbedr klarhed og kommunikation med denne \u00e6delsten Small Dragon Head &#8211; Sodalite. Dette sp\u00e6ndende lille dragehoved, der m\u00e5ler ca. 45x30x28 mm, er udsk\u00e5ret af dybbl\u00e5 sodalit. Dragen symboliserer visdom og kraft, mens sodalitten fremmer logik, intuition og et sandf\u00e6rdigt udtryk. Dette smykke er perfekt til dem, der \u00f8nsker at forbedre deres forst\u00e5else, tale deres sandhed [&hellip;]<\/p>\n","protected":false},"featured_media":335417,"comment_status":"closed","ping_status":"open","template":"","meta":{"_angie_page":false},"product_brand":[],"product_cat":[6950,6243,25222,25773],"product_tag":[],"class_list":{"0":"post-201649","1":"product","2":"type-product","3":"status-publish","4":"has-post-thumbnail","6":"product_cat-aedelstens-smykker-og-accessories","7":"product_cat-esoteriske-gaver","8":"product_cat-krystaller-og-sten","9":"product_cat-sodalit","10":"pa_collection-gemstone-figures-da","11":"pa_made-in-kina","13":"first","14":"instock","15":"purchasable","16":"product-type-simple"},"supplier_id":null,"supplier_sku":"GemF-46","barcode":null,"atum_controlled":true,"out_stock_date":null,"out_stock_threshold":null,"inheritable":false,"inbound_stock":null,"stock_on_hold":0,"sold_today":0,"sales_last_days":0,"reserved_stock":null,"customer_returns":null,"warehouse_damage":null,"lost_in_post":null,"other_logs":null,"out_stock_days":0,"lost_sales":0,"has_location":null,"update_date":"2026-04-27T07:04:45","atum_locations":[],"atum_stock_status":"instock","restock_status":false,"low_stock_amount":"","sales_update_date":"2026-01-30T01:25:55","calc_backorders":null,"_links":{"self":[{"href":"https:\/\/aromasentia.com\/da\/wp-json\/wp\/v2\/product\/201649","targetHints":{"allow":["GET"]}}],"collection":[{"href":"https:\/\/aromasentia.com\/da\/wp-json\/wp\/v2\/product"}],"about":[{"href":"https:\/\/aromasentia.com\/da\/wp-json\/wp\/v2\/types\/product"}],"replies":[{"embeddable":true,"href":"https:\/\/aromasentia.com\/da\/wp-json\/wp\/v2\/comments?post=201649"}],"version-history":[{"count":0,"href":"https:\/\/aromasentia.com\/da\/wp-json\/wp\/v2\/product\/201649\/revisions"}],"wp:featuredmedia":[{"embeddable":true,"href":"https:\/\/aromasentia.com\/da\/wp-json\/wp\/v2\/media\/335417"}],"wp:attachment":[{"href":"https:\/\/aromasentia.com\/da\/wp-json\/wp\/v2\/media?parent=201649"}],"wp:term":[{"taxonomy":"product_brand","embeddable":true,"href":"https:\/\/aromasentia.com\/da\/wp-json\/wp\/v2\/product_brand?post=201649"},{"taxonomy":"product_cat","embeddable":true,"href":"https:\/\/aromasentia.com\/da\/wp-json\/wp\/v2\/product_cat?post=201649"},{"taxonomy":"product_tag","embeddable":true,"href":"https:\/\/aromasentia.com\/da\/wp-json\/wp\/v2\/product_tag?post=201649"}],"curies":[{"name":"wp","href":"https:\/\/api.w.org\/{rel}","templated":true}]}}