{"id":201645,"date":"2025-03-22T13:29:32","date_gmt":"2025-03-22T13:29:32","guid":{"rendered":"https:\/\/aromasentia.com\/product\/gemstone-lrg-skull-opalite-50x40x30mm\/"},"modified":"2025-06-22T03:38:58","modified_gmt":"2025-06-22T03:38:58","slug":"stor-skull-opalite-50x40x30mm","status":"publish","type":"product","link":"https:\/\/aromasentia.com\/da\/stor-skull-opalite-50x40x30mm\/","title":{"rendered":"Stor Skull &#8211; Opalite- 50X40X30mm"},"content":{"rendered":"<p>Frig\u00f8r den g\u00e5defulde tiltr\u00e6kningskraft ved vores Opalite Gemstone Large Skull til dine kr\u00e6sne kunder. Dette f\u00e6ngslende <strong>50x40x30mm<\/strong> kranium er en perfekt blanding af symbolik og spirituel energi, hvilket g\u00f8r det til et enest\u00e5ende produkt for forhandlere, der \u00f8nsker at tilbyde unikke og f\u00e6ngslende produkter.<\/p>\n<p>Fusionen af kraniets mystik med opalits \u00e6teriske gl\u00f8d skaber et produkt, der <strong>resonerer med kunder, der er interesseret i alternativ healing og spirituel praksis<\/strong>. Som symbol p\u00e5 b\u00e5de d\u00f8delighed og introspektion indbyder kraniet til kontemplation, mens opalitten menes at forbedre intuition, f\u00f8lelsesm\u00e6ssigt velv\u00e6re og mental klarhed.<\/p>\n<p><strong>Kapitaliser p\u00e5 den voksende trend med krystal-infunderede produkter<\/strong> ved at tilbyde dette s\u00e6rpr\u00e6gede \u00e6delstenskranium. Dets store st\u00f8rrelse og elegante design g\u00f8r det til et fokuspunkt i ethvert rum, uanset om det er et hjem, et kontor eller et meditationsrum. Tiltr\u00e6k kunder, der \u00f8nsker at l\u00f8fte deres indretning og skabe en fredfyldt atmosf\u00e6re med denne f\u00e6ngslende tilf\u00f8jelse.<\/p>\n","protected":false},"excerpt":{"rendered":"<p>Frig\u00f8r den g\u00e5defulde tiltr\u00e6kningskraft ved vores Opalite Gemstone Large Skull til dine kr\u00e6sne kunder. Dette f\u00e6ngslende 50x40x30mm kranium er en perfekt blanding af symbolik og spirituel energi, hvilket g\u00f8r det til et enest\u00e5ende produkt for forhandlere, der \u00f8nsker at tilbyde unikke og f\u00e6ngslende produkter. Fusionen af kraniets mystik med opalits \u00e6teriske gl\u00f8d skaber et produkt, [&hellip;]<\/p>\n","protected":false},"featured_media":335349,"comment_status":"closed","ping_status":"open","template":"","meta":{"_angie_page":false},"product_brand":[],"product_cat":[6950,6243,25222,25706],"product_tag":[],"class_list":{"0":"post-201645","1":"product","2":"type-product","3":"status-publish","4":"has-post-thumbnail","6":"product_cat-aedelstens-smykker-og-accessories","7":"product_cat-esoteriske-gaver","8":"product_cat-krystaller-og-sten","9":"product_cat-opalit","10":"pa_collection-gemstone-figures-da","11":"pa_made-in-kina","13":"first","14":"instock","15":"purchasable","16":"product-type-simple"},"supplier_id":null,"supplier_sku":"GemF-42","barcode":null,"atum_controlled":true,"out_stock_date":null,"out_stock_threshold":null,"inheritable":false,"inbound_stock":null,"stock_on_hold":0,"sold_today":0,"sales_last_days":0,"reserved_stock":null,"customer_returns":null,"warehouse_damage":null,"lost_in_post":null,"other_logs":null,"out_stock_days":0,"lost_sales":0,"has_location":null,"update_date":"2026-04-27T07:04:45","atum_locations":[],"atum_stock_status":"instock","restock_status":false,"low_stock_amount":"","sales_update_date":"2026-01-30T01:24:58","calc_backorders":null,"_links":{"self":[{"href":"https:\/\/aromasentia.com\/da\/wp-json\/wp\/v2\/product\/201645","targetHints":{"allow":["GET"]}}],"collection":[{"href":"https:\/\/aromasentia.com\/da\/wp-json\/wp\/v2\/product"}],"about":[{"href":"https:\/\/aromasentia.com\/da\/wp-json\/wp\/v2\/types\/product"}],"replies":[{"embeddable":true,"href":"https:\/\/aromasentia.com\/da\/wp-json\/wp\/v2\/comments?post=201645"}],"version-history":[{"count":0,"href":"https:\/\/aromasentia.com\/da\/wp-json\/wp\/v2\/product\/201645\/revisions"}],"wp:featuredmedia":[{"embeddable":true,"href":"https:\/\/aromasentia.com\/da\/wp-json\/wp\/v2\/media\/335349"}],"wp:attachment":[{"href":"https:\/\/aromasentia.com\/da\/wp-json\/wp\/v2\/media?parent=201645"}],"wp:term":[{"taxonomy":"product_brand","embeddable":true,"href":"https:\/\/aromasentia.com\/da\/wp-json\/wp\/v2\/product_brand?post=201645"},{"taxonomy":"product_cat","embeddable":true,"href":"https:\/\/aromasentia.com\/da\/wp-json\/wp\/v2\/product_cat?post=201645"},{"taxonomy":"product_tag","embeddable":true,"href":"https:\/\/aromasentia.com\/da\/wp-json\/wp\/v2\/product_tag?post=201645"}],"curies":[{"name":"wp","href":"https:\/\/api.w.org\/{rel}","templated":true}]}}