{"id":201636,"date":"2025-03-22T13:29:32","date_gmt":"2025-03-22T13:29:32","guid":{"rendered":"https:\/\/aromasentia.com\/product\/hand-carved-gemstone-angel-tiger-eye\/"},"modified":"2025-06-22T03:38:52","modified_gmt":"2025-06-22T03:38:52","slug":"haandskaaret-aedelstensengel-tigeroeje","status":"publish","type":"product","link":"https:\/\/aromasentia.com\/da\/haandskaaret-aedelstensengel-tigeroeje\/","title":{"rendered":"H\u00e5ndsk\u00e5ret \u00c6delstensengel &#8211; Tiger\u00f8je"},"content":{"rendered":"<p><span style=\"color: rgb(75, 80, 88);\">Opdag <strong>H\u00e5ndsk\u00e5rne englefigurer<\/strong>, en harmonisk blanding af kunst og naturlig sk\u00f8nhed.<\/span><\/p>\n<p><span style=\"color: rgb(75, 80, 88);\">Disse sm\u00e5 skatte er fremstillet af et f\u00e6ngslende udvalg af \u00e6delsten og er klar til at give dit liv ro, beskyttelse og gr\u00e6nsel\u00f8s positiv energi. &nbsp;<\/span><\/p>\n<p><span style=\"color: rgb(75, 80, 88);\"><strong>Tiger\u00f8je indgyder mod og selvtillid.<\/strong> Din Tiger\u00f8je-skytsengel giver dig kraft til at m\u00f8de livets udfordringer med urokkelig tapperhed og guider dig gennem modgang.<\/span> <\/p>\n<p><span style=\"color: rgb(75, 80, 88);\">Hver skytsengel, udsk\u00e5ret af deres respektive \u00e6delsten, v\u00e5ger over med omhu og intention. De tilbyder deres unikke kvaliteter til at vejlede og beskytte, hvilket g\u00f8r det muligt at omfavne livets rejse med mod, sindsro og gl\u00e6de.<\/span><\/p>\n","protected":false},"excerpt":{"rendered":"<p>Opdag H\u00e5ndsk\u00e5rne englefigurer, en harmonisk blanding af kunst og naturlig sk\u00f8nhed. Disse sm\u00e5 skatte er fremstillet af et f\u00e6ngslende udvalg af \u00e6delsten og er klar til at give dit liv ro, beskyttelse og gr\u00e6nsel\u00f8s positiv energi. &nbsp; Tiger\u00f8je indgyder mod og selvtillid. Din Tiger\u00f8je-skytsengel giver dig kraft til at m\u00f8de livets udfordringer med urokkelig tapperhed [&hellip;]<\/p>\n","protected":false},"featured_media":334964,"comment_status":"closed","ping_status":"open","template":"","meta":{"_angie_page":false},"product_brand":[],"product_cat":[6950,6243,25222,25781],"product_tag":[],"class_list":{"0":"post-201636","1":"product","2":"type-product","3":"status-publish","4":"has-post-thumbnail","6":"product_cat-aedelstens-smykker-og-accessories","7":"product_cat-esoteriske-gaver","8":"product_cat-krystaller-og-sten","9":"product_cat-tigeroje","10":"pa_collection-gemstone-figures-da","11":"pa_made-in-indien","13":"first","14":"outofstock","15":"purchasable","16":"product-type-simple"},"supplier_id":null,"supplier_sku":"GemF-29","barcode":null,"atum_controlled":true,"out_stock_date":"2025-09-04 23:38:21","out_stock_threshold":null,"inheritable":false,"inbound_stock":null,"stock_on_hold":0,"sold_today":0,"sales_last_days":0,"reserved_stock":null,"customer_returns":null,"warehouse_damage":null,"lost_in_post":null,"other_logs":null,"out_stock_days":0,"lost_sales":0,"has_location":null,"update_date":"2026-04-27T07:04:34","atum_locations":[],"atum_stock_status":"outofstock","restock_status":false,"low_stock_amount":"","sales_update_date":"2025-09-04T00:21:59","calc_backorders":null,"_links":{"self":[{"href":"https:\/\/aromasentia.com\/da\/wp-json\/wp\/v2\/product\/201636","targetHints":{"allow":["GET"]}}],"collection":[{"href":"https:\/\/aromasentia.com\/da\/wp-json\/wp\/v2\/product"}],"about":[{"href":"https:\/\/aromasentia.com\/da\/wp-json\/wp\/v2\/types\/product"}],"replies":[{"embeddable":true,"href":"https:\/\/aromasentia.com\/da\/wp-json\/wp\/v2\/comments?post=201636"}],"version-history":[{"count":0,"href":"https:\/\/aromasentia.com\/da\/wp-json\/wp\/v2\/product\/201636\/revisions"}],"wp:featuredmedia":[{"embeddable":true,"href":"https:\/\/aromasentia.com\/da\/wp-json\/wp\/v2\/media\/334964"}],"wp:attachment":[{"href":"https:\/\/aromasentia.com\/da\/wp-json\/wp\/v2\/media?parent=201636"}],"wp:term":[{"taxonomy":"product_brand","embeddable":true,"href":"https:\/\/aromasentia.com\/da\/wp-json\/wp\/v2\/product_brand?post=201636"},{"taxonomy":"product_cat","embeddable":true,"href":"https:\/\/aromasentia.com\/da\/wp-json\/wp\/v2\/product_cat?post=201636"},{"taxonomy":"product_tag","embeddable":true,"href":"https:\/\/aromasentia.com\/da\/wp-json\/wp\/v2\/product_tag?post=201636"}],"curies":[{"name":"wp","href":"https:\/\/api.w.org\/{rel}","templated":true}]}}