{"id":201635,"date":"2025-03-22T13:29:32","date_gmt":"2025-03-22T13:29:32","guid":{"rendered":"https:\/\/aromasentia.com\/product\/hand-carved-gemstone-angel-opalite\/"},"modified":"2025-06-22T03:38:52","modified_gmt":"2025-06-22T03:38:52","slug":"haandskaaret-aedelstensengel-opalit","status":"publish","type":"product","link":"https:\/\/aromasentia.com\/da\/haandskaaret-aedelstensengel-opalit\/","title":{"rendered":"H\u00e5ndsk\u00e5ret \u00c6delstensengel &#8211; Opalit"},"content":{"rendered":"<p><span style=\"color: rgb(75, 80, 88);\">Opdag <strong>H\u00e5ndsk\u00e5rne englefigurer<\/strong>, en harmonisk blanding af kunst og naturlig sk\u00f8nhed.<\/span><\/p>\n<p><span style=\"color: rgb(75, 80, 88);\">Disse sm\u00e5 skatte er fremstillet af et betagende udvalg af \u00e6delsten og er klar til at give dit liv ro, beskyttelse og gr\u00e6nsel\u00f8s positiv energi. &nbsp;<\/span><\/p>\n<p><span style=\"color: rgb(75, 80, 88);\"><strong>Opalits \u00e6teriske gl\u00f8d bringer fred og \u00e5ndelig v\u00e6kst.<\/strong> Din opalit-skytsengel bader dig i et beroligende lys, n\u00e6rer din \u00e5ndelige rejse og hj\u00e6lper dig med at finde indre ro.<\/span> <\/p>\n<p><span style=\"color: rgb(75, 80, 88);\">Hver skytsengel, udsk\u00e5ret af deres respektive \u00e6delsten, v\u00e5ger over med omhu og intention. De tilbyder deres unikke kvaliteter til at vejlede og beskytte, hvilket g\u00f8r det muligt at omfavne livets rejse med mod, sindsro og gl\u00e6de.<\/span><\/p>\n","protected":false},"excerpt":{"rendered":"<p>Opdag H\u00e5ndsk\u00e5rne englefigurer, en harmonisk blanding af kunst og naturlig sk\u00f8nhed. Disse sm\u00e5 skatte er fremstillet af et betagende udvalg af \u00e6delsten og er klar til at give dit liv ro, beskyttelse og gr\u00e6nsel\u00f8s positiv energi. &nbsp; Opalits \u00e6teriske gl\u00f8d bringer fred og \u00e5ndelig v\u00e6kst. Din opalit-skytsengel bader dig i et beroligende lys, n\u00e6rer din [&hellip;]<\/p>\n","protected":false},"featured_media":334923,"comment_status":"closed","ping_status":"open","template":"","meta":{"_angie_page":false},"product_brand":[],"product_cat":[6950,6243,25222,25706],"product_tag":[],"class_list":{"0":"post-201635","1":"product","2":"type-product","3":"status-publish","4":"has-post-thumbnail","6":"product_cat-aedelstens-smykker-og-accessories","7":"product_cat-esoteriske-gaver","8":"product_cat-krystaller-og-sten","9":"product_cat-opalit","10":"pa_collection-gemstone-figures-da","11":"pa_made-in-indien","13":"first","14":"instock","15":"purchasable","16":"product-type-simple"},"supplier_id":null,"supplier_sku":"GemF-28","barcode":null,"atum_controlled":true,"out_stock_date":null,"out_stock_threshold":null,"inheritable":false,"inbound_stock":null,"stock_on_hold":0,"sold_today":0,"sales_last_days":0,"reserved_stock":null,"customer_returns":null,"warehouse_damage":null,"lost_in_post":null,"other_logs":null,"out_stock_days":0,"lost_sales":0,"has_location":null,"update_date":"2026-04-27T07:04:34","atum_locations":[],"atum_stock_status":"instock","restock_status":false,"low_stock_amount":"","sales_update_date":"2026-02-06T00:01:58","calc_backorders":null,"_links":{"self":[{"href":"https:\/\/aromasentia.com\/da\/wp-json\/wp\/v2\/product\/201635","targetHints":{"allow":["GET"]}}],"collection":[{"href":"https:\/\/aromasentia.com\/da\/wp-json\/wp\/v2\/product"}],"about":[{"href":"https:\/\/aromasentia.com\/da\/wp-json\/wp\/v2\/types\/product"}],"replies":[{"embeddable":true,"href":"https:\/\/aromasentia.com\/da\/wp-json\/wp\/v2\/comments?post=201635"}],"version-history":[{"count":0,"href":"https:\/\/aromasentia.com\/da\/wp-json\/wp\/v2\/product\/201635\/revisions"}],"wp:featuredmedia":[{"embeddable":true,"href":"https:\/\/aromasentia.com\/da\/wp-json\/wp\/v2\/media\/334923"}],"wp:attachment":[{"href":"https:\/\/aromasentia.com\/da\/wp-json\/wp\/v2\/media?parent=201635"}],"wp:term":[{"taxonomy":"product_brand","embeddable":true,"href":"https:\/\/aromasentia.com\/da\/wp-json\/wp\/v2\/product_brand?post=201635"},{"taxonomy":"product_cat","embeddable":true,"href":"https:\/\/aromasentia.com\/da\/wp-json\/wp\/v2\/product_cat?post=201635"},{"taxonomy":"product_tag","embeddable":true,"href":"https:\/\/aromasentia.com\/da\/wp-json\/wp\/v2\/product_tag?post=201635"}],"curies":[{"name":"wp","href":"https:\/\/api.w.org\/{rel}","templated":true}]}}