{"id":201627,"date":"2025-03-22T13:29:32","date_gmt":"2025-03-22T13:29:32","guid":{"rendered":"https:\/\/aromasentia.com\/product\/gemstone-enchantment-lights-rose-quartz\/"},"modified":"2025-06-22T03:38:49","modified_gmt":"2025-06-22T03:38:49","slug":"aedelsten-enchantment-lights-rosenkvarts","status":"publish","type":"product","link":"https:\/\/aromasentia.com\/da\/aedelsten-enchantment-lights-rosenkvarts\/","title":{"rendered":"\u00c6delsten Enchantment Lights &#8211; Rosenkvarts"},"content":{"rendered":"<p><span style=\"color: rgb(75, 80, 88);\">Vi pr\u00e6senterer <strong>\u00c6delstensfortryllelseslys<\/strong> &#8211; en bl\u00e6ndende fusion af naturens sk\u00f8nhed og moderne teknologi. Perfekt til videresalg, disse lys vil fortrylle dine kunder og deres omgivelser.<\/span><\/p>\n<p><span style=\"color: rgb(75, 80, 88);\"><strong>Lysene leveres med et USB-stik<\/strong> for problemfri str\u00f8mforsyning. Kunderne kan nemt tilslutte dem til deres computere, powerbanks eller USB-v\u00e6gopladere. Bem\u00e6rk venligst, at der ikke medf\u00f8lger en adapter som en del af produktet.<\/span><\/p>\n<p><span style=\"color: rgb(75, 80, 88);\"><strong>Lysenes l\u00e6ngde er 227 cm.<\/strong><\/span><\/p>\n<p><span style=\"color: rgb(75, 80, 88);\"><strong>Oplev den beroligende og k\u00e6rlige energi fra rosakvarts.<\/strong> Disse lys udsender en blid, rosenr\u00f8d gl\u00f8d, der fremmer harmoni, k\u00e6rlighed og f\u00f8lelsesm\u00e6ssig heling. Perfekt til at skabe en varm og behagelig atmosf\u00e6re.<\/span> <\/p>\n<p><span style=\"color: rgb(75, 80, 88);\"><strong>Forvandl ethvert rum til et fortryllende rige med \u00e6delstensfortryllelseslys.<\/strong><\/span><\/p>\n","protected":false},"excerpt":{"rendered":"<p>Vi pr\u00e6senterer \u00c6delstensfortryllelseslys &#8211; en bl\u00e6ndende fusion af naturens sk\u00f8nhed og moderne teknologi. Perfekt til videresalg, disse lys vil fortrylle dine kunder og deres omgivelser. Lysene leveres med et USB-stik for problemfri str\u00f8mforsyning. Kunderne kan nemt tilslutte dem til deres computere, powerbanks eller USB-v\u00e6gopladere. Bem\u00e6rk venligst, at der ikke medf\u00f8lger en adapter som en del [&hellip;]<\/p>\n","protected":false},"featured_media":334387,"comment_status":"closed","ping_status":"open","template":"","meta":{"_angie_page":false},"product_brand":[],"product_cat":[6950,6243,25222,25736,25747],"product_tag":[],"class_list":{"0":"post-201627","1":"product","2":"type-product","3":"status-publish","4":"has-post-thumbnail","6":"product_cat-aedelstens-smykker-og-accessories","7":"product_cat-esoteriske-gaver","8":"product_cat-krystaller-og-sten","9":"product_cat-kvarts","10":"product_cat-rosenkvarts","11":"pa_collection-gemstone-enchantment-lights-da","12":"pa_made-in-kina","14":"first","15":"instock","16":"purchasable","17":"product-type-simple"},"supplier_id":null,"supplier_sku":"GEL-01","barcode":null,"atum_controlled":true,"out_stock_date":null,"out_stock_threshold":null,"inheritable":false,"inbound_stock":null,"stock_on_hold":0,"sold_today":0,"sales_last_days":0,"reserved_stock":null,"customer_returns":null,"warehouse_damage":null,"lost_in_post":null,"other_logs":null,"out_stock_days":13,"lost_sales":0,"has_location":null,"update_date":"2026-04-27T07:04:34","atum_locations":[],"atum_stock_status":"instock","restock_status":false,"low_stock_amount":"","sales_update_date":"2026-01-30T01:24:50","calc_backorders":null,"_links":{"self":[{"href":"https:\/\/aromasentia.com\/da\/wp-json\/wp\/v2\/product\/201627","targetHints":{"allow":["GET"]}}],"collection":[{"href":"https:\/\/aromasentia.com\/da\/wp-json\/wp\/v2\/product"}],"about":[{"href":"https:\/\/aromasentia.com\/da\/wp-json\/wp\/v2\/types\/product"}],"replies":[{"embeddable":true,"href":"https:\/\/aromasentia.com\/da\/wp-json\/wp\/v2\/comments?post=201627"}],"version-history":[{"count":0,"href":"https:\/\/aromasentia.com\/da\/wp-json\/wp\/v2\/product\/201627\/revisions"}],"wp:featuredmedia":[{"embeddable":true,"href":"https:\/\/aromasentia.com\/da\/wp-json\/wp\/v2\/media\/334387"}],"wp:attachment":[{"href":"https:\/\/aromasentia.com\/da\/wp-json\/wp\/v2\/media?parent=201627"}],"wp:term":[{"taxonomy":"product_brand","embeddable":true,"href":"https:\/\/aromasentia.com\/da\/wp-json\/wp\/v2\/product_brand?post=201627"},{"taxonomy":"product_cat","embeddable":true,"href":"https:\/\/aromasentia.com\/da\/wp-json\/wp\/v2\/product_cat?post=201627"},{"taxonomy":"product_tag","embeddable":true,"href":"https:\/\/aromasentia.com\/da\/wp-json\/wp\/v2\/product_tag?post=201627"}],"curies":[{"name":"wp","href":"https:\/\/api.w.org\/{rel}","templated":true}]}}