{"id":201625,"date":"2025-03-22T13:29:32","date_gmt":"2025-03-22T13:29:32","guid":{"rendered":"https:\/\/aromasentia.com\/product\/gomati-chakra-circle-stone-trees-set-of-4\/"},"modified":"2025-06-22T03:38:48","modified_gmt":"2025-06-22T03:38:48","slug":"gomati-chakra-circle-stone-trees-saet-med-4-stk","status":"publish","type":"product","link":"https:\/\/aromasentia.com\/da\/gomati-chakra-circle-stone-trees-saet-med-4-stk\/","title":{"rendered":"Gomati Chakra Circle Stone Trees &#8211; S\u00e6t med 4 Stk."},"content":{"rendered":"<p><span style=\"color: rgb(75, 80, 88);\"><strong>Forbedr dit rum med den kraftfulde energi fra Gomati Chakra-stentr\u00e6er!<\/strong> Dette s\u00e6t af fire smukke stentr\u00e6er, der f\u00e5s i store (60 sten), mellemstore (45 sten) og sm\u00e5 (15 sten), er fremstillet til at give dine omgivelser positiv energi, beskyttelse og overflod. Hver sten, h\u00e5ndplukket fra den hellige Gomati-flod i Indien, har naturlige spiralm\u00f8nstre, der symboliserer livets cyklusser og personlig v\u00e6kst.<\/span><\/p>\n<p><span style=\"color: rgb(75, 80, 88);\">Det store tr\u00e6 med 60 Gomati Chakra-sten fungerer som et midtpunkt i spirituelle rum eller meditationsomr\u00e5der, mens de mindre st\u00f8rrelser er perfekte til skriveborde, hylder eller stuer. Disse tr\u00e6er blander gammel visdom med moderne elegance, hvilket g\u00f8r dem til en fantastisk tilf\u00f8jelse til ethvert hjem eller spirituelt center. Frem harmoni, tiltr\u00e6k rigdom og beskyt dit rum mod negative energier ved at omfavne sk\u00f8nheden og symbolikken i disse unikke Gomati Chakra-stentr\u00e6er.<\/span><\/p>\n<p><em><strong>Tip:<\/strong><\/em><\/p>\n<p><span style=\"color: rgb(75, 80, 88);\">For det perfekte arrangement, der fanger enhver bes\u00f8gende, kan du kombinere Gomati Chakra-stentr\u00e6erne med naturlige elementer som rensdyrmos og tr\u00e6sk\u00e5le af glassk\u00e5le. Den bl\u00f8de, frodige tekstur af rensdyrmos st\u00e5r i smuk kontrast til de spiralformede Gomati Chakra-sten og tilf\u00f8jer et naturligt og organisk pr\u00e6g til din indretning. Placer tr\u00e6erne i naturlige&nbsp;<\/span><a href=\"https:\/\/aromasentia.com\/molten-glass-on-wood\"><span style=\"color: rgb(141, 186, 216);\"><strong>tr\u00e6glassk\u00e5le<\/strong><\/span><\/a><span style=\"color: rgb(75, 80, 88);\">&nbsp;eller <\/span><a href=\"https:\/\/aromasentia.com\/galass-terrariums\"><span style=\"color: rgb(141, 186, 216);\"><strong>glasterrarier<\/strong><\/span><\/a><span style=\"color: rgb(75, 80, 88);\"> for at fremh\u00e6ve deres elegance og skabe en harmonisk blanding af jordn\u00e6rhed og sofistikering.<\/span><\/p>\n","protected":false},"excerpt":{"rendered":"<p>Forbedr dit rum med den kraftfulde energi fra Gomati Chakra-stentr\u00e6er! Dette s\u00e6t af fire smukke stentr\u00e6er, der f\u00e5s i store (60 sten), mellemstore (45 sten) og sm\u00e5 (15 sten), er fremstillet til at give dine omgivelser positiv energi, beskyttelse og overflod. Hver sten, h\u00e5ndplukket fra den hellige Gomati-flod i Indien, har naturlige spiralm\u00f8nstre, der symboliserer [&hellip;]<\/p>\n","protected":false},"featured_media":334289,"comment_status":"closed","ping_status":"open","template":"","meta":{"_angie_page":false},"product_brand":[],"product_cat":[6950,6243,25613,25222],"product_tag":[],"class_list":{"0":"post-201625","1":"product","2":"type-product","3":"status-publish","4":"has-post-thumbnail","6":"product_cat-aedelstens-smykker-og-accessories","7":"product_cat-esoteriske-gaver","8":"product_cat-gomati-chakra-sten","9":"product_cat-krystaller-og-sten","10":"pa_collection-gomati-chakra-stone-trees-da","12":"first","13":"instock","14":"purchasable","15":"product-type-simple"},"supplier_id":null,"supplier_sku":"GCC-MX","barcode":null,"atum_controlled":true,"out_stock_date":null,"out_stock_threshold":null,"inheritable":false,"inbound_stock":null,"stock_on_hold":0,"sold_today":0,"sales_last_days":0,"reserved_stock":null,"customer_returns":null,"warehouse_damage":null,"lost_in_post":null,"other_logs":null,"out_stock_days":0,"lost_sales":0,"has_location":null,"update_date":"2026-04-27T07:05:08","atum_locations":[],"atum_stock_status":"instock","restock_status":false,"low_stock_amount":"","sales_update_date":"2026-02-06T00:02:46","calc_backorders":null,"_links":{"self":[{"href":"https:\/\/aromasentia.com\/da\/wp-json\/wp\/v2\/product\/201625","targetHints":{"allow":["GET"]}}],"collection":[{"href":"https:\/\/aromasentia.com\/da\/wp-json\/wp\/v2\/product"}],"about":[{"href":"https:\/\/aromasentia.com\/da\/wp-json\/wp\/v2\/types\/product"}],"replies":[{"embeddable":true,"href":"https:\/\/aromasentia.com\/da\/wp-json\/wp\/v2\/comments?post=201625"}],"version-history":[{"count":0,"href":"https:\/\/aromasentia.com\/da\/wp-json\/wp\/v2\/product\/201625\/revisions"}],"wp:featuredmedia":[{"embeddable":true,"href":"https:\/\/aromasentia.com\/da\/wp-json\/wp\/v2\/media\/334289"}],"wp:attachment":[{"href":"https:\/\/aromasentia.com\/da\/wp-json\/wp\/v2\/media?parent=201625"}],"wp:term":[{"taxonomy":"product_brand","embeddable":true,"href":"https:\/\/aromasentia.com\/da\/wp-json\/wp\/v2\/product_brand?post=201625"},{"taxonomy":"product_cat","embeddable":true,"href":"https:\/\/aromasentia.com\/da\/wp-json\/wp\/v2\/product_cat?post=201625"},{"taxonomy":"product_tag","embeddable":true,"href":"https:\/\/aromasentia.com\/da\/wp-json\/wp\/v2\/product_tag?post=201625"}],"curies":[{"name":"wp","href":"https:\/\/api.w.org\/{rel}","templated":true}]}}