{"id":201619,"date":"2025-03-20T14:53:15","date_gmt":"2025-03-20T14:53:15","guid":{"rendered":"https:\/\/aromasentia.com\/product\/10-ml-cornmint-essential-oil\/"},"modified":"2025-06-22T03:38:44","modified_gmt":"2025-06-22T03:38:44","slug":"kornmynte-aeterisk-olie-10ml","status":"publish","type":"product","link":"https:\/\/aromasentia.com\/da\/kornmynte-aeterisk-olie-10ml\/","title":{"rendered":"Kornmynte \u00c6terisk Olie 10ml"},"content":{"rendered":"<p><strong>Latinsk navn:<\/strong> Mentha Arvensis<br \/><strong>Anvendt plantedel:<\/strong> Blade<br \/><strong>Oprindelse:<\/strong>Kina<br \/><strong>Ekstraktionsmetode:<\/strong>Dampdestillation<\/p>\n<p>Majsmynte har en bred vifte af terapeutiske anvendelser og er en alsidig \u00e6terisk olie. Nogle af disse egenskaber er bed\u00f8vende, migr\u00e6nestillende, krampestillende, karminative, ford\u00f8jelses-, sliml\u00f8sende, mukolytiske, neurotoniske og stimulerende.<\/p>\n<p>Majsmyntes forskellige anvendelser er antimikrobielle og ford\u00f8jelsesfremmende, og bruges ogs\u00e5 til at fjerne negativitet i en spirituel brug. Dokumenterede anvendelser omfatter bed\u00f8vende, antiseptisk, krampestillende, stimulerende og ford\u00f8jelsesfremmende.<\/p>\n<p><strong>Majsmynte \u00e6terisk olie<\/strong> er en nyttig hj\u00e6lp mod hovedpine, ford\u00f8jelsesproblemer, kredsl\u00f8b, ondt i halsen, fork\u00f8lelse og kvalme. Majsmynte \u00e6terisk olie er energigivende og opl\u00f8ftende.<\/p>\n","protected":false},"excerpt":{"rendered":"<p>Latinsk navn: Mentha ArvensisAnvendt plantedel: BladeOprindelse:KinaEkstraktionsmetode:Dampdestillation Majsmynte har en bred vifte af terapeutiske anvendelser og er en alsidig \u00e6terisk olie. Nogle af disse egenskaber er bed\u00f8vende, migr\u00e6nestillende, krampestillende, karminative, ford\u00f8jelses-, sliml\u00f8sende, mukolytiske, neurotoniske og stimulerende. Majsmyntes forskellige anvendelser er antimikrobielle og ford\u00f8jelsesfremmende, og bruges ogs\u00e5 til at fjerne negativitet i en spirituel brug. Dokumenterede anvendelser [&hellip;]<\/p>\n","protected":false},"featured_media":262071,"comment_status":"closed","ping_status":"open","template":"","meta":{"_angie_page":false},"product_brand":[27094],"product_cat":[7647,25940,6153,25839,26872],"product_tag":[],"class_list":{"0":"post-201619","1":"product","2":"type-product","3":"status-publish","4":"has-post-thumbnail","6":"product_brand-ancient-wisdom","7":"product_cat-aeteriske-olier","8":"product_cat-ager-mynte","9":"product_cat-aromaterapi-og-rumdufte","10":"product_cat-dufte-aromaer","11":"product_cat-mynte","12":"pa_collection-aromatherapy-essential-oils-10ml-da","13":"pa_made-in-kina","14":"pa_size-10ml","16":"first","17":"instock","18":"purchasable","19":"product-type-simple"},"supplier_id":null,"supplier_sku":"EO-83","barcode":null,"atum_controlled":true,"out_stock_date":null,"out_stock_threshold":null,"inheritable":false,"inbound_stock":null,"stock_on_hold":0,"sold_today":0,"sales_last_days":0,"reserved_stock":null,"customer_returns":null,"warehouse_damage":null,"lost_in_post":null,"other_logs":null,"out_stock_days":0,"lost_sales":0,"has_location":null,"update_date":"2026-05-08T05:07:22","atum_locations":[],"atum_stock_status":"instock","restock_status":false,"low_stock_amount":"","sales_update_date":"2025-09-03T00:27:57","calc_backorders":null,"_links":{"self":[{"href":"https:\/\/aromasentia.com\/da\/wp-json\/wp\/v2\/product\/201619","targetHints":{"allow":["GET"]}}],"collection":[{"href":"https:\/\/aromasentia.com\/da\/wp-json\/wp\/v2\/product"}],"about":[{"href":"https:\/\/aromasentia.com\/da\/wp-json\/wp\/v2\/types\/product"}],"replies":[{"embeddable":true,"href":"https:\/\/aromasentia.com\/da\/wp-json\/wp\/v2\/comments?post=201619"}],"version-history":[{"count":0,"href":"https:\/\/aromasentia.com\/da\/wp-json\/wp\/v2\/product\/201619\/revisions"}],"wp:featuredmedia":[{"embeddable":true,"href":"https:\/\/aromasentia.com\/da\/wp-json\/wp\/v2\/media\/262071"}],"wp:attachment":[{"href":"https:\/\/aromasentia.com\/da\/wp-json\/wp\/v2\/media?parent=201619"}],"wp:term":[{"taxonomy":"product_brand","embeddable":true,"href":"https:\/\/aromasentia.com\/da\/wp-json\/wp\/v2\/product_brand?post=201619"},{"taxonomy":"product_cat","embeddable":true,"href":"https:\/\/aromasentia.com\/da\/wp-json\/wp\/v2\/product_cat?post=201619"},{"taxonomy":"product_tag","embeddable":true,"href":"https:\/\/aromasentia.com\/da\/wp-json\/wp\/v2\/product_tag?post=201619"}],"curies":[{"name":"wp","href":"https:\/\/api.w.org\/{rel}","templated":true}]}}