{"id":201609,"date":"2025-03-20T14:53:48","date_gmt":"2025-03-20T14:53:48","guid":{"rendered":"https:\/\/aromasentia.com\/product\/myrtle-essential-oil-10ml\/"},"modified":"2025-06-22T03:38:39","modified_gmt":"2025-06-22T03:38:39","slug":"myrte-10ml-aeterisk-olie-10ml","status":"publish","type":"product","link":"https:\/\/aromasentia.com\/da\/myrte-10ml-aeterisk-olie-10ml\/","title":{"rendered":"Myrte 10ml \u00c6terisk Olie 10ml"},"content":{"rendered":"<p><span style=\"color: rgb(75, 80, 88);\"><strong>Latinsk navn:<\/strong>Myrtus Communis<br style=\"color: rgb(114, 114, 114); font-family: Raleway, sans-serif; font-size: 15px; font-style: normal; font-variant-ligatures: normal; font-variant-caps: normal; font-weight: 400; letter-spacing: normal; orphans: 2; text-align: start; text-indent: 0px; text-transform: none; widows: 2; word-spacing: 0px; -webkit-text-stroke-width: 0px; white-space: normal; background-color: rgb(255, 255, 255); text-decoration-thickness: initial; text-decoration-style: initial; text-decoration-color: initial;\"><strong>Anvendt plantedel:<\/strong> Blade<br style=\"color: rgb(114, 114, 114); font-family: Raleway, sans-serif; font-size: 15px; font-style: normal; font-variant-ligatures: normal; font-variant-caps: normal; font-weight: 400; letter-spacing: normal; orphans: 2; text-align: start; text-indent: 0px; text-transform: none; widows: 2; word-spacing: 0px; -webkit-text-stroke-width: 0px; white-space: normal; background-color: rgb(255, 255, 255); text-decoration-thickness: initial; text-decoration-style: initial; text-decoration-color: initial;\"><strong>Kilde:<\/strong> Korsika<br style=\"color: rgb(114, 114, 114); font-family: Raleway, sans-serif; font-size: 15px; font-style: normal; font-variant-ligatures: normal; font-variant-caps: normal; font-weight: 400; letter-spacing: normal; orphans: 2; text-align: start; text-indent: 0px; text-transform: none; widows: 2; word-spacing: 0px; -webkit-text-stroke-width: 0px; white-space: normal; background-color: rgb(255, 255, 255); text-decoration-thickness: initial; text-decoration-style: initial; text-decoration-color: initial;\"><strong>Ekstraktionsmetode: Dampdestillation<\/strong><\/span><\/p>\n<p><\/p>\n<p><span style=\"color: rgb(75, 80, 88);\">Myrteolie er udvundet af bladene og blomsterne fra planten Myrtus communis. Den har v\u00e6ret brugt i \u00e5rhundreder for sine forskellige terapeutiske egenskaber. Her er nogle potentielle fordele ved myrteolie:<\/span><\/p>\n<p><span style=\"color: rgb(75, 80, 88);\">Luftvejssundhed: Myrteolie har sliml\u00f8sende og antiseptiske egenskaber, hvilket g\u00f8r den gavnlig for luftvejslidelser. Den kan hj\u00e6lpe med at lindre symptomer p\u00e5 hoste, fork\u00f8lelse, bronkitis og tilstoppethed ved at l\u00f8sne slim og fremme lettere vejrtr\u00e6kning. Perfekt match til vores<\/span><a href=\"https:\/\/aromasentia.com\/aatom\"><span style=\"color: rgb(149, 122, 101);\"><strong>&nbsp;Aroma Diffusere.<\/strong><\/span><\/a><\/p>\n<p><span style=\"color: rgb(75, 80, 88);\"><br \/><\/span><\/p>\n<p><span style=\"color: rgb(75, 80, 88);\">Antiinflammatoriske virkninger: Myrteolie indeholder forbindelser med antiinflammatoriske egenskaber. Det kan hj\u00e6lpe med at reducere inflammation i kroppen, hvilket g\u00f8r det potentielt nyttigt til tilstande som gigt, ledsmerter og muskel\u00f8mhed.<\/span><\/p>\n<p><span style=\"color: rgb(75, 80, 88);\">Antimikrobielle egenskaber: Myrte \u00e6terisk olie besidder antimikrobielle egenskaber, der kan hj\u00e6lpe med at bek\u00e6mpe visse typer bakterier og svampe. Det kan bruges topisk til at rense s\u00e5r, forebygge infektioner og fremme hurtigere heling.<\/span><\/p>\n<p><span style=\"color: rgb(75, 80, 88);\">Hudpleje: Myrteolie bruges ofte i hudplejeprodukter p\u00e5 grund af dets astringerende og antiseptiske egenskaber. Det kan hj\u00e6lpe med at regulere talgproduktionen, stramme porerne og reducere forekomsten af akne, urenheder og fedtet hud. Det er ogs\u00e5 kendt for sit potentiale til at fremme hudens elasticitet og reducere tegn p\u00e5 aldring.<\/span><\/p>\n<p><span style=\"color: rgb(75, 80, 88);\">Afslapning og f\u00f8lelsesm\u00e6ssigt velv\u00e6re: Duften af myrteolie har en beroligende og opl\u00f8ftende effekt p\u00e5 sind og krop. Det bruges ofte i aromaterapi til at reducere stress, angst og nerv\u00f8s sp\u00e6nding. Det kan ogs\u00e5 hj\u00e6lpe med at fremme afslapning, forbedre s\u00f8vnkvaliteten og forbedre den generelle f\u00f8lelsesm\u00e6ssige velv\u00e6re.Hormonel balance: Myrteolie er traditionelt blevet brugt til at underst\u00f8tte hormonel sundhed. Det kan hj\u00e6lpe med at regulere menstruationscyklusser, reducere menstruationssmerter og ubehag og lindre symptomer p\u00e5 overgangsalderen.<\/span><\/p>\n<p><strong><span style=\"color: rgb(184, 49, 47);\">NB: Vores \u00e6teriske olier er ikke egnede til indvortes brug.<\/span><\/strong><\/p>\n<p><\/p>\n","protected":false},"excerpt":{"rendered":"<p>Latinsk navn:Myrtus CommunisAnvendt plantedel: BladeKilde: KorsikaEkstraktionsmetode: Dampdestillation Myrteolie er udvundet af bladene og blomsterne fra planten Myrtus communis. Den har v\u00e6ret brugt i \u00e5rhundreder for sine forskellige terapeutiske egenskaber. Her er nogle potentielle fordele ved myrteolie: Luftvejssundhed: Myrteolie har sliml\u00f8sende og antiseptiske egenskaber, hvilket g\u00f8r den gavnlig for luftvejslidelser. Den kan hj\u00e6lpe med at lindre [&hellip;]<\/p>\n","protected":false},"featured_media":262218,"comment_status":"closed","ping_status":"open","template":"","meta":[],"product_brand":[27094],"product_cat":[7647,6153,25839,25967,26858],"product_tag":[],"class_list":{"0":"post-201609","1":"product","2":"type-product","3":"status-publish","4":"has-post-thumbnail","6":"product_brand-ancient-wisdom","7":"product_cat-aeteriske-olier","8":"product_cat-aromaterapi-og-rumdufte","9":"product_cat-dufte-aromaer","10":"product_cat-myrte","11":"product_cat-urte-aromatisk","12":"pa_collection-aromatherapy-essential-oils-10ml-da","13":"pa_made-in-frankrig","14":"pa_size-10ml","16":"first","17":"instock","18":"purchasable","19":"product-type-simple"},"supplier_id":null,"supplier_sku":"EO-95","barcode":null,"atum_controlled":true,"out_stock_date":null,"out_stock_threshold":null,"inheritable":false,"inbound_stock":null,"stock_on_hold":0,"sold_today":0,"sales_last_days":0,"reserved_stock":null,"customer_returns":null,"warehouse_damage":null,"lost_in_post":null,"other_logs":null,"out_stock_days":0,"lost_sales":0,"has_location":null,"update_date":"2026-02-10T08:28:02","atum_locations":[],"atum_stock_status":"instock","restock_status":false,"low_stock_amount":"","sales_update_date":"2025-09-03T00:27:55","calc_backorders":null,"_links":{"self":[{"href":"https:\/\/aromasentia.com\/da\/wp-json\/wp\/v2\/product\/201609","targetHints":{"allow":["GET"]}}],"collection":[{"href":"https:\/\/aromasentia.com\/da\/wp-json\/wp\/v2\/product"}],"about":[{"href":"https:\/\/aromasentia.com\/da\/wp-json\/wp\/v2\/types\/product"}],"replies":[{"embeddable":true,"href":"https:\/\/aromasentia.com\/da\/wp-json\/wp\/v2\/comments?post=201609"}],"version-history":[{"count":0,"href":"https:\/\/aromasentia.com\/da\/wp-json\/wp\/v2\/product\/201609\/revisions"}],"wp:featuredmedia":[{"embeddable":true,"href":"https:\/\/aromasentia.com\/da\/wp-json\/wp\/v2\/media\/262218"}],"wp:attachment":[{"href":"https:\/\/aromasentia.com\/da\/wp-json\/wp\/v2\/media?parent=201609"}],"wp:term":[{"taxonomy":"product_brand","embeddable":true,"href":"https:\/\/aromasentia.com\/da\/wp-json\/wp\/v2\/product_brand?post=201609"},{"taxonomy":"product_cat","embeddable":true,"href":"https:\/\/aromasentia.com\/da\/wp-json\/wp\/v2\/product_cat?post=201609"},{"taxonomy":"product_tag","embeddable":true,"href":"https:\/\/aromasentia.com\/da\/wp-json\/wp\/v2\/product_tag?post=201609"}],"curies":[{"name":"wp","href":"https:\/\/api.w.org\/{rel}","templated":true}]}}