{"id":201578,"date":"2025-03-20T14:54:19","date_gmt":"2025-03-20T14:54:19","guid":{"rendered":"https:\/\/aromasentia.com\/product\/rose-dilute-0-5kg\/"},"modified":"2025-06-22T03:38:23","modified_gmt":"2025-06-22T03:38:23","slug":"fortyndet-rose-aeterisk-olie-500ml","status":"publish","type":"product","link":"https:\/\/aromasentia.com\/da\/fortyndet-rose-aeterisk-olie-500ml\/","title":{"rendered":"Fortyndet rose \u00c6terisk Olie 500ml"},"content":{"rendered":"<p>Fork\u00e6l dig selv med rosens tidl\u00f8se tiltr\u00e6kningskraft med denne 500 ml fortyndede \u00e6teriske olie. Denne fortyndede olie indfanger den hjertel\u00f8ftende, romantiske og smukt blomstrende aroma af friske roser og tilbyder en blidere m\u00e5de at opleve dens dyrebare essens p\u00e5. Den er perfekt til parfume, hudpleje eller til at sprede for at skabe en atmosf\u00e6re af k\u00e6rlighed, fred og f\u00f8lelsesm\u00e6ssig komfort, og den beroliger sj\u00e6len og plejer huden. Dens afbalancerende og harmoniserende egenskaber g\u00f8r den til en v\u00e6rdsat tilf\u00f8jelse til enhver aromaterapisamling og bringer et strejf af luksus og ro til dine daglige ritualer.<\/p>\n","protected":false},"excerpt":{"rendered":"<p>Fork\u00e6l dig selv med rosens tidl\u00f8se tiltr\u00e6kningskraft med denne 500 ml fortyndede \u00e6teriske olie. Denne fortyndede olie indfanger den hjertel\u00f8ftende, romantiske og smukt blomstrende aroma af friske roser og tilbyder en blidere m\u00e5de at opleve dens dyrebare essens p\u00e5. Den er perfekt til parfume, hudpleje eller til at sprede for at skabe en atmosf\u00e6re af [&hellip;]<\/p>\n","protected":false},"featured_media":262628,"comment_status":"closed","ping_status":"open","template":"","meta":{"_angie_page":false},"product_brand":[27094],"product_cat":[6153,26830,25839,25984],"product_tag":[],"class_list":{"0":"post-201578","1":"product","2":"type-product","3":"status-publish","4":"has-post-thumbnail","6":"product_brand-ancient-wisdom","7":"product_cat-aromaterapi-og-rumdufte","8":"product_cat-blomster","9":"product_cat-dufte-aromaer","10":"product_cat-rose","11":"pa_collection-0-5kg-bulk-essential-oils-da","12":"pa_made-in-marokko","13":"pa_size-500ml","15":"first","16":"instock","17":"purchasable","18":"product-type-simple"},"supplier_id":null,"supplier_sku":"EOB-41","barcode":null,"atum_controlled":true,"out_stock_date":null,"out_stock_threshold":null,"inheritable":false,"inbound_stock":null,"stock_on_hold":0,"sold_today":0,"sales_last_days":0,"reserved_stock":null,"customer_returns":null,"warehouse_damage":null,"lost_in_post":null,"other_logs":null,"out_stock_days":0,"lost_sales":0,"has_location":null,"update_date":"2026-05-08T05:08:27","atum_locations":[],"atum_stock_status":"instock","restock_status":false,"low_stock_amount":"","sales_update_date":"2026-01-30T01:24:39","calc_backorders":null,"_links":{"self":[{"href":"https:\/\/aromasentia.com\/da\/wp-json\/wp\/v2\/product\/201578","targetHints":{"allow":["GET"]}}],"collection":[{"href":"https:\/\/aromasentia.com\/da\/wp-json\/wp\/v2\/product"}],"about":[{"href":"https:\/\/aromasentia.com\/da\/wp-json\/wp\/v2\/types\/product"}],"replies":[{"embeddable":true,"href":"https:\/\/aromasentia.com\/da\/wp-json\/wp\/v2\/comments?post=201578"}],"version-history":[{"count":0,"href":"https:\/\/aromasentia.com\/da\/wp-json\/wp\/v2\/product\/201578\/revisions"}],"wp:featuredmedia":[{"embeddable":true,"href":"https:\/\/aromasentia.com\/da\/wp-json\/wp\/v2\/media\/262628"}],"wp:attachment":[{"href":"https:\/\/aromasentia.com\/da\/wp-json\/wp\/v2\/media?parent=201578"}],"wp:term":[{"taxonomy":"product_brand","embeddable":true,"href":"https:\/\/aromasentia.com\/da\/wp-json\/wp\/v2\/product_brand?post=201578"},{"taxonomy":"product_cat","embeddable":true,"href":"https:\/\/aromasentia.com\/da\/wp-json\/wp\/v2\/product_cat?post=201578"},{"taxonomy":"product_tag","embeddable":true,"href":"https:\/\/aromasentia.com\/da\/wp-json\/wp\/v2\/product_tag?post=201578"}],"curies":[{"name":"wp","href":"https:\/\/api.w.org\/{rel}","templated":true}]}}