{"id":201548,"date":"2025-03-20T14:54:52","date_gmt":"2025-03-20T14:54:52","guid":{"rendered":"https:\/\/aromasentia.com\/product\/100ml-essential-oil-mist-ylang-ylang-mandarin\/"},"modified":"2025-06-22T03:38:08","modified_gmt":"2025-06-22T03:38:08","slug":"ylang-ylang-mandarin-aeterisk-olie-mist-100ml","status":"publish","type":"product","link":"https:\/\/aromasentia.com\/da\/ylang-ylang-mandarin-aeterisk-olie-mist-100ml\/","title":{"rendered":"Ylang Ylang &#038; Mandarin \u00c6terisk Olie Mist &#8211; 100ml"},"content":{"rendered":"<p><strong>Rene \u00e6teriske olier fra Ylang Ylang og Mandarin<\/strong> er tilsat denne delikate aromaterapi-mist for at fremme en f\u00f8lelse af ro, n\u00e5r det er n\u00f8dvendigt.<\/p>\n<p>Ideel til at forbedre dit hum\u00f8r og fremme en f\u00f8lelse af afslapning og ro n\u00e5r som helst p\u00e5 dagen eller natten.<\/p>\n<p>For at slappe af, spray misten over hovedet eller direkte p\u00e5 senget\u00f8j for at fremme en bedre nattes\u00f8vn.<\/p>\n<p><strong>N\u00f8gleingredienser:<\/strong><\/p>\n<p>Ylang Ylang \u00e6terisk olie<\/p>\n<p>Den afslappende duft af blomsteraroma hj\u00e6lper med at genoprette selvtillid og ligev\u00e6gt i sindet, og denne \u00e6teriske olie l\u00f8fter ogs\u00e5 hum\u00f8ret.<\/p>\n<p>Mandarin \u00e6terisk olie<\/p>\n<p>Duften af denne \u00e6teriske olie hj\u00e6lper med at lindre mental tr\u00e6thed og l\u00f8fte hum\u00f8ret. Mandarin \u00e6terisk olie hj\u00e6lper med at fremme en f\u00f8lelse af lethed i livet og \u00f8ge kreativiteten.<\/p>\n<p><strong>Yorkshire Vand:<\/strong><\/p>\n<p>Det hydrerer ikke kun og smager godt som drikkevand, det \u00f8ger ogs\u00e5 hudens sundhed og sk\u00f8nhed. Vi mener, at dette vand er en afg\u00f8rende ingrediens i Yorkshire Tea og lige s\u00e5 perfekt i Ancient Wisdom Aromatherapy Mists.<\/p>\n<p><strong>Troldn\u00f8d:<\/strong><\/p>\n<p>Troldn\u00f8d tils\u00e6ttes i stedet for alkohol for at opn\u00e5 god fordampning i v\u00e6relset og senget\u00f8jet. Det er et astringerende middel, der ofte bruges som et naturligt topisk middel. Det indeholder flere forbindelser med potente antiinflammatoriske og antivirale egenskaber.<\/p>\n","protected":false},"excerpt":{"rendered":"<p>Rene \u00e6teriske olier fra Ylang Ylang og Mandarin er tilsat denne delikate aromaterapi-mist for at fremme en f\u00f8lelse af ro, n\u00e5r det er n\u00f8dvendigt. Ideel til at forbedre dit hum\u00f8r og fremme en f\u00f8lelse af afslapning og ro n\u00e5r som helst p\u00e5 dagen eller natten. For at slappe af, spray misten over hovedet eller direkte [&hellip;]<\/p>\n","protected":false},"featured_media":263196,"comment_status":"closed","ping_status":"open","template":"","meta":{"_angie_page":false},"product_brand":[27094],"product_cat":[7647,6153,26830,25839,25963,26001],"product_tag":[],"class_list":{"0":"post-201548","1":"product","2":"type-product","3":"status-publish","4":"has-post-thumbnail","6":"product_brand-ancient-wisdom","7":"product_cat-aeteriske-olier","8":"product_cat-aromaterapi-og-rumdufte","9":"product_cat-blomster","10":"product_cat-dufte-aromaer","11":"product_cat-mandarin","12":"product_cat-ylang-ylang","13":"pa_collection-essential-oil-mists-100ml-da","14":"pa_made-in-storbritannien","15":"pa_size-100ml","17":"first","18":"instock","19":"purchasable","20":"product-type-simple"},"supplier_id":null,"supplier_sku":"EOM-02","barcode":null,"atum_controlled":true,"out_stock_date":null,"out_stock_threshold":null,"inheritable":false,"inbound_stock":0,"stock_on_hold":0,"sold_today":0,"sales_last_days":0,"reserved_stock":0,"customer_returns":0,"warehouse_damage":0,"lost_in_post":0,"other_logs":0,"out_stock_days":0,"lost_sales":0,"has_location":false,"update_date":"2026-05-08T05:08:28","atum_locations":[],"atum_stock_status":"instock","restock_status":false,"low_stock_amount":"","sales_update_date":"2026-02-06T00:01:42","calc_backorders":null,"_links":{"self":[{"href":"https:\/\/aromasentia.com\/da\/wp-json\/wp\/v2\/product\/201548","targetHints":{"allow":["GET"]}}],"collection":[{"href":"https:\/\/aromasentia.com\/da\/wp-json\/wp\/v2\/product"}],"about":[{"href":"https:\/\/aromasentia.com\/da\/wp-json\/wp\/v2\/types\/product"}],"replies":[{"embeddable":true,"href":"https:\/\/aromasentia.com\/da\/wp-json\/wp\/v2\/comments?post=201548"}],"version-history":[{"count":0,"href":"https:\/\/aromasentia.com\/da\/wp-json\/wp\/v2\/product\/201548\/revisions"}],"wp:featuredmedia":[{"embeddable":true,"href":"https:\/\/aromasentia.com\/da\/wp-json\/wp\/v2\/media\/263196"}],"wp:attachment":[{"href":"https:\/\/aromasentia.com\/da\/wp-json\/wp\/v2\/media?parent=201548"}],"wp:term":[{"taxonomy":"product_brand","embeddable":true,"href":"https:\/\/aromasentia.com\/da\/wp-json\/wp\/v2\/product_brand?post=201548"},{"taxonomy":"product_cat","embeddable":true,"href":"https:\/\/aromasentia.com\/da\/wp-json\/wp\/v2\/product_cat?post=201548"},{"taxonomy":"product_tag","embeddable":true,"href":"https:\/\/aromasentia.com\/da\/wp-json\/wp\/v2\/product_tag?post=201548"}],"curies":[{"name":"wp","href":"https:\/\/api.w.org\/{rel}","templated":true}]}}