{"id":201547,"date":"2025-03-20T14:54:52","date_gmt":"2025-03-20T14:54:52","guid":{"rendered":"https:\/\/aromasentia.com\/product\/100ml-essential-oil-mist-patchouli\/"},"modified":"2025-06-22T03:38:08","modified_gmt":"2025-06-22T03:38:08","slug":"patchouli-aeterisk-olie-mist-100ml","status":"publish","type":"product","link":"https:\/\/aromasentia.com\/da\/patchouli-aeterisk-olie-mist-100ml\/","title":{"rendered":"Patchouli \u00c6terisk Olie Mist &#8211; 100ml"},"content":{"rendered":"<p><strong>Ren patchouli \u00e6terisk olie<\/strong> er tilsat denne delikate aromaterapi-mist for at fremme en f\u00f8lelse af ro, n\u00e5r det er n\u00f8dvendigt.<\/p>\n<p>Ideel til at forbedre dit hum\u00f8r og fremme en f\u00f8lelse af afslapning og ro n\u00e5r som helst p\u00e5 dagen eller natten.<\/p>\n<p>For at slappe af, spray misten over hovedet eller direkte p\u00e5 senget\u00f8j for at fremme en bedre nattes\u00f8vn.<\/p>\n<p><strong>Vigtigste ingredienser:<\/strong><\/p>\n<p>Patchouli \u00e6terisk olie:<\/p>\n<p>Den beroligende duft af den \u00e6teriske olie lindrer angst, stress og depression, hvilket g\u00f8r den effektiv til at opn\u00e5 afslapning, is\u00e6r i meditation.<\/p>\n<p><strong>Yorkshire vand:<\/strong><\/p>\n<p>Den fugter ikke kun og smager godt som drikkevand, den forbedrer ogs\u00e5 hudens sundhed og sk\u00f8nhed. Vi mener, at dette vand er en afg\u00f8rende ingrediens i Yorkshire te og lige s\u00e5 perfekt i Ancient Wisdom Aromatherapy Mists.<\/p>\n<p><strong>Troldn\u00f8d:<\/strong><\/p>\n<p>Troldn\u00f8d tils\u00e6ttes i stedet for alkohol for at opn\u00e5 god fordampning i v\u00e6relset og senget\u00f8jet. Det er et astringerende middel, der ofte bruges som et naturligt topisk middel. Det indeholder flere forbindelser med potente antiinflammatoriske og antivirale egenskaber.<\/p>\n","protected":false},"excerpt":{"rendered":"<p>Ren patchouli \u00e6terisk olie er tilsat denne delikate aromaterapi-mist for at fremme en f\u00f8lelse af ro, n\u00e5r det er n\u00f8dvendigt. Ideel til at forbedre dit hum\u00f8r og fremme en f\u00f8lelse af afslapning og ro n\u00e5r som helst p\u00e5 dagen eller natten. For at slappe af, spray misten over hovedet eller direkte p\u00e5 senget\u00f8j for at [&hellip;]<\/p>\n","protected":false},"featured_media":263131,"comment_status":"closed","ping_status":"open","template":"","meta":{"_angie_page":false},"product_brand":[27094],"product_cat":[7647,6153,25839,26823,25977],"product_tag":[],"class_list":{"0":"post-201547","1":"product","2":"type-product","3":"status-publish","4":"has-post-thumbnail","6":"product_brand-ancient-wisdom","7":"product_cat-aeteriske-olier","8":"product_cat-aromaterapi-og-rumdufte","9":"product_cat-dufte-aromaer","10":"product_cat-jordagtig-og-gron","11":"product_cat-patchouli","12":"pa_collection-essential-oil-mists-100ml-da","13":"pa_made-in-storbritannien","14":"pa_size-100ml","16":"first","17":"instock","18":"purchasable","19":"product-type-simple"},"supplier_id":null,"supplier_sku":"EOM-01","barcode":null,"atum_controlled":true,"out_stock_date":null,"out_stock_threshold":null,"inheritable":false,"inbound_stock":0,"stock_on_hold":0,"sold_today":0,"sales_last_days":0,"reserved_stock":0,"customer_returns":0,"warehouse_damage":0,"lost_in_post":0,"other_logs":0,"out_stock_days":0,"lost_sales":0,"has_location":false,"update_date":"2026-04-27T07:01:32","atum_locations":[],"atum_stock_status":"instock","restock_status":false,"low_stock_amount":"","sales_update_date":"2026-02-06T00:02:04","calc_backorders":null,"_links":{"self":[{"href":"https:\/\/aromasentia.com\/da\/wp-json\/wp\/v2\/product\/201547","targetHints":{"allow":["GET"]}}],"collection":[{"href":"https:\/\/aromasentia.com\/da\/wp-json\/wp\/v2\/product"}],"about":[{"href":"https:\/\/aromasentia.com\/da\/wp-json\/wp\/v2\/types\/product"}],"replies":[{"embeddable":true,"href":"https:\/\/aromasentia.com\/da\/wp-json\/wp\/v2\/comments?post=201547"}],"version-history":[{"count":0,"href":"https:\/\/aromasentia.com\/da\/wp-json\/wp\/v2\/product\/201547\/revisions"}],"wp:featuredmedia":[{"embeddable":true,"href":"https:\/\/aromasentia.com\/da\/wp-json\/wp\/v2\/media\/263131"}],"wp:attachment":[{"href":"https:\/\/aromasentia.com\/da\/wp-json\/wp\/v2\/media?parent=201547"}],"wp:term":[{"taxonomy":"product_brand","embeddable":true,"href":"https:\/\/aromasentia.com\/da\/wp-json\/wp\/v2\/product_brand?post=201547"},{"taxonomy":"product_cat","embeddable":true,"href":"https:\/\/aromasentia.com\/da\/wp-json\/wp\/v2\/product_cat?post=201547"},{"taxonomy":"product_tag","embeddable":true,"href":"https:\/\/aromasentia.com\/da\/wp-json\/wp\/v2\/product_tag?post=201547"}],"curies":[{"name":"wp","href":"https:\/\/api.w.org\/{rel}","templated":true}]}}