{"id":201532,"date":"2025-03-20T14:55:32","date_gmt":"2025-03-20T14:55:32","guid":{"rendered":"https:\/\/aromasentia.com\/product\/aromatherapy-essential-oil-set-summer\/"},"modified":"2025-06-22T03:38:00","modified_gmt":"2025-06-22T03:38:00","slug":"saet-med-aeteriske-olier-til-aromaterapi-sommer","status":"publish","type":"product","link":"https:\/\/aromasentia.com\/da\/saet-med-aeteriske-olier-til-aromaterapi-sommer\/","title":{"rendered":"S\u00e6t med \u00c6teriske Olier Til Aromaterapi &#8211; Sommer"},"content":{"rendered":"<p><span style=\"color: rgb(75, 80, 88);\"><strong>Oplev det fortryllende Ancient Wisdom Aromatherapy Essential Oil Set &#8211; Summer<\/strong>, et dejligt tilbud til b\u00e5de hjemmets fristed og sindets ro.<\/span><\/p>\n<p><span style=\"color: rgb(75, 80, 88);\">Dette omhyggeligt udvalgte sortiment indeholder 12 \u00e6teriske olier i 5 ml flasker suppleret af 2 praktiske pipetter. Vores ekspertblandede kollektion kombinerer problemfrit blomster-, mynte-, tr\u00e6-, krydrede og urteagtige aromaer, hvilket sikrer en sanseoplevelse, der genopliver og opl\u00f8fter hum\u00f8ret.<\/span><\/p>\n<p><span style=\"color: rgb(75, 80, 88);\">-100% ren<\/span><\/p>\n<p><span style=\"color: rgb(75, 80, 88);\">-h\u00e5ndlavet<\/span><\/p>\n<p><span style=\"color: rgb(75, 80, 88);\">-vegansk<\/span><\/p>\n<p><span style=\"color: rgb(75, 80, 88);\">-ikke testet p\u00e5 dyr<\/span><\/p>\n<p><span style=\"color: rgb(75, 80, 88);\">&nbsp;<\/span><\/p>\n<p><span style=\"color: rgb(75, 80, 88);\"><strong>Hvad er der i \u00e6ske?<\/strong><\/span><\/p>\n<p><span style=\"color: rgb(75, 80, 88);\">&#8211; 5 ml \u00e6terisk gulerodskerneolie&nbsp;<\/span><\/p>\n<p><span style=\"color: rgb(75, 80, 88);\">&#8211; 5 ml \u00e6terisk citronellaolie&nbsp;<\/span><\/p>\n<p><span style=\"color: rgb(75, 80, 88);\">&#8211; 5 ml \u00e6terisk cypresolie&nbsp;)<\/span><\/p>\n<p><span style=\"color: rgb(75, 80, 88);\">&#8211; 5 ml \u00e6terisk grapefrugtolie&nbsp;<\/span><\/p>\n<p><span style=\"color: rgb(75, 80, 88);\">&#8211; 5 ml \u00e6terisk citronolie&nbsp;<\/span><\/p>\n<p><span style=\"color: rgb(75, 80, 88);\">&#8211; 5 ml \u00e6terisk lime Olie&nbsp;<\/span><\/p>\n<p><span style=\"color: rgb(75, 80, 88);\">&#8211; 5 ml \u00e6terisk citrongr\u00e6solie&nbsp;<\/span><\/p>\n<p><span style=\"color: rgb(75, 80, 88);\">&#8211; 5 ml \u00e6terisk appelsinolie&nbsp;<\/span><\/p>\n<p><span style=\"color: rgb(75, 80, 88);\">&#8211; 5 ml \u00e6terisk majsmynteolie&nbsp;<\/span><\/p>\n<p><span style=\"color: rgb(75, 80, 88);\">&#8211; 5 ml \u00e6terisk gr\u00f8n mynteolie<\/span><\/p>\n<p><span style=\"color: rgb(75, 80, 88);\">&#8211; 5 ml \u00e6terisk mandarinolie&nbsp;<\/span><\/p>\n<p><span style=\"color: rgb(75, 80, 88);\">&#8211; 5 ml \u00e6terisk palmarosaolie<\/span><\/p>\n<p><span style=\"color: rgb(75, 80, 88);\">&#8211; 2x pipetter<\/span><\/p>\n<p><span style=\"color: rgb(75, 80, 88);\"><br \/><\/span><\/p>\n<p><span style=\"color: rgb(75, 80, 88);\"><strong>Tappet og pakket i Sheffield (Storbritannien)<\/strong><\/span><\/p>\n","protected":false},"excerpt":{"rendered":"<p>Oplev det fortryllende Ancient Wisdom Aromatherapy Essential Oil Set &#8211; Summer, et dejligt tilbud til b\u00e5de hjemmets fristed og sindets ro. Dette omhyggeligt udvalgte sortiment indeholder 12 \u00e6teriske olier i 5 ml flasker suppleret af 2 praktiske pipetter. Vores ekspertblandede kollektion kombinerer problemfrit blomster-, mynte-, tr\u00e6-, krydrede og urteagtige aromaer, hvilket sikrer en sanseoplevelse, der [&hellip;]<\/p>\n","protected":false},"featured_media":263678,"comment_status":"closed","ping_status":"open","template":"","meta":{"_angie_page":false},"product_brand":[27094],"product_cat":[7647,6153],"product_tag":[],"class_list":{"0":"post-201532","1":"product","2":"type-product","3":"status-publish","4":"has-post-thumbnail","6":"product_brand-ancient-wisdom","7":"product_cat-aeteriske-olier","8":"product_cat-aromaterapi-og-rumdufte","9":"pa_collection-aromatherapy-essential-oil-set-starter-pack-da","10":"pa_made-in-italien","12":"first","13":"instock","14":"purchasable","15":"product-type-simple"},"supplier_id":null,"supplier_sku":"EOSET-05","barcode":null,"atum_controlled":true,"out_stock_date":null,"out_stock_threshold":null,"inheritable":false,"inbound_stock":null,"stock_on_hold":0,"sold_today":0,"sales_last_days":0,"reserved_stock":null,"customer_returns":null,"warehouse_damage":null,"lost_in_post":null,"other_logs":null,"out_stock_days":0,"lost_sales":0,"has_location":null,"update_date":"2026-04-27T07:01:40","atum_locations":[],"atum_stock_status":"instock","restock_status":false,"low_stock_amount":"","sales_update_date":"2025-09-05T00:16:27","calc_backorders":null,"_links":{"self":[{"href":"https:\/\/aromasentia.com\/da\/wp-json\/wp\/v2\/product\/201532","targetHints":{"allow":["GET"]}}],"collection":[{"href":"https:\/\/aromasentia.com\/da\/wp-json\/wp\/v2\/product"}],"about":[{"href":"https:\/\/aromasentia.com\/da\/wp-json\/wp\/v2\/types\/product"}],"replies":[{"embeddable":true,"href":"https:\/\/aromasentia.com\/da\/wp-json\/wp\/v2\/comments?post=201532"}],"version-history":[{"count":0,"href":"https:\/\/aromasentia.com\/da\/wp-json\/wp\/v2\/product\/201532\/revisions"}],"wp:featuredmedia":[{"embeddable":true,"href":"https:\/\/aromasentia.com\/da\/wp-json\/wp\/v2\/media\/263678"}],"wp:attachment":[{"href":"https:\/\/aromasentia.com\/da\/wp-json\/wp\/v2\/media?parent=201532"}],"wp:term":[{"taxonomy":"product_brand","embeddable":true,"href":"https:\/\/aromasentia.com\/da\/wp-json\/wp\/v2\/product_brand?post=201532"},{"taxonomy":"product_cat","embeddable":true,"href":"https:\/\/aromasentia.com\/da\/wp-json\/wp\/v2\/product_cat?post=201532"},{"taxonomy":"product_tag","embeddable":true,"href":"https:\/\/aromasentia.com\/da\/wp-json\/wp\/v2\/product_tag?post=201532"}],"curies":[{"name":"wp","href":"https:\/\/api.w.org\/{rel}","templated":true}]}}