{"id":201526,"date":"2025-03-20T14:55:32","date_gmt":"2025-03-20T14:55:32","guid":{"rendered":"https:\/\/aromasentia.com\/product\/100ml-essential-oil-mist-lime-ginger\/"},"modified":"2025-06-22T03:37:57","modified_gmt":"2025-06-22T03:37:57","slug":"lime-og-ingefaer-aeterisk-olie-mist-100ml","status":"publish","type":"product","link":"https:\/\/aromasentia.com\/da\/lime-og-ingefaer-aeterisk-olie-mist-100ml\/","title":{"rendered":"Lime Og Ingef\u00e6r \u00c6terisk Olie Mist &#8211; 100ml"},"content":{"rendered":"<p><strong>Rene \u00e6teriske olier fra lime og ingef\u00e6r er tilsat denne delikate aromaterapi-mist for at fremme en f\u00f8lelse af ro, n\u00e5r det er n\u00f8dvendigt.<\/p>\n<p>Ideel til at forbedre dit hum\u00f8r og fremme en f\u00f8lelse af afslapning og ro n\u00e5r som helst p\u00e5 dagen eller natten.<\/p>\n<p>For at slappe af, spray misten over hovedet eller direkte p\u00e5 senget\u00f8j for at fremme en bedre nattes\u00f8vn.<\/p>\n<p>N\u00f8gleingredienser:<\/p>\n<p><strong>Lime \u00e6terisk olie:<\/strong><\/p>\n<p>Aromatisk er den behagelige citrusduft forfriskende og kan bidrage til at fremme mental klarhed og opmuntre til kreativitet.<\/p>\n<p>Ingef\u00e6r \u00e6terisk olie:<\/p>\n<p>Ingef\u00e6r \u00e6terisk olie er stimulerende og varmende. Det kan forbedre koncentrationen, og det kan lindre og reducere f\u00f8lelser af stress, tristhed, angst, sl\u00f8vhed, agitation, svimmelhed og tr\u00e6thed.<\/p>\n<p><strong>Yorkshire-vand:<\/strong><\/p>\n<p>Det hydrerer ikke kun og smager godt som drikkevand, det forbedrer ogs\u00e5 hudens sundhed og sk\u00f8nhed. Vi mener, at dette vand er en afg\u00f8rende ingrediens i Yorkshire-te og lige s\u00e5 perfekt i Ancient Wisdom Aromatherapy Mists.<\/p>\n","protected":false},"excerpt":{"rendered":"<p>Rene \u00e6teriske olier fra lime og ingef\u00e6r er tilsat denne delikate aromaterapi-mist for at fremme en f\u00f8lelse af ro, n\u00e5r det er n\u00f8dvendigt. Ideel til at forbedre dit hum\u00f8r og fremme en f\u00f8lelse af afslapning og ro n\u00e5r som helst p\u00e5 dagen eller natten. For at slappe af, spray misten over hovedet eller direkte p\u00e5 [&hellip;]<\/p>\n","protected":false},"featured_media":263424,"comment_status":"closed","ping_status":"open","template":"","meta":[],"product_brand":[27094],"product_cat":[7647,6153,25839,25949,26886,25962],"product_tag":[],"class_list":{"0":"post-201526","1":"product","2":"type-product","3":"status-publish","4":"has-post-thumbnail","6":"product_brand-ancient-wisdom","7":"product_cat-aeteriske-olier","8":"product_cat-aromaterapi-og-rumdufte","9":"product_cat-dufte-aromaer","10":"product_cat-ingefaer-dufte-aromaer","11":"product_cat-krydret","12":"product_cat-lime","13":"pa_collection-essential-oil-mists-100ml-da","14":"pa_made-in-storbritannien","15":"pa_size-100ml","17":"first","18":"outofstock","19":"purchasable","20":"product-type-simple"},"supplier_id":null,"supplier_sku":"EOM-06","barcode":null,"atum_controlled":true,"out_stock_date":"2026-02-10 10:28:15","out_stock_threshold":null,"inheritable":false,"inbound_stock":null,"stock_on_hold":0,"sold_today":0,"sales_last_days":0,"reserved_stock":null,"customer_returns":null,"warehouse_damage":null,"lost_in_post":null,"other_logs":null,"out_stock_days":0,"lost_sales":0,"has_location":null,"update_date":"2026-02-10T10:28:18","atum_locations":[],"atum_stock_status":"outofstock","restock_status":false,"low_stock_amount":"","sales_update_date":"2026-02-06T00:02:01","calc_backorders":null,"_links":{"self":[{"href":"https:\/\/aromasentia.com\/da\/wp-json\/wp\/v2\/product\/201526","targetHints":{"allow":["GET"]}}],"collection":[{"href":"https:\/\/aromasentia.com\/da\/wp-json\/wp\/v2\/product"}],"about":[{"href":"https:\/\/aromasentia.com\/da\/wp-json\/wp\/v2\/types\/product"}],"replies":[{"embeddable":true,"href":"https:\/\/aromasentia.com\/da\/wp-json\/wp\/v2\/comments?post=201526"}],"version-history":[{"count":0,"href":"https:\/\/aromasentia.com\/da\/wp-json\/wp\/v2\/product\/201526\/revisions"}],"wp:featuredmedia":[{"embeddable":true,"href":"https:\/\/aromasentia.com\/da\/wp-json\/wp\/v2\/media\/263424"}],"wp:attachment":[{"href":"https:\/\/aromasentia.com\/da\/wp-json\/wp\/v2\/media?parent=201526"}],"wp:term":[{"taxonomy":"product_brand","embeddable":true,"href":"https:\/\/aromasentia.com\/da\/wp-json\/wp\/v2\/product_brand?post=201526"},{"taxonomy":"product_cat","embeddable":true,"href":"https:\/\/aromasentia.com\/da\/wp-json\/wp\/v2\/product_cat?post=201526"},{"taxonomy":"product_tag","embeddable":true,"href":"https:\/\/aromasentia.com\/da\/wp-json\/wp\/v2\/product_tag?post=201526"}],"curies":[{"name":"wp","href":"https:\/\/api.w.org\/{rel}","templated":true}]}}