{"id":201525,"date":"2025-03-20T14:55:32","date_gmt":"2025-03-20T14:55:32","guid":{"rendered":"https:\/\/aromasentia.com\/product\/100ml-essential-oil-mist-lavender-fennel\/"},"modified":"2025-06-22T03:37:57","modified_gmt":"2025-06-22T03:37:57","slug":"lavendel-og-fennikel-aeterisk-olie-mist-100ml","status":"publish","type":"product","link":"https:\/\/aromasentia.com\/da\/lavendel-og-fennikel-aeterisk-olie-mist-100ml\/","title":{"rendered":"Lavendel Og Fennikel \u00c6terisk Olie Mist &#8211; 100ml"},"content":{"rendered":"<p><strong>Ren \u00e6terisk olie fra lavendel og fennikel<\/strong> er tilsat denne delikate aromaterapi-spray for at fremme en f\u00f8lelse af ro, n\u00e5r det er n\u00f8dvendigt.<\/p>\n<p>Ideel til at forbedre dit hum\u00f8r og fremme en f\u00f8lelse af afslapning og ro n\u00e5r som helst p\u00e5 dagen eller natten.<\/p>\n<p>For at slappe af kan du spraye sprayen over hovedet eller direkte p\u00e5 senget\u00f8j for at fremme en bedre nattes\u00f8vn.<\/p>\n<p><strong>Vigtigste ingredienser:<\/strong><\/p>\n<p>Lavendel<\/p>\n<p>Ligesom \u00e6terisk lavendelolie kan hj\u00e6lpe med at forvise angst, kan det ogs\u00e5 v\u00e6re en m\u00e5de at lindre stress p\u00e5. Hvis du f\u00f8ler dig udmattet efter en s\u00e6rlig stressende dag p\u00e5 kontoret, kan det at ind\u00e5nde den afslappende duft af lavendelolie hj\u00e6lpe med at berolige din krop og dit sind.<\/p>\n<p>Fennikel<\/p>\n<p>At sprede \u00e6terisk fennikelolie kan give dig den f\u00f8lelse af fokus, der er n\u00f8dvendig for at v\u00e6re produktiv. For at drage fordel af den energigivende aroma af fennikelolie, kan du bruge den i et diffuser i dit hjem eller p\u00e5 kontoret for at fremme en produktiv dag.<\/p>\n<p><strong>Yorkshire-vand:<\/strong><\/p>\n<p>Det hydrerer ikke kun og smager godt som drikkevand, det forbedrer ogs\u00e5 hudens sundhed og sk\u00f8nhed. Vi mener, at dette vand er en afg\u00f8rende ingrediens i Yorkshire-te og lige s\u00e5 perfekt i Ancient Wisdom Aromatherapy Mists.<\/p>\n<p><strong>Troldn\u00f8d:<\/strong><\/p>\n<p>Troldn\u00f8d tils\u00e6ttes i stedet for alkohol for at opn\u00e5 god fordampning i rummet og senget\u00f8jet. Det er et astringerende middel, der ofte bruges som et naturligt topisk middel. Det indeholder flere forbindelser med potente antiinflammatoriske og antivirale egenskaber.<\/p>\n","protected":false},"excerpt":{"rendered":"<p>Ren \u00e6terisk olie fra lavendel og fennikel er tilsat denne delikate aromaterapi-spray for at fremme en f\u00f8lelse af ro, n\u00e5r det er n\u00f8dvendigt. Ideel til at forbedre dit hum\u00f8r og fremme en f\u00f8lelse af afslapning og ro n\u00e5r som helst p\u00e5 dagen eller natten. For at slappe af kan du spraye sprayen over hovedet eller [&hellip;]<\/p>\n","protected":false},"featured_media":263367,"comment_status":"closed","ping_status":"open","template":"","meta":{"_angie_page":false},"product_brand":[27094],"product_cat":[7647,6153,26830,25839,25946,25957,26858],"product_tag":[],"class_list":{"0":"post-201525","1":"product","2":"type-product","3":"status-publish","4":"has-post-thumbnail","6":"product_brand-ancient-wisdom","7":"product_cat-aeteriske-olier","8":"product_cat-aromaterapi-og-rumdufte","9":"product_cat-blomster","10":"product_cat-dufte-aromaer","11":"product_cat-fennikel","12":"product_cat-lavendel","13":"product_cat-urte-aromatisk","14":"pa_collection-essential-oil-mists-100ml-da","15":"pa_made-in-storbritannien","16":"pa_size-100ml","18":"first","19":"instock","20":"purchasable","21":"product-type-simple"},"supplier_id":null,"supplier_sku":"EOM-05","barcode":null,"atum_controlled":true,"out_stock_date":null,"out_stock_threshold":null,"inheritable":false,"inbound_stock":0,"stock_on_hold":0,"sold_today":0,"sales_last_days":0,"reserved_stock":0,"customer_returns":0,"warehouse_damage":0,"lost_in_post":0,"other_logs":0,"out_stock_days":0,"lost_sales":0,"has_location":false,"update_date":"2026-05-08T05:08:28","atum_locations":[],"atum_stock_status":"instock","restock_status":false,"low_stock_amount":"","sales_update_date":"2026-02-06T00:01:49","calc_backorders":null,"_links":{"self":[{"href":"https:\/\/aromasentia.com\/da\/wp-json\/wp\/v2\/product\/201525","targetHints":{"allow":["GET"]}}],"collection":[{"href":"https:\/\/aromasentia.com\/da\/wp-json\/wp\/v2\/product"}],"about":[{"href":"https:\/\/aromasentia.com\/da\/wp-json\/wp\/v2\/types\/product"}],"replies":[{"embeddable":true,"href":"https:\/\/aromasentia.com\/da\/wp-json\/wp\/v2\/comments?post=201525"}],"version-history":[{"count":0,"href":"https:\/\/aromasentia.com\/da\/wp-json\/wp\/v2\/product\/201525\/revisions"}],"wp:featuredmedia":[{"embeddable":true,"href":"https:\/\/aromasentia.com\/da\/wp-json\/wp\/v2\/media\/263367"}],"wp:attachment":[{"href":"https:\/\/aromasentia.com\/da\/wp-json\/wp\/v2\/media?parent=201525"}],"wp:term":[{"taxonomy":"product_brand","embeddable":true,"href":"https:\/\/aromasentia.com\/da\/wp-json\/wp\/v2\/product_brand?post=201525"},{"taxonomy":"product_cat","embeddable":true,"href":"https:\/\/aromasentia.com\/da\/wp-json\/wp\/v2\/product_cat?post=201525"},{"taxonomy":"product_tag","embeddable":true,"href":"https:\/\/aromasentia.com\/da\/wp-json\/wp\/v2\/product_tag?post=201525"}],"curies":[{"name":"wp","href":"https:\/\/api.w.org\/{rel}","templated":true}]}}