{"id":201523,"date":"2025-03-20T14:56:50","date_gmt":"2025-03-20T14:56:50","guid":{"rendered":"https:\/\/aromasentia.com\/product\/10x-10ml-fennel-essential-oil-unlabelled\/"},"modified":"2025-06-22T03:37:56","modified_gmt":"2025-06-22T03:37:56","slug":"fennikel-aeterisk-olie-uden-etikette-10ml-10stk","status":"publish","type":"product","link":"https:\/\/aromasentia.com\/da\/fennikel-aeterisk-olie-uden-etikette-10ml-10stk\/","title":{"rendered":"Fennikel \u00c6terisk Olie Uden Etikette 10ml \/ 10Stk."},"content":{"rendered":"<p>Find ford\u00f8jelseskomfort og klarhed med denne um\u00e6rkede 10-pak med 10 ml \u00e6terisk fennikelolie. S\u00f8d fennikelolie har en karakteristisk s\u00f8d, jordagtig og anislignende aroma, der traditionelt bruges til at st\u00f8tte en sund ford\u00f8jelse, lette oppustethed og reducere ubehag. Den er ogs\u00e5 kendt for sine afbalancerende og rensende egenskaber. I aromaterapi kan dens duft virke afklarende og beroligende. En unik og st\u00f8ttende olie til dem, der s\u00f8ger naturlig hj\u00e6lp til ford\u00f8jelsen og et strejf af lakridslignende s\u00f8dme i deres aromatiske blandinger, klar til din branding.<\/p>\n","protected":false},"excerpt":{"rendered":"<p>Find ford\u00f8jelseskomfort og klarhed med denne um\u00e6rkede 10-pak med 10 ml \u00e6terisk fennikelolie. S\u00f8d fennikelolie har en karakteristisk s\u00f8d, jordagtig og anislignende aroma, der traditionelt bruges til at st\u00f8tte en sund ford\u00f8jelse, lette oppustethed og reducere ubehag. Den er ogs\u00e5 kendt for sine afbalancerende og rensende egenskaber. I aromaterapi kan dens duft virke afklarende og [&hellip;]<\/p>\n","protected":false},"featured_media":263879,"comment_status":"closed","ping_status":"open","template":"","meta":{"_angie_page":false},"product_brand":[27094],"product_cat":[7647,6153,25839,25946,26858],"product_tag":[],"class_list":{"0":"post-201523","1":"product","2":"type-product","3":"status-publish","4":"has-post-thumbnail","6":"product_brand-ancient-wisdom","7":"product_cat-aeteriske-olier","8":"product_cat-aromaterapi-og-rumdufte","9":"product_cat-dufte-aromaer","10":"product_cat-fennikel","11":"product_cat-urte-aromatisk","12":"pa_collection-gifts-unbranded-essential-oils-da","13":"pa_made-in-ukraine","14":"pa_size-10ml","16":"first","17":"instock","18":"purchasable","19":"product-type-simple"},"supplier_id":null,"supplier_sku":"EOUL-16","barcode":null,"atum_controlled":true,"out_stock_date":null,"out_stock_threshold":null,"inheritable":false,"inbound_stock":null,"stock_on_hold":0,"sold_today":0,"sales_last_days":0,"reserved_stock":null,"customer_returns":null,"warehouse_damage":null,"lost_in_post":null,"other_logs":null,"out_stock_days":9,"lost_sales":0,"has_location":null,"update_date":"2026-04-27T07:01:47","atum_locations":[],"atum_stock_status":"instock","restock_status":false,"low_stock_amount":"","sales_update_date":"2026-01-30T01:24:57","calc_backorders":null,"_links":{"self":[{"href":"https:\/\/aromasentia.com\/da\/wp-json\/wp\/v2\/product\/201523","targetHints":{"allow":["GET"]}}],"collection":[{"href":"https:\/\/aromasentia.com\/da\/wp-json\/wp\/v2\/product"}],"about":[{"href":"https:\/\/aromasentia.com\/da\/wp-json\/wp\/v2\/types\/product"}],"replies":[{"embeddable":true,"href":"https:\/\/aromasentia.com\/da\/wp-json\/wp\/v2\/comments?post=201523"}],"version-history":[{"count":0,"href":"https:\/\/aromasentia.com\/da\/wp-json\/wp\/v2\/product\/201523\/revisions"}],"wp:featuredmedia":[{"embeddable":true,"href":"https:\/\/aromasentia.com\/da\/wp-json\/wp\/v2\/media\/263879"}],"wp:attachment":[{"href":"https:\/\/aromasentia.com\/da\/wp-json\/wp\/v2\/media?parent=201523"}],"wp:term":[{"taxonomy":"product_brand","embeddable":true,"href":"https:\/\/aromasentia.com\/da\/wp-json\/wp\/v2\/product_brand?post=201523"},{"taxonomy":"product_cat","embeddable":true,"href":"https:\/\/aromasentia.com\/da\/wp-json\/wp\/v2\/product_cat?post=201523"},{"taxonomy":"product_tag","embeddable":true,"href":"https:\/\/aromasentia.com\/da\/wp-json\/wp\/v2\/product_tag?post=201523"}],"curies":[{"name":"wp","href":"https:\/\/api.w.org\/{rel}","templated":true}]}}