{"id":201522,"date":"2025-03-20T14:56:50","date_gmt":"2025-03-20T14:56:50","guid":{"rendered":"https:\/\/aromasentia.com\/product\/10x-10ml-blackpepper-essential-oil-unlabelled\/"},"modified":"2025-06-22T03:37:55","modified_gmt":"2025-06-22T03:37:55","slug":"sort-peber-aeterisk-olie-uden-etikette-10ml-10stk","status":"publish","type":"product","link":"https:\/\/aromasentia.com\/da\/sort-peber-aeterisk-olie-uden-etikette-10ml-10stk\/","title":{"rendered":"Sort Peber \u00c6terisk Olie Uden Etikette 10ml \/ 10Stk."},"content":{"rendered":"<p>Giv energi og stimulering med denne um\u00e6rkede 10-pak med 10 ml \u00e6terisk blackpepper-olie. Med sin skarpe, krydrede og varmende aroma er Blackpepper-olie kendt for sin evne til at styrke sindet, forbedre cirkulationen og lindre muskelsmerter. Den kan give et stimulerende boost, n\u00e5r den diffunderes, og bruges ofte i massageblandinger p\u00e5 grund af sine varmende og smertelindrende egenskaber. En potent og fyrig olie, der giver et spark til aromaterapiblandinger, perfekt til dem, der s\u00f8ger en naturlig m\u00e5de at \u00f8ge \u00e5rv\u00e5genhed og lindre ubehag.<\/p>\n","protected":false},"excerpt":{"rendered":"<p>Giv energi og stimulering med denne um\u00e6rkede 10-pak med 10 ml \u00e6terisk blackpepper-olie. Med sin skarpe, krydrede og varmende aroma er Blackpepper-olie kendt for sin evne til at styrke sindet, forbedre cirkulationen og lindre muskelsmerter. Den kan give et stimulerende boost, n\u00e5r den diffunderes, og bruges ofte i massageblandinger p\u00e5 grund af sine varmende og [&hellip;]<\/p>\n","protected":false},"featured_media":263870,"comment_status":"closed","ping_status":"open","template":"","meta":{"_angie_page":false},"product_brand":[27094],"product_cat":[7647,6153,25839,26886,25929],"product_tag":[],"class_list":{"0":"post-201522","1":"product","2":"type-product","3":"status-publish","4":"has-post-thumbnail","6":"product_brand-ancient-wisdom","7":"product_cat-aeteriske-olier","8":"product_cat-aromaterapi-og-rumdufte","9":"product_cat-dufte-aromaer","10":"product_cat-krydret","11":"product_cat-sort-peber","12":"pa_collection-gifts-unbranded-essential-oils-da","13":"pa_made-in-indien","14":"pa_size-10ml","16":"first","17":"instock","18":"purchasable","19":"product-type-simple"},"supplier_id":null,"supplier_sku":"EOUL-15","barcode":null,"atum_controlled":true,"out_stock_date":null,"out_stock_threshold":null,"inheritable":false,"inbound_stock":null,"stock_on_hold":0,"sold_today":0,"sales_last_days":0,"reserved_stock":null,"customer_returns":null,"warehouse_damage":null,"lost_in_post":null,"other_logs":null,"out_stock_days":9,"lost_sales":0,"has_location":null,"update_date":"2026-04-27T07:01:40","atum_locations":[],"atum_stock_status":"instock","restock_status":false,"low_stock_amount":"","sales_update_date":"2026-01-30T01:24:54","calc_backorders":null,"_links":{"self":[{"href":"https:\/\/aromasentia.com\/da\/wp-json\/wp\/v2\/product\/201522","targetHints":{"allow":["GET"]}}],"collection":[{"href":"https:\/\/aromasentia.com\/da\/wp-json\/wp\/v2\/product"}],"about":[{"href":"https:\/\/aromasentia.com\/da\/wp-json\/wp\/v2\/types\/product"}],"replies":[{"embeddable":true,"href":"https:\/\/aromasentia.com\/da\/wp-json\/wp\/v2\/comments?post=201522"}],"version-history":[{"count":0,"href":"https:\/\/aromasentia.com\/da\/wp-json\/wp\/v2\/product\/201522\/revisions"}],"wp:featuredmedia":[{"embeddable":true,"href":"https:\/\/aromasentia.com\/da\/wp-json\/wp\/v2\/media\/263870"}],"wp:attachment":[{"href":"https:\/\/aromasentia.com\/da\/wp-json\/wp\/v2\/media?parent=201522"}],"wp:term":[{"taxonomy":"product_brand","embeddable":true,"href":"https:\/\/aromasentia.com\/da\/wp-json\/wp\/v2\/product_brand?post=201522"},{"taxonomy":"product_cat","embeddable":true,"href":"https:\/\/aromasentia.com\/da\/wp-json\/wp\/v2\/product_cat?post=201522"},{"taxonomy":"product_tag","embeddable":true,"href":"https:\/\/aromasentia.com\/da\/wp-json\/wp\/v2\/product_tag?post=201522"}],"curies":[{"name":"wp","href":"https:\/\/api.w.org\/{rel}","templated":true}]}}