{"id":201520,"date":"2025-03-20T14:56:50","date_gmt":"2025-03-20T14:56:50","guid":{"rendered":"https:\/\/aromasentia.com\/product\/10x-10ml-basil-essential-oil-unlabelled\/"},"modified":"2025-06-22T03:37:53","modified_gmt":"2025-06-22T03:37:53","slug":"basilikum-aeterisk-olie-uden-etikette-10ml-10stk","status":"publish","type":"product","link":"https:\/\/aromasentia.com\/da\/basilikum-aeterisk-olie-uden-etikette-10ml-10stk\/","title":{"rendered":"Basilikum \u00c6terisk Olie Uden Etikette 10ml \/ 10Stk."},"content":{"rendered":"<p><span style=\"color: rgb(75, 80, 88);\">Latinsk navn: Ocimum Basilicum.<br \/>&nbsp;Anvendt plantedel: Blomstrende urt.<br \/>&nbsp;Kilde: Indien.<br \/>&nbsp;Ekstraktionsmetode: Dampdestillation.<\/span><\/p>\n<p><span style=\"color: rgb(75, 80, 88);\">\u00c6terisk basilikumolie dampdestilleres fra bladene og &nbsp;blomstringstoppene p\u00e5 basilikumplanten. Denne gr\u00f8nlig-gule, friskduftende \u00e6teriske olie bruges ofte i aromaterapi til at &nbsp;v\u00e6kke sindet, berolige nerverne og bringe klarhed<br \/>i tanken. Basilikum stammer fra tropisk Asien og Stillehavs\u00f8erne, men dyrkes nu i hele Europa og &nbsp; USA. Basilikumolie siges at v\u00e6re terapeutisk for luftvejene og bruges ofte mod astma, bronkitis og bihulebet\u00e6ndelser. Det bruges til at behandle nervesygdomme og stressrelaterede hovedpiner og migr\u00e6ner. Den formodes at lindre intellektuel tr\u00e6thed, samtidig med at den giver klarhed og mental styrke. Denne olie siges at lindre forstoppelse, kvalme, opkastning, mavekramper og anses for at v\u00e6re god til menstruationsproblemer. Den er nyttig til at lindre gigt, da den hj\u00e6lper med at reducere urinsyre i blodet. Den er nyttig til gigt, opfrisker huden og heler insektbid. Eksperter r\u00e5der dog gravide kvinder og b\u00f8rn under 16 \u00e5r til at undg\u00e5 at bruge denne olie.<\/span><\/p>\n<p><span style=\"color: rgb(75, 80, 88);\">Denne urt er popul\u00e6r i Indien og har v\u00e6ret brugt i b\u00f8n s\u00e5vel som helbredelse i hundredvis af \u00e5r. Plantens blade tygges som en del af b\u00f8nneceremonier, de l\u00e6gges i bl\u00f8d i kokosvand eller vievand for at fordele efter b\u00f8nner i templer. De tygges for at lindre ondt i halsen og hoste. Et afkog lavet af tulasi (basilikum) blade drikkes for at lindre smertefuld hals og luftvejsproblemer.<\/span><\/p>\n","protected":false},"excerpt":{"rendered":"<p>Latinsk navn: Ocimum Basilicum.&nbsp;Anvendt plantedel: Blomstrende urt.&nbsp;Kilde: Indien.&nbsp;Ekstraktionsmetode: Dampdestillation. \u00c6terisk basilikumolie dampdestilleres fra bladene og &nbsp;blomstringstoppene p\u00e5 basilikumplanten. Denne gr\u00f8nlig-gule, friskduftende \u00e6teriske olie bruges ofte i aromaterapi til at &nbsp;v\u00e6kke sindet, berolige nerverne og bringe klarhedi tanken. Basilikum stammer fra tropisk Asien og Stillehavs\u00f8erne, men dyrkes nu i hele Europa og &nbsp; USA. Basilikumolie siges [&hellip;]<\/p>\n","protected":false},"featured_media":263852,"comment_status":"closed","ping_status":"open","template":"","meta":{"_angie_page":false},"product_brand":[27094],"product_cat":[7647,6153,25925,25839,26858],"product_tag":[],"class_list":{"0":"post-201520","1":"product","2":"type-product","3":"status-publish","4":"has-post-thumbnail","6":"product_brand-ancient-wisdom","7":"product_cat-aeteriske-olier","8":"product_cat-aromaterapi-og-rumdufte","9":"product_cat-basilikum","10":"product_cat-dufte-aromaer","11":"product_cat-urte-aromatisk","12":"pa_collection-gifts-unbranded-essential-oils-da","13":"pa_made-in-indien","14":"pa_size-10ml","16":"first","17":"instock","18":"purchasable","19":"product-type-simple"},"supplier_id":null,"supplier_sku":"EOUL-13","barcode":null,"atum_controlled":true,"out_stock_date":null,"out_stock_threshold":null,"inheritable":false,"inbound_stock":0,"stock_on_hold":0,"sold_today":0,"sales_last_days":0,"reserved_stock":0,"customer_returns":0,"warehouse_damage":0,"lost_in_post":0,"other_logs":0,"out_stock_days":0,"lost_sales":0,"has_location":false,"update_date":"2026-04-27T07:01:40","atum_locations":[],"atum_stock_status":"instock","restock_status":false,"low_stock_amount":"","sales_update_date":"2026-01-30T01:25:53","calc_backorders":null,"_links":{"self":[{"href":"https:\/\/aromasentia.com\/da\/wp-json\/wp\/v2\/product\/201520","targetHints":{"allow":["GET"]}}],"collection":[{"href":"https:\/\/aromasentia.com\/da\/wp-json\/wp\/v2\/product"}],"about":[{"href":"https:\/\/aromasentia.com\/da\/wp-json\/wp\/v2\/types\/product"}],"replies":[{"embeddable":true,"href":"https:\/\/aromasentia.com\/da\/wp-json\/wp\/v2\/comments?post=201520"}],"version-history":[{"count":0,"href":"https:\/\/aromasentia.com\/da\/wp-json\/wp\/v2\/product\/201520\/revisions"}],"wp:featuredmedia":[{"embeddable":true,"href":"https:\/\/aromasentia.com\/da\/wp-json\/wp\/v2\/media\/263852"}],"wp:attachment":[{"href":"https:\/\/aromasentia.com\/da\/wp-json\/wp\/v2\/media?parent=201520"}],"wp:term":[{"taxonomy":"product_brand","embeddable":true,"href":"https:\/\/aromasentia.com\/da\/wp-json\/wp\/v2\/product_brand?post=201520"},{"taxonomy":"product_cat","embeddable":true,"href":"https:\/\/aromasentia.com\/da\/wp-json\/wp\/v2\/product_cat?post=201520"},{"taxonomy":"product_tag","embeddable":true,"href":"https:\/\/aromasentia.com\/da\/wp-json\/wp\/v2\/product_tag?post=201520"}],"curies":[{"name":"wp","href":"https:\/\/api.w.org\/{rel}","templated":true}]}}