{"id":201515,"date":"2025-03-20T14:56:50","date_gmt":"2025-03-20T14:56:50","guid":{"rendered":"https:\/\/aromasentia.com\/product\/10x-10ml-geranium-egypt-essential-oil-unlabelled\/"},"modified":"2025-06-22T03:37:50","modified_gmt":"2025-06-22T03:37:50","slug":"geranium-egypten-aeterisk-olie-uden-etikette-10ml-10stk","status":"publish","type":"product","link":"https:\/\/aromasentia.com\/da\/geranium-egypten-aeterisk-olie-uden-etikette-10ml-10stk\/","title":{"rendered":"Geranium (Egypten) \u00c6terisk Olie Uden Etikette 10ml \/ 10Stk."},"content":{"rendered":"<h2>Grosshandel 10x 10ml Geranium (Egypt) Essential Oil &#8211; Unbranded Label <\/h2>\n<p>Forbedr din aromaterapisamling med vores 10x 10ml <a href=\"https:\/\/aromasentia.com\/eoul\" rel=\"noopener noreferrer\" target=\"_blank\"><u>Geranium (Egypt) Essential Oil<\/u><\/a>. Denne olie stammer fra de fineste egyptiske geraniumplanter og giver en dejlig blomsterduft med afbalancerende egenskaber.&nbsp;<\/p>\n<p>Hver flaske leveres med en um\u00e6rket etiket, s\u00e5 du kan personligg\u00f8re og skabe dit eget brand.<strong>&nbsp;Oplev de terapeutiske fordele ved \u00e6terisk geraniumolie i dag, og l\u00f8ft dit velbefindende.<\/strong><\/p>\n<p>&nbsp;<\/p>\n","protected":false},"excerpt":{"rendered":"<p>Grosshandel 10x 10ml Geranium (Egypt) Essential Oil &#8211; Unbranded Label Forbedr din aromaterapisamling med vores 10x 10ml Geranium (Egypt) Essential Oil. Denne olie stammer fra de fineste egyptiske geraniumplanter og giver en dejlig blomsterduft med afbalancerende egenskaber.&nbsp; Hver flaske leveres med en um\u00e6rket etiket, s\u00e5 du kan personligg\u00f8re og skabe dit eget brand.&nbsp;Oplev de terapeutiske [&hellip;]<\/p>\n","protected":false},"featured_media":263807,"comment_status":"closed","ping_status":"open","template":"","meta":{"_angie_page":false},"product_brand":[27094],"product_cat":[7647,6153,26830,25839,25948],"product_tag":[],"class_list":{"0":"post-201515","1":"product","2":"type-product","3":"status-publish","4":"has-post-thumbnail","6":"product_brand-ancient-wisdom","7":"product_cat-aeteriske-olier","8":"product_cat-aromaterapi-og-rumdufte","9":"product_cat-blomster","10":"product_cat-dufte-aromaer","11":"product_cat-geranium","12":"pa_collection-gifts-unbranded-essential-oils-da","13":"pa_made-in-egypten","14":"pa_size-10ml","16":"first","17":"instock","18":"purchasable","19":"product-type-simple"},"supplier_id":null,"supplier_sku":"EOUL-08","barcode":null,"atum_controlled":true,"out_stock_date":null,"out_stock_threshold":null,"inheritable":false,"inbound_stock":null,"stock_on_hold":0,"sold_today":0,"sales_last_days":0,"reserved_stock":null,"customer_returns":null,"warehouse_damage":null,"lost_in_post":null,"other_logs":null,"out_stock_days":0,"lost_sales":0,"has_location":null,"update_date":"2026-04-27T07:01:40","atum_locations":[],"atum_stock_status":"instock","restock_status":false,"low_stock_amount":"","sales_update_date":"2026-01-30T01:24:40","calc_backorders":null,"_links":{"self":[{"href":"https:\/\/aromasentia.com\/da\/wp-json\/wp\/v2\/product\/201515","targetHints":{"allow":["GET"]}}],"collection":[{"href":"https:\/\/aromasentia.com\/da\/wp-json\/wp\/v2\/product"}],"about":[{"href":"https:\/\/aromasentia.com\/da\/wp-json\/wp\/v2\/types\/product"}],"replies":[{"embeddable":true,"href":"https:\/\/aromasentia.com\/da\/wp-json\/wp\/v2\/comments?post=201515"}],"version-history":[{"count":0,"href":"https:\/\/aromasentia.com\/da\/wp-json\/wp\/v2\/product\/201515\/revisions"}],"wp:featuredmedia":[{"embeddable":true,"href":"https:\/\/aromasentia.com\/da\/wp-json\/wp\/v2\/media\/263807"}],"wp:attachment":[{"href":"https:\/\/aromasentia.com\/da\/wp-json\/wp\/v2\/media?parent=201515"}],"wp:term":[{"taxonomy":"product_brand","embeddable":true,"href":"https:\/\/aromasentia.com\/da\/wp-json\/wp\/v2\/product_brand?post=201515"},{"taxonomy":"product_cat","embeddable":true,"href":"https:\/\/aromasentia.com\/da\/wp-json\/wp\/v2\/product_cat?post=201515"},{"taxonomy":"product_tag","embeddable":true,"href":"https:\/\/aromasentia.com\/da\/wp-json\/wp\/v2\/product_tag?post=201515"}],"curies":[{"name":"wp","href":"https:\/\/api.w.org\/{rel}","templated":true}]}}