{"id":201513,"date":"2025-03-20T14:56:50","date_gmt":"2025-03-20T14:56:50","guid":{"rendered":"https:\/\/aromasentia.com\/product\/10x-10ml-ylang-ylang-i-essential-oil-unlabelled\/"},"modified":"2025-06-22T03:37:49","modified_gmt":"2025-06-22T03:37:49","slug":"ylang-ylang-i-aeterisk-olie-uden-etikette-10ml-10stk","status":"publish","type":"product","link":"https:\/\/aromasentia.com\/da\/ylang-ylang-i-aeterisk-olie-uden-etikette-10ml-10stk\/","title":{"rendered":"Ylang Ylang I \u00c6terisk Olie Uden Etikette 10ml \/ 10Stk."},"content":{"rendered":"<h2>Grosshandel 10x 10ml Ylang Ylang I \u00c6terisk Olie &#8211; M\u00e6rkefri etiket til tilpasning<\/h2>\n<p>Forbedr din aromaterapioplevelse med vores 10x 10ml <a href=\"https:\/\/aromasentia.com\/eoul\" rel=\"noopener noreferrer\" target=\"_blank\"><u>Ylang Ylang I \u00c6terisk Olie<\/u><\/a>. Denne f\u00f8rsteklasses olie udvindes af blomsterne fra Ylang Ylang-tr\u00e6et og er kendt for sin rige, blomsteragtige aroma. Med sine mange anvendelsesmuligheder kan den tils\u00e6ttes til diffusorer, massageolier, badeprodukter og meget mere. Hver flaske leveres med en etiket uden m\u00e6rke, s\u00e5 du kan tilpasse og skabe dit eget m\u00e6rke. Oplev de beroligende og opl\u00f8ftende egenskaber ved Ylang Ylang I Essential Oil i dag.<\/p>\n<p><strong>Oplev de beroligende og opl\u00f8ftende egenskaber ved Ylang Ylang I Essential Oil i dag. Giv din aromaterapisamling et l\u00f8ft nu!<\/strong> <\/p>\n","protected":false},"excerpt":{"rendered":"<p>Grosshandel 10x 10ml Ylang Ylang I \u00c6terisk Olie &#8211; M\u00e6rkefri etiket til tilpasning Forbedr din aromaterapioplevelse med vores 10x 10ml Ylang Ylang I \u00c6terisk Olie. Denne f\u00f8rsteklasses olie udvindes af blomsterne fra Ylang Ylang-tr\u00e6et og er kendt for sin rige, blomsteragtige aroma. Med sine mange anvendelsesmuligheder kan den tils\u00e6ttes til diffusorer, massageolier, badeprodukter og meget [&hellip;]<\/p>\n","protected":false},"featured_media":263789,"comment_status":"closed","ping_status":"open","template":"","meta":{"_angie_page":false},"product_brand":[27094],"product_cat":[7647,6153,26830,25839,26001],"product_tag":[],"class_list":{"0":"post-201513","1":"product","2":"type-product","3":"status-publish","4":"has-post-thumbnail","6":"product_brand-ancient-wisdom","7":"product_cat-aeteriske-olier","8":"product_cat-aromaterapi-og-rumdufte","9":"product_cat-blomster","10":"product_cat-dufte-aromaer","11":"product_cat-ylang-ylang","12":"pa_collection-gifts-unbranded-essential-oils-da","13":"pa_made-in-comorerne","14":"pa_size-10ml","16":"first","17":"instock","18":"purchasable","19":"product-type-simple"},"supplier_id":null,"supplier_sku":"EOUL-06","barcode":null,"atum_controlled":true,"out_stock_date":null,"out_stock_threshold":null,"inheritable":false,"inbound_stock":0,"stock_on_hold":0,"sold_today":0,"sales_last_days":0,"reserved_stock":0,"customer_returns":0,"warehouse_damage":0,"lost_in_post":0,"other_logs":0,"out_stock_days":0,"lost_sales":0,"has_location":false,"update_date":"2026-05-11T01:55:51","atum_locations":[],"atum_stock_status":"instock","restock_status":false,"low_stock_amount":"","sales_update_date":"2026-01-30T01:26:38","calc_backorders":null,"_links":{"self":[{"href":"https:\/\/aromasentia.com\/da\/wp-json\/wp\/v2\/product\/201513","targetHints":{"allow":["GET"]}}],"collection":[{"href":"https:\/\/aromasentia.com\/da\/wp-json\/wp\/v2\/product"}],"about":[{"href":"https:\/\/aromasentia.com\/da\/wp-json\/wp\/v2\/types\/product"}],"replies":[{"embeddable":true,"href":"https:\/\/aromasentia.com\/da\/wp-json\/wp\/v2\/comments?post=201513"}],"version-history":[{"count":0,"href":"https:\/\/aromasentia.com\/da\/wp-json\/wp\/v2\/product\/201513\/revisions"}],"wp:featuredmedia":[{"embeddable":true,"href":"https:\/\/aromasentia.com\/da\/wp-json\/wp\/v2\/media\/263789"}],"wp:attachment":[{"href":"https:\/\/aromasentia.com\/da\/wp-json\/wp\/v2\/media?parent=201513"}],"wp:term":[{"taxonomy":"product_brand","embeddable":true,"href":"https:\/\/aromasentia.com\/da\/wp-json\/wp\/v2\/product_brand?post=201513"},{"taxonomy":"product_cat","embeddable":true,"href":"https:\/\/aromasentia.com\/da\/wp-json\/wp\/v2\/product_cat?post=201513"},{"taxonomy":"product_tag","embeddable":true,"href":"https:\/\/aromasentia.com\/da\/wp-json\/wp\/v2\/product_tag?post=201513"}],"curies":[{"name":"wp","href":"https:\/\/api.w.org\/{rel}","templated":true}]}}