{"id":201508,"date":"2025-03-20T14:57:05","date_gmt":"2025-03-20T14:57:05","guid":{"rendered":"https:\/\/aromasentia.com\/product\/10x-10ml-lime-essential-oil-unlabelled\/"},"modified":"2025-06-22T03:37:47","modified_gmt":"2025-06-22T03:37:47","slug":"lime-aeterisk-olie-uden-etikette-10ml-10stk","status":"publish","type":"product","link":"https:\/\/aromasentia.com\/da\/lime-aeterisk-olie-uden-etikette-10ml-10stk\/","title":{"rendered":"Lime \u00c6terisk Olie Uden Etikette 10ml \/ 10Stk."},"content":{"rendered":"<p>Giv dit liv et pift med denne um\u00e6rkede 10-pak med 10 ml Lime Essential Oil. Denne livlige olie er fyldt med en skarp, syrlig, s\u00f8d og intenst forfriskende citrusduft, der \u00f8jeblikkeligt l\u00f8fter hum\u00f8ret og giver energi til sindet. Lime er kendt for sine rensende og tonende egenskaber, der er gavnlige for fedtet hud og for at sk\u00e6re igennem mental t\u00e5ge. En vidunderlig munter og stimulerende olie til diffusion, naturlig reng\u00f8ring eller til at give dine skr\u00e6ddersyede blandinger og hudplejeprodukter et lyst, pikant kick.<\/p>\n","protected":false},"excerpt":{"rendered":"<p>Giv dit liv et pift med denne um\u00e6rkede 10-pak med 10 ml Lime Essential Oil. Denne livlige olie er fyldt med en skarp, syrlig, s\u00f8d og intenst forfriskende citrusduft, der \u00f8jeblikkeligt l\u00f8fter hum\u00f8ret og giver energi til sindet. Lime er kendt for sine rensende og tonende egenskaber, der er gavnlige for fedtet hud og for [&hellip;]<\/p>\n","protected":false},"featured_media":263978,"comment_status":"closed","ping_status":"open","template":"","meta":{"_angie_page":false},"product_brand":[27094],"product_cat":[7647,6153,25839,25962],"product_tag":[],"class_list":{"0":"post-201508","1":"product","2":"type-product","3":"status-publish","4":"has-post-thumbnail","6":"product_brand-ancient-wisdom","7":"product_cat-aeteriske-olier","8":"product_cat-aromaterapi-og-rumdufte","9":"product_cat-dufte-aromaer","10":"product_cat-lime","11":"pa_collection-gifts-unbranded-essential-oils-da","12":"pa_made-in-mexico","13":"pa_size-10ml","15":"first","16":"instock","17":"purchasable","18":"product-type-simple"},"supplier_id":null,"supplier_sku":"EOUL-29","barcode":null,"atum_controlled":true,"out_stock_date":null,"out_stock_threshold":null,"inheritable":false,"inbound_stock":null,"stock_on_hold":0,"sold_today":0,"sales_last_days":0,"reserved_stock":null,"customer_returns":null,"warehouse_damage":null,"lost_in_post":null,"other_logs":null,"out_stock_days":0,"lost_sales":0,"has_location":null,"update_date":"2026-04-27T07:01:47","atum_locations":[],"atum_stock_status":"instock","restock_status":false,"low_stock_amount":"","sales_update_date":"2026-01-30T01:26:03","calc_backorders":null,"_links":{"self":[{"href":"https:\/\/aromasentia.com\/da\/wp-json\/wp\/v2\/product\/201508","targetHints":{"allow":["GET"]}}],"collection":[{"href":"https:\/\/aromasentia.com\/da\/wp-json\/wp\/v2\/product"}],"about":[{"href":"https:\/\/aromasentia.com\/da\/wp-json\/wp\/v2\/types\/product"}],"replies":[{"embeddable":true,"href":"https:\/\/aromasentia.com\/da\/wp-json\/wp\/v2\/comments?post=201508"}],"version-history":[{"count":0,"href":"https:\/\/aromasentia.com\/da\/wp-json\/wp\/v2\/product\/201508\/revisions"}],"wp:featuredmedia":[{"embeddable":true,"href":"https:\/\/aromasentia.com\/da\/wp-json\/wp\/v2\/media\/263978"}],"wp:attachment":[{"href":"https:\/\/aromasentia.com\/da\/wp-json\/wp\/v2\/media?parent=201508"}],"wp:term":[{"taxonomy":"product_brand","embeddable":true,"href":"https:\/\/aromasentia.com\/da\/wp-json\/wp\/v2\/product_brand?post=201508"},{"taxonomy":"product_cat","embeddable":true,"href":"https:\/\/aromasentia.com\/da\/wp-json\/wp\/v2\/product_cat?post=201508"},{"taxonomy":"product_tag","embeddable":true,"href":"https:\/\/aromasentia.com\/da\/wp-json\/wp\/v2\/product_tag?post=201508"}],"curies":[{"name":"wp","href":"https:\/\/api.w.org\/{rel}","templated":true}]}}