{"id":201507,"date":"2025-03-20T14:57:05","date_gmt":"2025-03-20T14:57:05","guid":{"rendered":"https:\/\/aromasentia.com\/product\/10x-10ml-lemongrass-essential-oil-unlabelled\/"},"modified":"2025-06-22T03:37:47","modified_gmt":"2025-06-22T03:37:47","slug":"citrongraes-aeterisk-olie-uden-etikette-10ml-10stk","status":"publish","type":"product","link":"https:\/\/aromasentia.com\/da\/citrongraes-aeterisk-olie-uden-etikette-10ml-10stk\/","title":{"rendered":"Citrongr\u00e6s \u00c6terisk Olie Uden Etikette 10ml \/ 10Stk."},"content":{"rendered":"<p>Opfrisk og rens med denne um\u00e6rkede 10-pak med 10 ml \u00e6terisk citrongr\u00e6solie. Med sin st\u00e6rke, friske, citronagtige og gr\u00e6sagtige urteagtige aroma er citrongr\u00e6s et st\u00e6rkt naturligt deodoriseringsmiddel, insektafvisende og antimikrobielt middel. Den er opl\u00f8ftende og stimulerende og hj\u00e6lper med at \u00f8ge energien, lindre stress og sk\u00e6rpe fokus. Den er ogs\u00e5 god til at opstramme huden og berolige \u00f8mme muskler, og det er en alsidig og levende olie til diffusere, reng\u00f8ringsblandinger og forfriskende kropspleje, som venter p\u00e5 dit personlige pr\u00e6g.<\/p>\n","protected":false},"excerpt":{"rendered":"<p>Opfrisk og rens med denne um\u00e6rkede 10-pak med 10 ml \u00e6terisk citrongr\u00e6solie. Med sin st\u00e6rke, friske, citronagtige og gr\u00e6sagtige urteagtige aroma er citrongr\u00e6s et st\u00e6rkt naturligt deodoriseringsmiddel, insektafvisende og antimikrobielt middel. Den er opl\u00f8ftende og stimulerende og hj\u00e6lper med at \u00f8ge energien, lindre stress og sk\u00e6rpe fokus. Den er ogs\u00e5 god til at opstramme huden [&hellip;]<\/p>\n","protected":false},"featured_media":263969,"comment_status":"closed","ping_status":"open","template":"","meta":{"_angie_page":false},"product_brand":[27094],"product_cat":[7647,6153,25961,25839],"product_tag":[],"class_list":{"0":"post-201507","1":"product","2":"type-product","3":"status-publish","4":"has-post-thumbnail","6":"product_brand-ancient-wisdom","7":"product_cat-aeteriske-olier","8":"product_cat-aromaterapi-og-rumdufte","9":"product_cat-citrongraes","10":"product_cat-dufte-aromaer","11":"pa_collection-gifts-unbranded-essential-oils-da","12":"pa_made-in-indien","13":"pa_size-10ml","15":"first","16":"instock","17":"purchasable","18":"product-type-simple"},"supplier_id":null,"supplier_sku":"EOUL-28","barcode":null,"atum_controlled":true,"out_stock_date":null,"out_stock_threshold":null,"inheritable":false,"inbound_stock":null,"stock_on_hold":0,"sold_today":0,"sales_last_days":0,"reserved_stock":null,"customer_returns":null,"warehouse_damage":null,"lost_in_post":null,"other_logs":null,"out_stock_days":0,"lost_sales":0,"has_location":null,"update_date":"2026-04-27T07:01:47","atum_locations":[],"atum_stock_status":"instock","restock_status":false,"low_stock_amount":"","sales_update_date":"2026-01-30T01:26:17","calc_backorders":null,"_links":{"self":[{"href":"https:\/\/aromasentia.com\/da\/wp-json\/wp\/v2\/product\/201507","targetHints":{"allow":["GET"]}}],"collection":[{"href":"https:\/\/aromasentia.com\/da\/wp-json\/wp\/v2\/product"}],"about":[{"href":"https:\/\/aromasentia.com\/da\/wp-json\/wp\/v2\/types\/product"}],"replies":[{"embeddable":true,"href":"https:\/\/aromasentia.com\/da\/wp-json\/wp\/v2\/comments?post=201507"}],"version-history":[{"count":0,"href":"https:\/\/aromasentia.com\/da\/wp-json\/wp\/v2\/product\/201507\/revisions"}],"wp:featuredmedia":[{"embeddable":true,"href":"https:\/\/aromasentia.com\/da\/wp-json\/wp\/v2\/media\/263969"}],"wp:attachment":[{"href":"https:\/\/aromasentia.com\/da\/wp-json\/wp\/v2\/media?parent=201507"}],"wp:term":[{"taxonomy":"product_brand","embeddable":true,"href":"https:\/\/aromasentia.com\/da\/wp-json\/wp\/v2\/product_brand?post=201507"},{"taxonomy":"product_cat","embeddable":true,"href":"https:\/\/aromasentia.com\/da\/wp-json\/wp\/v2\/product_cat?post=201507"},{"taxonomy":"product_tag","embeddable":true,"href":"https:\/\/aromasentia.com\/da\/wp-json\/wp\/v2\/product_tag?post=201507"}],"curies":[{"name":"wp","href":"https:\/\/api.w.org\/{rel}","templated":true}]}}