{"id":201506,"date":"2025-03-20T14:57:05","date_gmt":"2025-03-20T14:57:05","guid":{"rendered":"https:\/\/aromasentia.com\/product\/10x-10ml-juniperberry-essential-oil-unlabelled\/"},"modified":"2025-06-22T03:37:46","modified_gmt":"2025-06-22T03:37:46","slug":"enebaer-aeterisk-olie-uden-etikette-10ml-10stk","status":"publish","type":"product","link":"https:\/\/aromasentia.com\/da\/enebaer-aeterisk-olie-uden-etikette-10ml-10stk\/","title":{"rendered":"Eneb\u00e6r \u00c6terisk Olie Uden Etikette 10ml \/ 10Stk."},"content":{"rendered":"<p>Rens og opfrisk med denne um\u00e6rkede 10-pak med 10 ml \u00e6terisk olie af eneb\u00e6r. Denne olie har en frisk, spr\u00f8d, tr\u00e6agtig og let s\u00f8dlig-balsamisk aroma, der minder om gin. Eneb\u00e6r er velkendt for sine afgiftende, vanddrivende og rensende egenskaber og bruges ofte til at underst\u00f8tte nyrefunktionen og rense systemet. Dens aroma er afklarende for sindet og kan hj\u00e6lpe med at fjerne negativitet. Et godt valg til detox-blandinger, rensende diffusioner eller til at tilf\u00f8je en ren, harpiksagtig note til dine formuleringer.<\/p>\n","protected":false},"excerpt":{"rendered":"<p>Rens og opfrisk med denne um\u00e6rkede 10-pak med 10 ml \u00e6terisk olie af eneb\u00e6r. Denne olie har en frisk, spr\u00f8d, tr\u00e6agtig og let s\u00f8dlig-balsamisk aroma, der minder om gin. Eneb\u00e6r er velkendt for sine afgiftende, vanddrivende og rensende egenskaber og bruges ofte til at underst\u00f8tte nyrefunktionen og rense systemet. Dens aroma er afklarende for sindet [&hellip;]<\/p>\n","protected":false},"featured_media":263960,"comment_status":"closed","ping_status":"open","template":"","meta":{"_angie_page":false},"product_brand":[27094],"product_cat":[7647,6153,25839,25956,26893],"product_tag":[],"class_list":{"0":"post-201506","1":"product","2":"type-product","3":"status-publish","4":"has-post-thumbnail","6":"product_brand-ancient-wisdom","7":"product_cat-aeteriske-olier","8":"product_cat-aromaterapi-og-rumdufte","9":"product_cat-dufte-aromaer","10":"product_cat-enebaer","11":"product_cat-traeagtig","12":"pa_collection-gifts-unbranded-essential-oils-da","13":"pa_made-in-kroatien","14":"pa_size-10ml","16":"first","17":"instock","18":"purchasable","19":"product-type-simple"},"supplier_id":null,"supplier_sku":"EOUL-27","barcode":null,"atum_controlled":true,"out_stock_date":null,"out_stock_threshold":null,"inheritable":false,"inbound_stock":null,"stock_on_hold":0,"sold_today":0,"sales_last_days":0,"reserved_stock":null,"customer_returns":null,"warehouse_damage":null,"lost_in_post":null,"other_logs":null,"out_stock_days":9,"lost_sales":0,"has_location":null,"update_date":"2026-04-27T07:01:47","atum_locations":[],"atum_stock_status":"instock","restock_status":false,"low_stock_amount":"","sales_update_date":"2026-01-30T01:25:01","calc_backorders":null,"_links":{"self":[{"href":"https:\/\/aromasentia.com\/da\/wp-json\/wp\/v2\/product\/201506","targetHints":{"allow":["GET"]}}],"collection":[{"href":"https:\/\/aromasentia.com\/da\/wp-json\/wp\/v2\/product"}],"about":[{"href":"https:\/\/aromasentia.com\/da\/wp-json\/wp\/v2\/types\/product"}],"replies":[{"embeddable":true,"href":"https:\/\/aromasentia.com\/da\/wp-json\/wp\/v2\/comments?post=201506"}],"version-history":[{"count":0,"href":"https:\/\/aromasentia.com\/da\/wp-json\/wp\/v2\/product\/201506\/revisions"}],"wp:featuredmedia":[{"embeddable":true,"href":"https:\/\/aromasentia.com\/da\/wp-json\/wp\/v2\/media\/263960"}],"wp:attachment":[{"href":"https:\/\/aromasentia.com\/da\/wp-json\/wp\/v2\/media?parent=201506"}],"wp:term":[{"taxonomy":"product_brand","embeddable":true,"href":"https:\/\/aromasentia.com\/da\/wp-json\/wp\/v2\/product_brand?post=201506"},{"taxonomy":"product_cat","embeddable":true,"href":"https:\/\/aromasentia.com\/da\/wp-json\/wp\/v2\/product_cat?post=201506"},{"taxonomy":"product_tag","embeddable":true,"href":"https:\/\/aromasentia.com\/da\/wp-json\/wp\/v2\/product_tag?post=201506"}],"curies":[{"name":"wp","href":"https:\/\/api.w.org\/{rel}","templated":true}]}}